{"id":387345,"date":"2025-06-05T08:46:42","date_gmt":"2025-06-05T07:46:42","guid":{"rendered":"https:\/\/cbscompany.com\/machines\/sin%20categor\u00eda\/maquina-de-impresion-digital-hp-indigo-ws-4500-ano-2007\/"},"modified":"2026-04-16T11:31:11","modified_gmt":"2026-04-16T10:31:11","slug":"maquina-de-impresion-digital-hp-indigo-ws-4500-ano-2007","status":"publish","type":"product","link":"https:\/\/cbscompany.com\/es\/machines\/otras-maquinas\/maquina-de-impresion-digital-hp-indigo-ws-4500-ano-2007\/","title":{"rendered":"M\u00e1quina de impresi\u00f3n digital HP INDIGO WS 4500 a\u00f1o 2007"},"content":{"rendered":"<div class=\"wpb-content-wrapper\"><p>[vc_row content_placement=&#8221;top&#8221;][vc_column css=&#8221;.vc_custom_1532433256788{margin-right: 15px !important;}&#8221; offset=&#8221;vc_col-md-8&#8243;]\n\t\t<div id=\"wd-65fac044c7551\" class=\"title-wrapper wd-wpb wd-set-mb reset-last-child  wd-rs-65fac044c7551 wd-title-color-default wd-title-style-default text-left vc_custom_1710931981129 wd-underline-colored\">\n\t\t\t\n\t\t\t<div class=\"liner-continer\">\n\t\t\t\t<h4 class=\"woodmart-title-container title  wd-font-weight-600 wd-fontsize-m\" >M\u00e1quina de impresi\u00f3n digital HP INDIGO WS 4500 a\u00f1o 2007<\/h4>\n\t\t\t\t\t\t\t<\/div>\n\t\t\t\n\t\t\t\n\t\t\t\n\t\t<\/div>\n\t\t\n\t\t[vc_row_inner css=&#8221;.vc_custom_1628672714565{margin-bottom: 35px !important;border-bottom-width: 0px !important;padding-bottom: 25px !important;border-bottom-color: rgba(129,129,129,0.2) !important;border-bottom-style: solid !important;}&#8221; row_reverse_mobile=&#8221;0&#8243; row_reverse_tablet=&#8221;0&#8243;][vc_column_inner width=&#8221;1\/2&#8243; css=&#8221;.vc_custom_1532346102929{padding-top: 0px !important;}&#8221;][vc_column_text woodmart_inline=&#8221;no&#8221; text_larger=&#8221;no&#8221;]<\/p>\n<ul>\n<li><strong>Marca: HP INDIGO<\/strong><\/li>\n<li><strong>Modelo: WS 4500<\/strong><\/li>\n<li><strong>A\u00f1o de fabricaci\u00f3n: 2007<\/strong><\/li>\n<li><strong>7 colores<\/strong><\/li>\n<li>Velocidad de impresi\u00f3n: 16 m\/min (trabajo a 4 colores) &#8211; 32 m\/min (1 &#8211; 2 colores)<\/li>\n<li>Anchura m\u00e1xima del material: 330 mm<\/li>\n<li>Anchura m\u00ednima del material: 200 mm<\/li>\n<li>Anchura m\u00e1xima de impresi\u00f3n: 308 mm<\/li>\n<li>Repetici\u00f3n m\u00e1xima de impresi\u00f3n: 450 mm<\/li>\n<li>Tipo de soporte: la mayor\u00eda de los principales materiales y papeles pueden imprimirse con una capa de imprimaci\u00f3n para impresi\u00f3n digital<\/li>\n<li>Espesor del sustrato: 20 &#8211; 350 \u00b5<\/li>\n<li>Resoluci\u00f3n: 812 x 812 ppp \/ 812 x 1624 ppp<\/li>\n<li>Control pc<\/li>\n<li>Unidad enfriadora<\/li>\n<\/ul>\n<p>[\/vc_column_text][\/vc_column_inner][vc_column_inner width=&#8221;1\/2&#8243; css=&#8221;.vc_custom_1532346106600{padding-top: 0px !important;}&#8221;][vc_column_text woodmart_inline=&#8221;no&#8221; text_larger=&#8221;no&#8221;]<\/p>\n<ul>\n<li>Desbobinador\/Rebobinador:<\/li>\n<li>Circunferencia: 76,2 mm<\/li>\n<li>Di\u00e1metro de la clavija: 76,2 m<\/li>\n<li>Rodillos neum\u00e1ticos de carga y descarga<\/li>\n<li>Peso m\u00e1x. del rollo: 400 kg <\/li>\n<li>Di\u00e1metro m\u00e1x. del rollo: 1600 mm <\/li>\n<li>HP Indigo Rip: Adobe Postcript 3<\/li>\n<li>Red: 100Base-T<\/li>\n<li>N\u00ba de impresiones\/clics: 114,127,146 <\/li>\n<li>Temperatura ambiente necesaria: 20 &#8211; 25 \u00b0C<\/li>\n<li>Humedad ambiente requerida: 50 &#8211; 70%<\/li>\n<li>Peso: 1750 kg<\/li>\n<li>Dimensiones: (L) 640 cm x (A) 165 cm x (A) 202 cm<\/li>\n<li>Desconectado<\/li>\n<li>Plazo de entrega: por confirmar<\/li>\n<\/ul>\n<p>[\/vc_column_text][\/vc_column_inner][\/vc_row_inner][\/vc_column][vc_column offset=&#8221;vc_col-md-4&#8243;]\t\t\t<div class=\"info-box-wrapper\">\n\t\t\t\t<div id=\"wd-65fabfdc6b962\" class=\" wd-rs-65fabfdc6b962 wd-info-box wd-wpb text-left box-icon-align-left box-style-shadow color-scheme- wd-bg-none wd-off-anim wpb_animate_when_almost_visible wpb_bounceIn bounceIn wd-anim-name_bounceIn wd-items-top \">\n\t\t\t\t\t\t\t\t\t\t<div class=\"info-box-content\">\n\t\t\t\t\t\t<div class=\"info-box-subtitle subtitle-color-default wd-fontsize-xs subtitle-style-default\">Acerca de la m\u00e1quina de impresi\u00f3n digital HP INDIGO WS 4500 del a\u00f1o 2007<\/div><h4 class=\"info-box-title title box-title-style-default wd-fontsize-m\">Informaci\u00f3n sobre la ubicaci\u00f3n<\/h4>\t\t\t\t\t\t<div class=\"info-box-inner reset-last-child\"><p>Disponible en la regi\u00f3n: <strong style=\"color: blue;\"><a href=\"https:\/\/cbscompany.com\/es\/mi-cuenta\/?redirect_to=%2Fes%2Fwp-json%2Fwp%2Fv2%2Fproduct%2F387345\" class=\"simplemodal-login\">Inicia sesi\u00f3n para ver la ubicaci\u00f3n<\/a><\/strong><\/p>\n<\/div>\n\n\t\t\t\t\t\t\t\t\t\t\t<\/div>\n\n\t\t\t\t\t\n\t\t\t\t\t<style>#wd-65fabfdc6b962 .info-box-icon {background-color:  !important;}<\/style>\t\t\t\t<\/div>\n\t\t\t<\/div>\n\t\t[\/vc_column][\/vc_row]<\/p>\n<\/div>","protected":false},"excerpt":{"rendered":"<p>M\u00e1quina de impresi\u00f3n digital HP INDIGO WS 4500 a\u00f1o 2007, 7 colores. Anchura m\u00e1xima de impresi\u00f3n: 308 mm<br \/>\nRepetici\u00f3n m\u00e1xima de impresi\u00f3n: 450 mm. Tipo de sustrato: la mayor\u00eda de los principales materiales y papeles pueden imprimirse con una capa de imprimaci\u00f3n para impresi\u00f3n digital. Equipada con PC de control, unidad de refrigeraci\u00f3n.   <\/p>\n","protected":false},"featured_media":387366,"comment_status":"closed","ping_status":"closed","template":"","meta":{"_acf_changed":false,"om_disable_all_campaigns":false},"year-of-production":[],"product_brand":[],"product_cat":[4021],"product_tag":[4389,4267,4387,4390,4391],"class_list":{"0":"post-387345","1":"product","2":"type-product","3":"status-publish","4":"has-post-thumbnail","6":"product_cat-otras-maquinas","7":"product_tag-7-colores","8":"product_tag-ano-2007","9":"product_tag-hp-indigo","10":"product_tag-maquina-de-impresion-digital","11":"product_tag-ws-4500","13":"first","14":"instock","15":"sold-individually","16":"shipping-taxable","17":"purchasable","18":"product-type-simple"},"acf":[],"_links":{"self":[{"href":"https:\/\/cbscompany.com\/es\/wp-json\/wp\/v2\/product\/387345","targetHints":{"allow":["GET"]}}],"collection":[{"href":"https:\/\/cbscompany.com\/es\/wp-json\/wp\/v2\/product"}],"about":[{"href":"https:\/\/cbscompany.com\/es\/wp-json\/wp\/v2\/types\/product"}],"replies":[{"embeddable":true,"href":"https:\/\/cbscompany.com\/es\/wp-json\/wp\/v2\/comments?post=387345"}],"wp:featuredmedia":[{"embeddable":true,"href":"https:\/\/cbscompany.com\/es\/wp-json\/wp\/v2\/media\/387366"}],"wp:attachment":[{"href":"https:\/\/cbscompany.com\/es\/wp-json\/wp\/v2\/media?parent=387345"}],"wp:term":[{"taxonomy":"year-of-production","embeddable":true,"href":"https:\/\/cbscompany.com\/es\/wp-json\/wp\/v2\/year-of-production?post=387345"},{"taxonomy":"product_brand","embeddable":true,"href":"https:\/\/cbscompany.com\/es\/wp-json\/wp\/v2\/product_brand?post=387345"},{"taxonomy":"product_cat","embeddable":true,"href":"https:\/\/cbscompany.com\/es\/wp-json\/wp\/v2\/product_cat?post=387345"},{"taxonomy":"product_tag","embeddable":true,"href":"https:\/\/cbscompany.com\/es\/wp-json\/wp\/v2\/product_tag?post=387345"}],"curies":[{"name":"wp","href":"https:\/\/api.w.org\/{rel}","templated":true}]}}