{"id":387318,"date":"2025-06-05T08:46:42","date_gmt":"2025-06-05T07:46:42","guid":{"rendered":"https:\/\/cbscompany.com\/machines\/sin%20categor\u00eda\/holweg-modelo-rs2-p-ano-1980\/"},"modified":"2026-04-28T11:23:35","modified_gmt":"2026-04-28T10:23:35","slug":"holweg-modelo-rs2-p-ano-1980","status":"publish","type":"product","link":"https:\/\/cbscompany.com\/es\/machines\/maquinas-para-fabricar-bolsas-de-papel\/maquinas-para-fabricar-bolsas-de-papel-planas-y-tipo-satchel\/holweg-modelo-rs2-p-ano-1980\/","title":{"rendered":"Holweg modelo RS2-P a\u00f1o 1980"},"content":{"rendered":"<div class=\"wpb-content-wrapper\"><p>[vc_row content_placement=&#8221;top&#8221;][vc_column css=&#8221;.vc_custom_1532433256788{margin-right: 15px !important;}&#8221; offset=&#8221;vc_col-md-8&#8243;]\n\t\t<div id=\"wd-65faa72f28a58\" class=\"title-wrapper wd-wpb wd-set-mb reset-last-child  wd-rs-65faa72f28a58 wd-title-color-default wd-title-style-default text-left vc_custom_1710925563186 wd-underline-colored\">\n\t\t\t\n\t\t\t<div class=\"liner-continer\">\n\t\t\t\t<h4 class=\"woodmart-title-container title  wd-font-weight-600 wd-fontsize-m\" >Holweg modelo RS2-P a\u00f1o 1980<\/h4>\n\t\t\t\t\t\t\t<\/div>\n\t\t\t\n\t\t\t\n\t\t\t\n\t\t<\/div>\n\t\t\n\t\t[vc_row_inner css=&#8221;.vc_custom_1628672714565{margin-bottom: 35px !important;border-bottom-width: 0px !important;padding-bottom: 25px !important;border-bottom-color: rgba(129,129,129,0.2) !important;border-bottom-style: solid !important;}&#8221; row_reverse_mobile=&#8221;0&#8243; row_reverse_tablet=&#8221;0&#8243;][vc_column_inner width=&#8221;1\/2&#8243; css=&#8221;.vc_custom_1532346102929{padding-top: 0px !important;}&#8221;][vc_column_text css=&#8221;&#8221; woodmart_inline=&#8221;no&#8221; text_larger=&#8221;no&#8221;]<\/p>\n<ul>\n<li><strong>Marca: Holweg<\/strong><\/li>\n<li><strong>Modelo: RS2-P<\/strong><\/li>\n<li><strong>A\u00f1o: 1980<\/strong><\/li>\n<li><strong>Renovado en 2021<\/strong><\/li>\n<li>Tipo de perforaci\u00f3n<\/li>\n<li>Anchura m\u00edn.-m\u00e1x. de la bolsa: 120 &#8211; 240 mm<\/li>\n<li>Longitud m\u00edn.-m\u00e1x. de la bolsa: 160 &#8211; 340 mm<\/li>\n<li>Gramaje del papel: 30 &#8211; 120 gr<\/li>\n<li>Velocidad m\u00e1xima: 300 bolsas\/min, velocidad real utilizada: 200 &#8211; 250 bolsas\/min<\/li>\n<\/ul>\n<p>[\/vc_column_text][\/vc_column_inner][vc_column_inner width=&#8221;1\/2&#8243; css=&#8221;.vc_custom_1532346106600{padding-top: 0px !important;}&#8221;][vc_column_text woodmart_inline=&#8221;no&#8221; text_larger=&#8221;no&#8221;]<\/p>\n<ul>\n<li>Se incluyen los tama\u00f1os de bolsa 100, 120, 140, 160, 180, 200, 240 mm<\/li>\n<li><strong>Con la impresora en l\u00ednea W&amp;H QMS 992 a\u00f1o 1979<\/strong><br \/>\nimpresora en l\u00ednea de 4 colores, actualmente es posible imprimir en 3 colores (la goma de un cilindro est\u00e1 da\u00f1ada) de momento no est\u00e1 conectada con la m\u00e1quina<\/li>\n<li>Cilindros de impresi\u00f3n: por confirmar<\/li>\n<li>En buenas condiciones de trabajo<\/li>\n<li>Visible en funcionamiento<br \/>\nDisponible inmediatamente<\/li>\n<\/ul>\n<p>[\/vc_column_text][\/vc_column_inner][\/vc_row_inner][\/vc_column][vc_column offset=&#8221;vc_col-md-4&#8243;]\t\t\t<div class=\"info-box-wrapper\">\n\t\t\t\t<div id=\"wd-65faa73b9ab63\" class=\" wd-rs-65faa73b9ab63 wd-info-box wd-wpb text-left box-icon-align-left box-style-shadow color-scheme- wd-bg-none wd-off-anim wpb_animate_when_almost_visible wpb_bounceIn bounceIn wd-anim-name_bounceIn wd-items-top \">\n\t\t\t\t\t\t\t\t\t\t<div class=\"info-box-content\">\n\t\t\t\t\t\t<div class=\"info-box-subtitle subtitle-color-default wd-fontsize-xs subtitle-style-default\">Sobre Holweg modelo RS2-P a\u00f1o 1980<\/div><h4 class=\"info-box-title title box-title-style-default wd-fontsize-m\">Informaci\u00f3n sobre la ubicaci\u00f3n<\/h4>\t\t\t\t\t\t<div class=\"info-box-inner reset-last-child\"><p>Disponible en la regi\u00f3n: <strong style=\"color: blue;\"><a href=\"https:\/\/cbscompany.com\/es\/mi-cuenta\/?redirect_to=%2Fes%2Fwp-json%2Fwp%2Fv2%2Fproduct%2F387318\" class=\"simplemodal-login\">Inicia sesi\u00f3n para ver la ubicaci\u00f3n<\/a><\/strong><\/p>\n<\/div>\n\n\t\t\t\t\t\t\t\t\t\t\t<\/div>\n\n\t\t\t\t\t\n\t\t\t\t\t<style>#wd-65faa73b9ab63 .info-box-icon {background-color:  !important;}<\/style>\t\t\t\t<\/div>\n\t\t\t<\/div>\n\t\t[\/vc_column][\/vc_row]<\/p>\n<\/div>","protected":false},"excerpt":{"rendered":"<p>Holweg modelo RS2-P a\u00f1o 1980 es una m\u00e1quina para hacer bolsas de papel planas. Reacondicionada en 2021. Velocidad m\u00e1xima: 300 bolsas\/min, velocidad real utilizada: 200 &#8211; 250 bolsas\/min. Equipada con impresora en l\u00ednea W&amp;H QMS 992 del a\u00f1o 1979. Visible en funcionamiento. Disponible inmediatamente.     <\/p>\n","protected":false},"featured_media":387333,"comment_status":"closed","ping_status":"closed","template":"","meta":{"_acf_changed":false,"om_disable_all_campaigns":false},"year-of-production":[],"product_brand":[],"product_cat":[4026,4025],"product_tag":[4374,4373,4032,4375,4376],"class_list":{"0":"post-387318","1":"product","2":"type-product","3":"status-publish","4":"has-post-thumbnail","6":"product_cat-maquinas-para-fabricar-bolsas-de-papel","7":"product_cat-maquinas-para-fabricar-bolsas-de-papel-planas-y-tipo-satchel","8":"product_tag-ano-1980","9":"product_tag-con-impresora-en-linea-2","10":"product_tag-holweg","11":"product_tag-modelo-rs2-p","12":"product_tag-renovado-en-2021","14":"first","15":"instock","16":"sold-individually","17":"shipping-taxable","18":"purchasable","19":"product-type-simple"},"acf":[],"_links":{"self":[{"href":"https:\/\/cbscompany.com\/es\/wp-json\/wp\/v2\/product\/387318","targetHints":{"allow":["GET"]}}],"collection":[{"href":"https:\/\/cbscompany.com\/es\/wp-json\/wp\/v2\/product"}],"about":[{"href":"https:\/\/cbscompany.com\/es\/wp-json\/wp\/v2\/types\/product"}],"replies":[{"embeddable":true,"href":"https:\/\/cbscompany.com\/es\/wp-json\/wp\/v2\/comments?post=387318"}],"wp:featuredmedia":[{"embeddable":true,"href":"https:\/\/cbscompany.com\/es\/wp-json\/wp\/v2\/media\/387333"}],"wp:attachment":[{"href":"https:\/\/cbscompany.com\/es\/wp-json\/wp\/v2\/media?parent=387318"}],"wp:term":[{"taxonomy":"year-of-production","embeddable":true,"href":"https:\/\/cbscompany.com\/es\/wp-json\/wp\/v2\/year-of-production?post=387318"},{"taxonomy":"product_brand","embeddable":true,"href":"https:\/\/cbscompany.com\/es\/wp-json\/wp\/v2\/product_brand?post=387318"},{"taxonomy":"product_cat","embeddable":true,"href":"https:\/\/cbscompany.com\/es\/wp-json\/wp\/v2\/product_cat?post=387318"},{"taxonomy":"product_tag","embeddable":true,"href":"https:\/\/cbscompany.com\/es\/wp-json\/wp\/v2\/product_tag?post=387318"}],"curies":[{"name":"wp","href":"https:\/\/api.w.org\/{rel}","templated":true}]}}