{"id":387302,"date":"2025-06-05T08:47:09","date_gmt":"2025-06-05T07:47:09","guid":{"rendered":"https:\/\/cbscompany.com\/machines\/sin%20categor\u00eda\/scae-dimatic-eth-471-hg-110-ano-2019\/"},"modified":"2026-04-06T11:11:42","modified_gmt":"2026-04-06T10:11:42","slug":"scae-dimatic-eth-471-hg-110-ano-2019","status":"publish","type":"product","link":"https:\/\/cbscompany.com\/es\/machines\/soldadoras-de-plastico\/scae-dimatic-eth-471-hg-110-ano-2019\/","title":{"rendered":"Scae Dimatic ETH 471 HG\/110 a\u00f1o 2019"},"content":{"rendered":"<div class=\"wpb-content-wrapper\"><p>[vc_row content_placement=&#8221;top&#8221;][vc_column css=&#8221;.vc_custom_1532433256788{margin-right: 15px !important;}&#8221; offset=&#8221;vc_col-md-8&#8243;]\n\t\t<div id=\"wd-6685069f7286d\" class=\"title-wrapper wd-wpb wd-set-mb reset-last-child  wd-rs-6685069f7286d wd-title-color-default wd-title-style-default text-left vc_custom_1719994020355 wd-underline-colored\">\n\t\t\t\n\t\t\t<div class=\"liner-continer\">\n\t\t\t\t<h4 class=\"woodmart-title-container title  wd-font-weight-600 wd-fontsize-m\" >Scae Dimatic ETH 471 HG\/110 a\u00f1o 2019<\/h4>\n\t\t\t\t\t\t\t<\/div>\n\t\t\t\n\t\t\t\n\t\t\t\n\t\t<\/div>\n\t\t\n\t\t[vc_row_inner css=&#8221;.vc_custom_1628672714565{margin-bottom: 35px !important;border-bottom-width: 0px !important;padding-bottom: 25px !important;border-bottom-color: rgba(129,129,129,0.2) !important;border-bottom-style: solid !important;}&#8221; row_reverse_mobile=&#8221;0&#8243; row_reverse_tablet=&#8221;0&#8243;][vc_column_inner width=&#8221;1\/2&#8243; css=&#8221;.vc_custom_1532346102929{padding-top: 0px !important;}&#8221;][vc_column_text woodmart_inline=&#8221;no&#8221; text_larger=&#8221;no&#8221;]<\/p>\n<ul>\n<li aria-level=\"1\"><b>Marca: Scae<\/b><\/li>\n<li aria-level=\"1\"><b>Modelo: Dimatic ETH 471 HG\/110<\/b><\/li>\n<li aria-level=\"1\"><b>A\u00f1o: 2019<\/b><\/li>\n<li aria-level=\"1\"><b>Para la fabricaci\u00f3n de bolsas wicket con asa troquelada situada en la parte superior o lateral de la bolsa<\/b><\/li>\n<li aria-level=\"1\"><span style=\"font-weight: 400;\">Materiales: PE (25-70 my), CPP (20-50 my)<\/span><\/li>\n<li aria-level=\"1\"><span style=\"font-weight: 400;\">Anchura m\u00edn.-m\u00e1x. de la bobina: 750 &#8211; 1670 mm<\/span><\/li>\n<li aria-level=\"1\"><span style=\"font-weight: 400;\">Anchura m\u00edn.-m\u00e1x. de la bolsa: 150 &#8211; 620 mm<\/span><\/li>\n<li aria-level=\"1\"><span style=\"font-weight: 400;\">Longitud m\u00edn.-m\u00e1x. de la bolsa: 200 &#8211; 800 mm<\/span><\/li>\n<li aria-level=\"1\"><span style=\"font-weight: 400;\">Anchura m\u00edn.-m\u00e1x. del fuelle: 40 &#8211; 180 mm<\/span><\/li>\n<li aria-level=\"1\"><span style=\"font-weight: 400;\">Di\u00e1metro de los orificios de paso: 12 mm<\/span><\/li>\n<li aria-level=\"1\"><span style=\"font-weight: 400;\">Velocidad mec\u00e1nica (sin pel\u00edcula) 300 ciclos\/min<\/span><\/li>\n<li aria-level=\"1\"><span style=\"font-weight: 400;\">Velocidad de la l\u00ednea: 10 &#8211; 110 m\/min<\/span><\/li>\n<li aria-level=\"1\"><span style=\"font-weight: 400;\">Distancia m\u00edn.-m\u00e1x. de los orificios de paso 45 &#8211; 400 mm<\/span><\/li>\n<li aria-level=\"1\"><span style=\"font-weight: 400;\">Anchura de perforaci\u00f3n de la bolsa normal: 90 mm<\/span><\/li>\n<li aria-level=\"1\"><span style=\"font-weight: 400;\">Longitud m\u00e1xima de perforaci\u00f3n de la bolsa normal: 240 mm<\/span><\/li>\n<li><span style=\"font-weight: 400;\">Anchura m\u00e1xima de perforaci\u00f3n Scanpack: 120 mm<\/span><\/li>\n<\/ul>\n<p>[\/vc_column_text][\/vc_column_inner][vc_column_inner width=&#8221;1\/2&#8243; css=&#8221;.vc_custom_1532346106600{padding-top: 0px !important;}&#8221;][vc_column_text css=&#8221;&#8221; woodmart_inline=&#8221;no&#8221; text_larger=&#8221;no&#8221;]<\/p>\n<ul>\n<li style=\"font-weight: 400;\" aria-level=\"1\"><span style=\"font-weight: 400;\">Longitud de perforaci\u00f3n Scanpack: 200 mm<\/span><\/li>\n<li style=\"font-weight: 400;\" aria-level=\"1\"><span style=\"font-weight: 400;\">Asa troquelada: 80&#215;20 mm<\/span><\/li>\n<li style=\"font-weight: 400;\" aria-level=\"1\"><span style=\"font-weight: 400;\">Teleasistencia<\/span><\/li>\n<li style=\"font-weight: 400;\" aria-level=\"1\"><span style=\"font-weight: 400;\">Perforaci\u00f3n de apertura f\u00e1cil servoaccionada<\/span><\/li>\n<li style=\"font-weight: 400;\" aria-level=\"1\"><span style=\"font-weight: 400;\">Desbobinador de accionamiento central para pel\u00edcula principal<\/span><\/li>\n<li style=\"font-weight: 400;\" aria-level=\"1\"><span style=\"font-weight: 400;\">Direcci\u00f3n de desenrollado en sentido horario o antihorario mediante selector<\/span><\/li>\n<li style=\"font-weight: 400;\" aria-level=\"1\"><span style=\"font-weight: 400;\">Bailar\u00edn neum\u00e1tico<\/span><\/li>\n<li style=\"font-weight: 400;\" aria-level=\"1\"><span style=\"font-weight: 400;\">Sensores \u00f3pticos para di\u00e1metro m\u00ednimo e interruptor de parada para rotura de banda y fin de bobina<\/span><\/li>\n<li style=\"font-weight: 400;\" aria-level=\"1\"><span style=\"font-weight: 400;\">Sensor ultras\u00f3nico para sistema de guiado por el borde (FIFE)<\/span><\/li>\n<li style=\"font-weight: 400;\" aria-level=\"1\"><span style=\"font-weight: 400;\">Di\u00e1metro m\u00e1ximo de la bobina: 1000 mm<\/span><\/li>\n<li style=\"font-weight: 400;\" aria-level=\"1\"><span style=\"font-weight: 400;\">Anchura m\u00e1xima de desbobinado: 1600 mm<\/span><\/li>\n<li style=\"font-weight: 400;\" aria-level=\"1\"><span style=\"font-weight: 400;\">Orificios de ventilaci\u00f3n: en forma de cruz<\/span><\/li>\n<li style=\"font-weight: 400;\" aria-level=\"1\"><span style=\"font-weight: 400;\">Di\u00e1metro del ripper de f\u00e1cil apertura: 12 mm<\/span><\/li>\n<li style=\"font-weight: 400;\" aria-level=\"1\"><span style=\"font-weight: 400;\">Visible en producci\u00f3n<\/span><\/li>\n<li style=\"font-weight: 400;\" aria-level=\"1\"><span style=\"font-weight: 400;\">Disponibilidad: por confirmar<\/span><\/li>\n<\/ul>\n<p>[\/vc_column_text][\/vc_column_inner][\/vc_row_inner][\/vc_column][vc_column offset=&#8221;vc_col-md-4&#8243;]\t\t\t<div class=\"info-box-wrapper\">\n\t\t\t\t<div id=\"wd-668506a8808a7\" class=\" wd-rs-668506a8808a7 wd-info-box wd-wpb text-left box-icon-align-left box-style-shadow color-scheme- wd-bg-none wd-off-anim wpb_animate_when_almost_visible wpb_bounceIn bounceIn wd-anim-name_bounceIn wd-items-top \">\n\t\t\t\t\t\t\t\t\t\t<div class=\"info-box-content\">\n\t\t\t\t\t\t<div class=\"info-box-subtitle subtitle-color-default wd-fontsize-xs subtitle-style-default\">Acerca de Scae Dimatic ETH 471 HG\/110 a\u00f1o 2019<\/div><h4 class=\"info-box-title title box-title-style-default wd-fontsize-m\">Informaci\u00f3n sobre la ubicaci\u00f3n<\/h4>\t\t\t\t\t\t<div class=\"info-box-inner reset-last-child\"><p>Disponible en la regi\u00f3n: <strong style=\"color: blue;\"><a href=\/my-account\/?redirect_to=\/es\/wp-json\/wp\/v2\/product\/387302 class=simplemodal-login>Log in to see location<\/a><\/strong><\/p>\n<\/div>\n\n\t\t\t\t\t\t\t\t\t\t\t<\/div>\n\n\t\t\t\t\t\n\t\t\t\t\t<style>#wd-668506a8808a7 .info-box-icon {background-color:  !important;}<\/style>\t\t\t\t<\/div>\n\t\t\t<\/div>\n\t\t[\/vc_column][\/vc_row]<\/p>\n<\/div>","protected":false},"excerpt":{"rendered":"<p>La Scae Dimatic ETH 471 HG\/110 del a\u00f1o 2019 es una soldadora de pl\u00e1stico dise\u00f1ada para la fabricaci\u00f3n de bolsas de mimbre con asa troquelada situada en la parte superior o lateral de la bolsa<b>, <\/b>con rasgador de f\u00e1cil apertura.<\/p>\n","protected":false},"featured_media":387319,"comment_status":"closed","ping_status":"closed","template":"","meta":{"_acf_changed":false,"om_disable_all_campaigns":false},"year-of-production":[],"product_brand":[],"product_cat":[4082],"product_tag":[4222,4370,4372,4152,4371,4368,4153,4226],"class_list":{"0":"post-387302","1":"product","2":"type-product","3":"status-publish","4":"has-post-thumbnail","6":"product_cat-soldadoras-de-plastico","7":"product_tag-ano-2019","8":"product_tag-asa-troquelada","9":"product_tag-bolsa-wicked","10":"product_tag-cpp","11":"product_tag-dimatic-eth-471-hg-110","12":"product_tag-pp","13":"product_tag-scae","14":"product_tag-troquelado","16":"first","17":"instock","18":"sold-individually","19":"shipping-taxable","20":"purchasable","21":"product-type-simple"},"acf":[],"_links":{"self":[{"href":"https:\/\/cbscompany.com\/es\/wp-json\/wp\/v2\/product\/387302","targetHints":{"allow":["GET"]}}],"collection":[{"href":"https:\/\/cbscompany.com\/es\/wp-json\/wp\/v2\/product"}],"about":[{"href":"https:\/\/cbscompany.com\/es\/wp-json\/wp\/v2\/types\/product"}],"replies":[{"embeddable":true,"href":"https:\/\/cbscompany.com\/es\/wp-json\/wp\/v2\/comments?post=387302"}],"wp:featuredmedia":[{"embeddable":true,"href":"https:\/\/cbscompany.com\/es\/wp-json\/wp\/v2\/media\/387319"}],"wp:attachment":[{"href":"https:\/\/cbscompany.com\/es\/wp-json\/wp\/v2\/media?parent=387302"}],"wp:term":[{"taxonomy":"year-of-production","embeddable":true,"href":"https:\/\/cbscompany.com\/es\/wp-json\/wp\/v2\/year-of-production?post=387302"},{"taxonomy":"product_brand","embeddable":true,"href":"https:\/\/cbscompany.com\/es\/wp-json\/wp\/v2\/product_brand?post=387302"},{"taxonomy":"product_cat","embeddable":true,"href":"https:\/\/cbscompany.com\/es\/wp-json\/wp\/v2\/product_cat?post=387302"},{"taxonomy":"product_tag","embeddable":true,"href":"https:\/\/cbscompany.com\/es\/wp-json\/wp\/v2\/product_tag?post=387302"}],"curies":[{"name":"wp","href":"https:\/\/api.w.org\/{rel}","templated":true}]}}