{"id":387277,"date":"2025-06-05T08:47:11","date_gmt":"2025-06-05T07:47:11","guid":{"rendered":"https:\/\/cbscompany.com\/machines\/sin%20categor\u00eda\/extrusora-bielloni-de-3-capas-ano-2000\/"},"modified":"2026-04-16T11:29:59","modified_gmt":"2026-04-16T10:29:59","slug":"extrusora-bielloni-de-3-capas-ano-2000","status":"publish","type":"product","link":"https:\/\/cbscompany.com\/es\/machines\/extrusoras\/extrusoras-de-pelicula-soplada\/extrusora-bielloni-de-3-capas-ano-2000\/","title":{"rendered":"Extrusora Bielloni de 3 capas a\u00f1o 2000"},"content":{"rendered":"<div class=\"wpb-content-wrapper\"><p>[vc_row content_placement=&#8221;top&#8221;][vc_column css=&#8221;.vc_custom_1532433256788{margin-right: 15px !important;}&#8221; offset=&#8221;vc_col-md-8&#8243;]\n\t\t<div id=\"wd-66d7179044b8a\" class=\"title-wrapper wd-wpb wd-set-mb reset-last-child  wd-rs-66d7179044b8a wd-title-color-default wd-title-style-default text-left vc_custom_1725372207211 wd-underline-colored\">\n\t\t\t\n\t\t\t<div class=\"liner-continer\">\n\t\t\t\t<h4 class=\"woodmart-title-container title  wd-font-weight-600 wd-fontsize-m\" >Extrusora Bielloni de 3 capas a\u00f1o 2000<\/h4>\n\t\t\t\t\t\t\t<\/div>\n\t\t\t\n\t\t\t\n\t\t\t\n\t\t<\/div>\n\t\t\n\t\t[vc_row_inner css=&#8221;.vc_custom_1628672714565{margin-bottom: 35px !important;border-bottom-width: 0px !important;padding-bottom: 25px !important;border-bottom-color: rgba(129,129,129,0.2) !important;border-bottom-style: solid !important;}&#8221; row_reverse_mobile=&#8221;0&#8243; row_reverse_tablet=&#8221;0&#8243;][vc_column_inner width=&#8221;1\/2&#8243; css=&#8221;.vc_custom_1532346102929{padding-top: 0px !important;}&#8221;][vc_column_text woodmart_inline=&#8221;no&#8221; text_larger=&#8221;no&#8221;]<\/p>\n<ul>\n<li aria-level=\"1\"><b>Marca: Bielloni<\/b><\/li>\n<li aria-level=\"1\"><b>A\u00f1o:2000<\/b><\/li>\n<li aria-level=\"1\"><b>3 capas<\/b><\/li>\n<li aria-level=\"1\"><span style=\"font-weight: 400;\">Tornillo: OM 65\/80\/65<\/span><\/li>\n<li aria-level=\"1\"><span style=\"font-weight: 400;\">Rebobinador de banda de doble estaci\u00f3n: 2000 mm<\/span><\/li>\n<li aria-level=\"1\"><span style=\"font-weight: 400;\">Troquel de 350 mm<\/span><\/li>\n<li aria-level=\"1\"><span style=\"font-weight: 400;\">Remolque giratorio<\/span><\/li>\n<li aria-level=\"1\"><span style=\"font-weight: 400;\">ASPI: Carretes pesados de 4 x 3 pulgadas, ligeros de 4 x 3 pulgadas<\/span><\/li>\n<li aria-level=\"1\"><span style=\"font-weight: 400;\">Grosor del material: 25 &#8211; 140 mm<\/span><\/li>\n<li aria-level=\"1\"><span style=\"font-weight: 400;\">Rendimiento: 250 kg\/h<\/span><\/li>\n<li aria-level=\"1\"><span style=\"font-weight: 400;\">Control del espesor: CONTREX<\/span><\/li>\n<\/ul>\n<p>[\/vc_column_text][\/vc_column_inner][vc_column_inner width=&#8221;1\/2&#8243; css=&#8221;.vc_custom_1532346106600{padding-top: 0px !important;}&#8221;][vc_column_text woodmart_inline=&#8221;no&#8221; text_larger=&#8221;no&#8221;]<\/p>\n<ul>\n<li style=\"font-weight: 400;\" aria-level=\"1\"><span style=\"font-weight: 400;\">Tratamiento Corona: MARTIGNONI<\/span><\/li>\n<li style=\"font-weight: 400;\" aria-level=\"1\"><span style=\"font-weight: 400;\">2 troqueles 350 disponibles<\/span><\/li>\n<li style=\"font-weight: 400;\" aria-level=\"1\"><span style=\"font-weight: 400;\">Cartelas laterales despu\u00e9s de la impresi\u00f3n (posibilidad de imprimir dentro de las cartelas laterales)<\/span><\/li>\n<li style=\"font-weight: 400;\" aria-level=\"1\"><span style=\"font-weight: 400;\">Gravim\u00e9trico: CONTREX<\/span><\/li>\n<li style=\"font-weight: 400;\" aria-level=\"1\"><span style=\"font-weight: 400;\">Microperforadora no incluida<\/span><\/li>\n<li style=\"font-weight: 400;\" aria-level=\"1\"><span style=\"font-weight: 400;\">Impresora no incluida<\/span><\/li>\n<li style=\"font-weight: 400;\" aria-level=\"1\"><span style=\"font-weight: 400;\">Altura de la m\u00e1quina 10 m<\/span><\/li>\n<li style=\"font-weight: 400;\" aria-level=\"1\"><span style=\"font-weight: 400;\">Esquemas el\u00e9ctricos disponibles<\/span><\/li>\n<li style=\"font-weight: 400;\" aria-level=\"1\"><span style=\"font-weight: 400;\">Visible en producci\u00f3n<\/span><\/li>\n<li style=\"font-weight: 400;\" aria-level=\"1\"><span style=\"font-weight: 400;\">Disponibilidad inmediata<\/span><\/li>\n<\/ul>\n<p>[\/vc_column_text][\/vc_column_inner][\/vc_row_inner][\/vc_column][vc_column offset=&#8221;vc_col-md-4&#8243;]\t\t\t<div class=\"info-box-wrapper\">\n\t\t\t\t<div id=\"wd-66d717a1aeee8\" class=\" wd-rs-66d717a1aeee8 wd-info-box wd-wpb text-left box-icon-align-left box-style-shadow color-scheme- wd-bg-none wd-off-anim wpb_animate_when_almost_visible wpb_bounceIn bounceIn wd-anim-name_bounceIn wd-items-top \">\n\t\t\t\t\t\t\t\t\t\t<div class=\"info-box-content\">\n\t\t\t\t\t\t<div class=\"info-box-subtitle subtitle-color-default wd-fontsize-xs subtitle-style-default\">Acerca de la extrusora Bielloni de 3 capas a\u00f1o 2000<\/div><h4 class=\"info-box-title title box-title-style-default wd-fontsize-m\">Informaci\u00f3n sobre la ubicaci\u00f3n<\/h4>\t\t\t\t\t\t<div class=\"info-box-inner reset-last-child\"><p>Disponible en la regi\u00f3n: <strong style=\"color: blue;\"><a href=\"https:\/\/cbscompany.com\/es\/mi-cuenta\/?redirect_to=%2Fes%2Fwp-json%2Fwp%2Fv2%2Fproduct%2F387277\" class=\"simplemodal-login\">Inicia sesi\u00f3n para ver la ubicaci\u00f3n<\/a><\/strong><\/p>\n<\/div>\n\n\t\t\t\t\t\t\t\t\t\t\t<\/div>\n\n\t\t\t\t\t\n\t\t\t\t\t<style>#wd-66d717a1aeee8 .info-box-icon {background-color:  !important;}<\/style>\t\t\t\t<\/div>\n\t\t\t<\/div>\n\t\t[\/vc_column][\/vc_row]<\/p>\n<\/div>","protected":false},"excerpt":{"rendered":"<p>La extrusora Bielloni de 3 capas del a\u00f1o 2000 est\u00e1 equipada con microperforador y dise\u00f1ada para trabajar con material de 25 &#8211; 140 mm de grosor.<\/p>\n","protected":false},"featured_media":387289,"comment_status":"closed","ping_status":"closed","template":"","meta":{"_acf_changed":false,"om_disable_all_campaigns":false},"year-of-production":[],"product_brand":[],"product_cat":[4187,4240],"product_tag":[4322,4126,4364,4366],"class_list":{"0":"post-387277","1":"product","2":"type-product","3":"status-publish","4":"has-post-thumbnail","6":"product_cat-extrusoras","7":"product_cat-extrusoras-de-pelicula-soplada","8":"product_tag-3-capas-2","9":"product_tag-ano-2000","10":"product_tag-bielloni","11":"product_tag-extrusora","13":"first","14":"instock","15":"featured","16":"sold-individually","17":"shipping-taxable","18":"purchasable","19":"product-type-simple"},"acf":[],"_links":{"self":[{"href":"https:\/\/cbscompany.com\/es\/wp-json\/wp\/v2\/product\/387277","targetHints":{"allow":["GET"]}}],"collection":[{"href":"https:\/\/cbscompany.com\/es\/wp-json\/wp\/v2\/product"}],"about":[{"href":"https:\/\/cbscompany.com\/es\/wp-json\/wp\/v2\/types\/product"}],"replies":[{"embeddable":true,"href":"https:\/\/cbscompany.com\/es\/wp-json\/wp\/v2\/comments?post=387277"}],"wp:featuredmedia":[{"embeddable":true,"href":"https:\/\/cbscompany.com\/es\/wp-json\/wp\/v2\/media\/387289"}],"wp:attachment":[{"href":"https:\/\/cbscompany.com\/es\/wp-json\/wp\/v2\/media?parent=387277"}],"wp:term":[{"taxonomy":"year-of-production","embeddable":true,"href":"https:\/\/cbscompany.com\/es\/wp-json\/wp\/v2\/year-of-production?post=387277"},{"taxonomy":"product_brand","embeddable":true,"href":"https:\/\/cbscompany.com\/es\/wp-json\/wp\/v2\/product_brand?post=387277"},{"taxonomy":"product_cat","embeddable":true,"href":"https:\/\/cbscompany.com\/es\/wp-json\/wp\/v2\/product_cat?post=387277"},{"taxonomy":"product_tag","embeddable":true,"href":"https:\/\/cbscompany.com\/es\/wp-json\/wp\/v2\/product_tag?post=387277"}],"curies":[{"name":"wp","href":"https:\/\/api.w.org\/{rel}","templated":true}]}}