{"id":387276,"date":"2025-06-05T08:45:44","date_gmt":"2025-06-05T07:45:44","guid":{"rendered":"https:\/\/cbscompany.com\/machines\/sin%20categor\u00eda\/saldoflex-modula-2013-s-ano-2017\/"},"modified":"2026-04-16T11:31:07","modified_gmt":"2026-04-16T10:31:07","slug":"saldoflex-modula-2013-s-ano-2017","status":"publish","type":"product","link":"https:\/\/cbscompany.com\/es\/machines\/soldadoras-de-plastico\/saldoflex-modula-2013-s-ano-2017\/","title":{"rendered":"Saldoflex MODULA 2013\/S a\u00f1o 2017"},"content":{"rendered":"<div class=\"wpb-content-wrapper\"><p>[vc_row content_placement=&#8221;top&#8221;][vc_column css=&#8221;.vc_custom_1532433256788{margin-right: 15px !important;}&#8221; offset=&#8221;vc_col-md-8&#8243;]\n\t\t<div id=\"wd-6375efa17e9c5\" class=\"title-wrapper wd-wpb wd-set-mb reset-last-child  wd-rs-6375efa17e9c5 wd-title-color-default wd-title-style-default text-left vc_custom_1668673445879 wd-underline-colored\">\n\t\t\t\n\t\t\t<div class=\"liner-continer\">\n\t\t\t\t<h4 class=\"woodmart-title-container title  wd-font-weight-600 wd-fontsize-m\" >Saldoflex MODULA 2013\/S a\u00f1o 2017<\/h4>\n\t\t\t\t\t\t\t<\/div>\n\t\t\t\n\t\t\t\n\t\t\t\n\t\t<\/div>\n\t\t\n\t\t[vc_row_inner css=&#8221;.vc_custom_1628672714565{margin-bottom: 35px !important;border-bottom-width: 0px !important;padding-bottom: 25px !important;border-bottom-color: rgba(129,129,129,0.2) !important;border-bottom-style: solid !important;}&#8221; row_reverse_mobile=&#8221;0&#8243; row_reverse_tablet=&#8221;0&#8243;][vc_column_inner width=&#8221;1\/2&#8243; css=&#8221;.vc_custom_1532346102929{padding-top: 0px !important;}&#8221;][vc_column_text woodmart_inline=&#8221;no&#8221; text_larger=&#8221;no&#8221;]<\/p>\n<ul>\n<li><strong>Marca:Saldoflex<\/strong><\/li>\n<li><strong>Modelo: MODULA 2013\/S<\/strong><\/li>\n<li><strong>A\u00f1o: 2017<\/strong><\/li>\n<li>Soldadora NON STOP<\/li>\n<li>Nuevo servomotor electr\u00f3nico<\/li>\n<li>Para la producci\u00f3n de bolsas con cierre inferior y bolsas camiseta de hasta cuatro l\u00edneas<\/li>\n<li>Nuevo modelo de mesa &#8221; MF\/2-1350 &#8211; 4P &#8221; para apilar y recoger bolsas equipado con 4 punzonadoras hidr\u00e1ulicas para cortar autom\u00e1ticamente bolsas camiseta de asas llenas<\/li>\n<li>Anchura m\u00e1xima de la pel\u00edcula: 1700 m<\/li>\n<li>Di\u00e1metro m\u00e1x. del rollo 1300 mm<\/li>\n<li>N\u00famero m\u00e1ximo de l\u00edneas de pel\u00edcula 4.<\/li>\n<li>Cuchilla selladora de ranuras de n\u00edquel cromo n\u00ba 3<\/li>\n<li>Velocidad mec\u00e1nica m\u00e1xima: 150 m\/min<\/li>\n<li>Espesor m\u00e1ximo de la pel\u00edcula de soldadura con hendidura|sello 80 micras<\/li>\n<li>Color de pintura de la m\u00e1quina blanco y gris (si no se solicita de otro modo)<\/li>\n<li>Longitud m\u00ednima de la bolsa: 330 mm<\/li>\n<li>Longitud m\u00e1xima de la bolsa: con dispositivo de NO PARO 700 mm, con dispositivo de PAUSA 1200 mm<\/li>\n<li>Anchura m\u00e1xima de soldadura: 1350 mm<\/li>\n<li>Espesor m\u00ednimo de soldadura: 0,010 mm HDPE, 0,015 mm LDPE<\/li>\n<li>Espesor total m\u00e1ximo de soldadura: 0,320 mm<\/li>\n<li>M\u00e1quina de velocidad 280 ciclos\/min<\/li>\n<li>Perforaciones mm: 4&#215;100, 4&#215;150, 6&#215;180, 3&#215;200, 3&#215;220, 2&#215;240<\/li>\n<li>Un \u00fanico puesto de desenrollado<\/li>\n<li>Sistema hidr\u00e1ulico para levantar los rodillos del suelo (sistema sin eje). <\/li>\n<li>Control autom\u00e1tico de la tensi\u00f3n de la pel\u00edcula mediante equipos de rodillos bailarines verticales m\u00faltiples y motorizados<\/li>\n<li>Ruedas de goma<\/li>\n<li>Parada autom\u00e1tica de la m\u00e1quina al final del rollo de pel\u00edcula y con rotura de pel\u00edcula<\/li>\n<\/ul>\n<p>[\/vc_column_text][\/vc_column_inner][vc_column_inner width=&#8221;1\/2&#8243; css=&#8221;.vc_custom_1532346106600{padding-top: 0px !important;}&#8221;][vc_column_text woodmart_inline=&#8221;no&#8221; text_larger=&#8221;no&#8221;]<\/p>\n<ul>\n<li>Posicionamiento hidr\u00e1ulico manual horizontal del rodillo<\/li>\n<li>Alimentaci\u00f3n el\u00e9ctrica 400 voltios, 50 HZ &#8211; 3 fases + toma de tierra<\/li>\n<li>Potencia el\u00e9ctrica total instalada 6 Kw<\/li>\n<li>Presi\u00f3n m\u00edn. del aire comprimido ATE 6<\/li>\n<li>Consumo de aire comprimido NL\/1&#8242; 50<\/li>\n<li>Peso neto: aprox. 1500 kg <\/li>\n<li><strong>Con la nueva impresora flexogr\u00e1fica en l\u00ednea tipo stack Filippini&amp;Paganini 8 colores modelo &#8220;In line Flexol&#8221; tipo 1600&#215;1200<\/strong><\/li>\n<li>N\u00famero de estaciones de impresi\u00f3n: 8<\/li>\n<li>Posibilidades de impresi\u00f3n 8 + 0 \/ 7 + 1 \/ 6 + 2 \/ 5 + 3 \/ 4 + 4<\/li>\n<li>Anchura de impresi\u00f3n m\u00edn-m\u00e1x: 800 -1600 mm<\/li>\n<li>Anchura m\u00e1xima de banda: 1700 mm<\/li>\n<li>Longitud de impresi\u00f3n m\u00edn-m\u00e1x: 400 &#8211; 1200 mm<\/li>\n<li>Velocidad mec\u00e1nica: 160 m\/min<\/li>\n<li>Velocidad de impresi\u00f3n: hasta 150 m.p.m. en funci\u00f3n del tipo y la calidad de los materiales a imprimir, las tintas disolventes, las lacas, la impresi\u00f3n, la longitud de repetici\u00f3n, las planchas, el dise\u00f1o gr\u00e1fico, la cobertura de tinta y la superposici\u00f3n de colores, la calidad de impresi\u00f3n requerida, la velocidad de la m\u00e1quina de hacer bolsas, etc.<\/li>\n<li>Grosor de la cinta adhesiva para la placa 0,55 mm<\/li>\n<li>Grosor de la placa de impresi\u00f3n fotopolim\u00e9rica: 1,14 mm<\/li>\n<li>Anilox: 4&#215;100, 4&#215;120<\/li>\n<li>Rodillos entintadores de goma di\u00e1metro mm. 142<\/li>\n<li>Engranajes de paso de impresi\u00f3n est\u00e1ndar circular de 1 cm de paso<\/li>\n<li>Tintas base disolvente y base agua<\/li>\n<li>Material a imprimir: LDPE y LLDPE: grosor de la pel\u00edcula: 20 a 80 micras x 2 \u00f3 4, HDPE: grosor de la pel\u00edcula: 10 a 80 micras x 2 \u00f3 4.<\/li>\n<li>Tratamiento corona: m\u00edn. 38 dyn|cm<\/li>\n<li>La m\u00e1quina est\u00e1 en perfecto estado, revisada regularmente<\/li>\n<li>Visible en producci\u00f3n<\/li>\n<li>Disponibilidad inmediata<\/li>\n<\/ul>\n<p>[\/vc_column_text][\/vc_column_inner][\/vc_row_inner][\/vc_column][vc_column offset=&#8221;vc_col-md-4&#8243;]\t\t\t<div class=\"info-box-wrapper\">\n\t\t\t\t<div id=\"wd-6375efaed0b22\" class=\" wd-rs-6375efaed0b22 wd-info-box wd-wpb text-left box-icon-align-left box-style-shadow color-scheme- wd-bg-none wd-off-anim wpb_animate_when_almost_visible wpb_bounceIn bounceIn wd-anim-name_bounceIn wd-items-top \">\n\t\t\t\t\t\t\t\t\t\t<div class=\"info-box-content\">\n\t\t\t\t\t\t<div class=\"info-box-subtitle subtitle-color-default wd-fontsize-xs subtitle-style-default\">Sobre Saldoflex MODULA 2013\/S a\u00f1o 2017<\/div><h4 class=\"info-box-title title box-title-style-default wd-fontsize-m\">Informaci\u00f3n sobre la ubicaci\u00f3n<\/h4>\t\t\t\t\t\t<div class=\"info-box-inner reset-last-child\"><p>Disponible en la regi\u00f3n: <strong style=\"color: blue;\"><a href=\"https:\/\/cbscompany.com\/es\/mi-cuenta\/?redirect_to=%2Fes%2Fwp-json%2Fwp%2Fv2%2Fproduct%2F387276\" class=\"simplemodal-login\">Inicia sesi\u00f3n para ver la ubicaci\u00f3n<\/a><\/strong><\/p>\n<\/div>\n\n\t\t\t\t\t\t\t\t\t\t\t<\/div>\n\n\t\t\t\t\t\n\t\t\t\t\t<style>#wd-6375efaed0b22 .info-box-icon {background-color:  !important;}<\/style>\t\t\t\t<\/div>\n\t\t\t<\/div>\n\t\t[\/vc_column][\/vc_row]<\/p>\n<\/div>","protected":false},"excerpt":{"rendered":"<p>La soldadora Saldoflex MODULA 2013\/S NON STOP est\u00e1 dise\u00f1ada para la producci\u00f3n de bolsas con cierre inferior y bolsas camiseta de hasta cuatro l\u00edneas. Equipada con una nueva impresora electr\u00f3nica servoaccionada en l\u00ednea tipo stack Filippini&amp;Paganini de 8 colores. La m\u00e1quina en perfecto estado, mantenimiento regular  <\/p>\n","protected":false},"featured_media":387278,"comment_status":"closed","ping_status":"closed","template":"","meta":{"_acf_changed":false,"om_disable_all_campaigns":false},"year-of-production":[],"product_brand":[],"product_cat":[4082],"product_tag":[4360,4361,4365,4363,4362,4311],"class_list":{"0":"post-387276","1":"product","2":"type-product","3":"status-publish","4":"has-post-thumbnail","6":"product_cat-soldadoras-de-plastico","7":"product_tag-ano-2017","8":"product_tag-con-impresora-en-linea","9":"product_tag-con-servo","10":"product_tag-modula-2013-s","11":"product_tag-saldoflex","12":"product_tag-soldadora-de-plastico","14":"first","15":"instock","16":"sold-individually","17":"shipping-taxable","18":"purchasable","19":"product-type-simple"},"acf":[],"_links":{"self":[{"href":"https:\/\/cbscompany.com\/es\/wp-json\/wp\/v2\/product\/387276","targetHints":{"allow":["GET"]}}],"collection":[{"href":"https:\/\/cbscompany.com\/es\/wp-json\/wp\/v2\/product"}],"about":[{"href":"https:\/\/cbscompany.com\/es\/wp-json\/wp\/v2\/types\/product"}],"replies":[{"embeddable":true,"href":"https:\/\/cbscompany.com\/es\/wp-json\/wp\/v2\/comments?post=387276"}],"wp:featuredmedia":[{"embeddable":true,"href":"https:\/\/cbscompany.com\/es\/wp-json\/wp\/v2\/media\/387278"}],"wp:attachment":[{"href":"https:\/\/cbscompany.com\/es\/wp-json\/wp\/v2\/media?parent=387276"}],"wp:term":[{"taxonomy":"year-of-production","embeddable":true,"href":"https:\/\/cbscompany.com\/es\/wp-json\/wp\/v2\/year-of-production?post=387276"},{"taxonomy":"product_brand","embeddable":true,"href":"https:\/\/cbscompany.com\/es\/wp-json\/wp\/v2\/product_brand?post=387276"},{"taxonomy":"product_cat","embeddable":true,"href":"https:\/\/cbscompany.com\/es\/wp-json\/wp\/v2\/product_cat?post=387276"},{"taxonomy":"product_tag","embeddable":true,"href":"https:\/\/cbscompany.com\/es\/wp-json\/wp\/v2\/product_tag?post=387276"}],"curies":[{"name":"wp","href":"https:\/\/api.w.org\/{rel}","templated":true}]}}