{"id":387211,"date":"2025-06-05T08:46:13","date_gmt":"2025-06-05T07:46:13","guid":{"rendered":"https:\/\/cbscompany.com\/machines\/sin%20categor\u00eda\/taranto-cortadora-rebobinadora-ano-2007-con-microperforadora-en-caliente-fbf-ano-2007-y-macroperforadora-viara-ano-2006\/"},"modified":"2026-04-16T11:33:22","modified_gmt":"2026-04-16T10:33:22","slug":"taranto-cortadora-rebobinadora-ano-2007-con-microperforadora-en-caliente-fbf-ano-2007-y-macroperforadora-viara-ano-2006","status":"publish","type":"product","link":"https:\/\/cbscompany.com\/es\/machines\/cortadoras-y-laminadoras\/cortadoras-rebobinadoras\/taranto-cortadora-rebobinadora-ano-2007-con-microperforadora-en-caliente-fbf-ano-2007-y-macroperforadora-viara-ano-2006\/","title":{"rendered":"TARANTO Cortadora rebobinadora a\u00f1o 2007 con Microperforadora en caliente FBF a\u00f1o 2007 y Macroperforadora VIARA a\u00f1o 2006"},"content":{"rendered":"<div class=\"wpb-content-wrapper\"><p>[vc_row content_placement=&#8221;top&#8221;][vc_column css=&#8221;.vc_custom_1532433256788{margin-right: 15px !important;}&#8221; offset=&#8221;vc_col-md-8&#8243;]\n\t\t<div id=\"wd-655377fa370c9\" class=\"title-wrapper wd-wpb wd-set-mb reset-last-child  wd-rs-655377fa370c9 wd-title-color-default wd-title-style-default text-left vc_custom_1699969031754 wd-underline-colored\">\n\t\t\t\n\t\t\t<div class=\"liner-continer\">\n\t\t\t\t<h4 class=\"woodmart-title-container title  wd-font-weight-600 wd-fontsize-m\" >TARANTO Cortadora rebobinadora a\u00f1o 2007 con Microperforadora en caliente FBF a\u00f1o 2007 y Macroperforadora VIARA a\u00f1o 2006<\/h4>\n\t\t\t\t\t\t\t<\/div>\n\t\t\t\n\t\t\t\n\t\t\t\n\t\t<\/div>\n\t\t\n\t\t[vc_row_inner css=&#8221;.vc_custom_1628672714565{margin-bottom: 35px !important;border-bottom-width: 0px !important;padding-bottom: 25px !important;border-bottom-color: rgba(129,129,129,0.2) !important;border-bottom-style: solid !important;}&#8221; row_reverse_mobile=&#8221;0&#8243; row_reverse_tablet=&#8221;0&#8243;][vc_column_inner width=&#8221;1\/2&#8243; css=&#8221;.vc_custom_1532346102929{padding-top: 0px !important;}&#8221;][vc_column_text woodmart_inline=&#8221;no&#8221; text_larger=&#8221;no&#8221;]<\/p>\n<ul>\n<li aria-level=\"1\"><b>Taranto es una m\u00e1quina dedicada al rebobinado de material. Es una rebobinadora cortadora dise\u00f1ada para micro y macroperforaci\u00f3n, por lo que no es una m\u00e1quina que se adquiera \u00fanicamente para utilizarla como rebobinadora cortadora pura. <\/b><\/li>\n<li aria-level=\"1\"><b>Est\u00e1 dise\u00f1ada con la l\u00f3gica de incorporar micro y macroperforaci\u00f3n. El verdadero valor de la m\u00e1quina reside en la micro y macroperforaci\u00f3n. <\/b><\/li>\n<li aria-level=\"1\"><b>Para este tipo de procesado, puedes trabajar a una velocidad de 80 m\/min. La velocidad viene determinada por la microperforadora y la macroperforadora.  <\/b><\/li>\n<li aria-level=\"1\"><b>Marca: TARANTO Srl<\/b><\/li>\n<li aria-level=\"1\"><b>A\u00f1o: 2007<\/b><\/li>\n<li aria-level=\"1\"><b>Al principio del proceso, ajusta la velocidad de bobinado y establece la longitud necesaria para cada corte.<\/b><\/li>\n<li aria-level=\"1\"><b>Compuesto por desbobinador \/ rebobinador y corte longitudinal por cuchillas  <\/b><\/li>\n<li aria-level=\"1\"><b>Conjunto de cortes: 2-3<\/b><\/li>\n<li aria-level=\"1\"><b>Hay tres pares de palas ancladas detr\u00e1s de la devanadora.<\/b><\/li>\n<li aria-level=\"1\"><b>Hay dos estaciones de bobinado independientes que permiten una excelente flexibilidad de uso. Es posible bobinar de 1 a 3 rollos (inviable para 4 rollos debido a la necesidad de un grupo de cuchillas adicional). <\/b><\/li>\n<li aria-level=\"1\"><b>Cada una de las dos estaciones de bobinado est\u00e1 accionada por un motor deslizante con transmisi\u00f3n por cadena, que garantiza el mantenimiento constante de la tensi\u00f3n.<\/b><\/li>\n<li aria-level=\"1\"><b>Al principio del proceso, ajusta la velocidad de bobinado y establece la longitud necesaria para cada corte.<\/b><\/li>\n<li aria-level=\"1\"><b>Sistema en l\u00ednea para la microperforaci\u00f3n en caliente y la macroperforaci\u00f3n en fr\u00edo<\/b><\/li>\n<li aria-level=\"1\"><span style=\"font-weight: 400;\">Anchura m\u00e1xima de trabajo: 1200 mm  <\/span><\/li>\n<li aria-level=\"1\"><span style=\"font-weight: 400;\">Di\u00e1metro m\u00e1x. bobina de la desbobinadora: 800 mm  <\/span><\/li>\n<li aria-level=\"1\"><span style=\"font-weight: 400;\">Di\u00e1metro m\u00e1x. bobina de la rebobinadora: 800 mm  <\/span><\/li>\n<\/ul>\n<p>[\/vc_column_text][\/vc_column_inner][vc_column_inner width=&#8221;1\/2&#8243; css=&#8221;.vc_custom_1532346106600{padding-top: 0px !important;}&#8221;][vc_column_text woodmart_inline=&#8221;no&#8221; text_larger=&#8221;no&#8221;]<\/p>\n<ul>\n<li><span style=\"font-weight: 400;\">Materiales: grosor de 10 a 200 my (hay que probar el material)  <\/span><\/li>\n<li><span style=\"font-weight: 400;\">Velocidad: m\u00e1x. 100 m \/min<\/span><\/li>\n<li><b>Con FBF caliente Microperforador tipo MFC de 2007 (Italia)<\/b><\/li>\n<li><span style=\"font-weight: 400;\">Mesa: 1200 mm<\/span><\/li>\n<li><span style=\"font-weight: 400;\">Tubos lisos de diferentes tama\u00f1os 5\/10\/15\/20 mm para perforar en bandas alternas lisas\/perforadas<\/span><\/li>\n<li><span style=\"font-weight: 400;\">Portaagujas de bronce MF\/HOT para punzonadora CE498<\/span><\/li>\n<li><span style=\"font-weight: 400;\">Di\u00e1metro interior 99 mm, Di\u00e1metro exterior 110 mm, Di\u00e1metro de la punta 124,4 mm<\/span><\/li>\n<li><span style=\"font-weight: 400;\">Longitud 100\/50\/25 mm<\/span><\/li>\n<li><span style=\"font-weight: 400;\">Di\u00e1metro de la aguja 1,42 mm PUNTA CORTA<\/span><\/li>\n<li><span style=\"font-weight: 400;\">Disposici\u00f3n &#8211; Rombo: diagonal horizontal 3,5 mm x diagonal vertical 8 mm<\/span><\/li>\n<li><span style=\"font-weight: 400;\">Densidad de perforaci\u00f3n D09 (9 agujeros cm^2)<\/span><\/li>\n<li><span style=\"font-weight: 400;\">Velocidad: 90 m\/min<\/span><\/li>\n<li><span style=\"font-weight: 400;\">Consumo de energ\u00eda: 13,5 kW\/380V\/50 Hz<\/span><\/li>\n<li><span style=\"font-weight: 400;\">Peso: 500 kg<\/span><\/li>\n<li><b>Con la macroperforadora VIARA de 2006 (Italia)<\/b><\/li>\n<li><span style=\"font-weight: 400;\">Disposici\u00f3n: s\u00ed<\/span><\/li>\n<li><span style=\"font-weight: 400;\">Los motores de rebobinado son de tipo deslizante y autofriccionantes.<\/span><\/li>\n<li><span style=\"font-weight: 400;\">El desenrollado es un desenrollado normal de tres fases.<\/span><\/li>\n<li><span style=\"font-weight: 400;\">Distanciadores: 2 x 5 mm, 3 x 10 mm, 2 x 30 mm, 7 x 50 mm, 1 x 80 mm, 1 x 90 mm, 1 x 93 mm, 3 x 100 mm, 3 x 185 mm<\/span><\/li>\n<li><span style=\"font-weight: 400;\">Rodillos de perforaci\u00f3n de aguja 4 x 25 mm, 4 x 50 mm, 9 x 100 mm<\/span><\/li>\n<li><span style=\"font-weight: 400;\">Los mercados de consumo pueden incluir fruta, verdura, etc.<\/span><\/li>\n<li><span style=\"font-weight: 400;\">Visible en funcionamiento<\/span><\/li>\n<li><span style=\"font-weight: 400;\">Disponibilidad inmediata<\/span><\/li>\n<li style=\"list-style-type: none;\">\n<\/li>\n<\/ul>\n<ul>\n<li style=\"list-style-type: none;\">\n<\/li>\n<\/ul>\n<p>[\/vc_column_text][\/vc_column_inner][\/vc_row_inner][\/vc_column][vc_column offset=&#8221;vc_col-md-4&#8243;]\t\t\t<div class=\"info-box-wrapper\">\n\t\t\t\t<div id=\"wd-6553780b0d495\" class=\" wd-rs-6553780b0d495 wd-info-box wd-wpb text-left box-icon-align-left box-style-shadow color-scheme- wd-bg-none wd-off-anim wpb_animate_when_almost_visible wpb_bounceIn bounceIn wd-anim-name_bounceIn wd-items-top \">\n\t\t\t\t\t\t\t\t\t\t<div class=\"info-box-content\">\n\t\t\t\t\t\t<div class=\"info-box-subtitle subtitle-color-default wd-fontsize-xs subtitle-style-default\">Acerca de TARANTO Cortadora rebobinadora a\u00f1o 2007 con Microperforadora en caliente FBF a\u00f1o 2007 y Macroperforadora VIARA a\u00f1o 2006<\/div><h4 class=\"info-box-title title box-title-style-default wd-fontsize-m\">Informaci\u00f3n sobre la ubicaci\u00f3n<\/h4>\t\t\t\t\t\t<div class=\"info-box-inner reset-last-child\"><p>Disponible en la regi\u00f3n: <strong style=\"color: blue;\"><a href=\"https:\/\/cbscompany.com\/es\/mi-cuenta\/?redirect_to=%2Fes%2Fwp-json%2Fwp%2Fv2%2Fproduct%2F387211\" class=\"simplemodal-login\">Inicia sesi\u00f3n para ver la ubicaci\u00f3n<\/a><\/strong><\/p>\n<\/div>\n\n\t\t\t\t\t\t\t\t\t\t\t<\/div>\n\n\t\t\t\t\t\n\t\t\t\t\t<style>#wd-6553780b0d495 .info-box-icon {background-color:  !important;}<\/style>\t\t\t\t<\/div>\n\t\t\t<\/div>\n\t\t[\/vc_column][\/vc_row]<\/p>\n<\/div>","protected":false},"excerpt":{"rendered":"<p>TARANTO Rebobinadora cortadora a\u00f1o 2007 con Microperforadora en caliente FBF a\u00f1o 2007 y Macroperforadora VIARA a\u00f1o 2006. Compuesto por desbobinador\/rebobinador y corte longitudinal por cuchillas. Sistema en l\u00ednea para la microperforaci\u00f3n en caliente y la macroperforaci\u00f3n en fr\u00edo. Velocidad m\u00e1xima de 100 m\/min.   <\/p>\n","protected":false},"featured_media":387222,"comment_status":"closed","ping_status":"closed","template":"","meta":{"_acf_changed":false,"om_disable_all_campaigns":false},"year-of-production":[],"product_brand":[],"product_cat":[4027,4028],"product_tag":[4067,4267,4031,4345,4349,4346,4343,4348],"class_list":{"0":"post-387211","1":"product","2":"type-product","3":"status-publish","4":"has-post-thumbnail","6":"product_cat-cortadoras-rebobinadoras","7":"product_cat-cortadoras-y-laminadoras","8":"product_tag-ano-2006","9":"product_tag-ano-2007","10":"product_tag-cortadora-rebobinadora","11":"product_tag-fbf","12":"product_tag-macroperforador","13":"product_tag-microperforadora-en-caliente","14":"product_tag-taranto","15":"product_tag-viara","17":"first","18":"instock","19":"sold-individually","20":"shipping-taxable","21":"purchasable","22":"product-type-simple"},"acf":[],"_links":{"self":[{"href":"https:\/\/cbscompany.com\/es\/wp-json\/wp\/v2\/product\/387211","targetHints":{"allow":["GET"]}}],"collection":[{"href":"https:\/\/cbscompany.com\/es\/wp-json\/wp\/v2\/product"}],"about":[{"href":"https:\/\/cbscompany.com\/es\/wp-json\/wp\/v2\/types\/product"}],"replies":[{"embeddable":true,"href":"https:\/\/cbscompany.com\/es\/wp-json\/wp\/v2\/comments?post=387211"}],"wp:featuredmedia":[{"embeddable":true,"href":"https:\/\/cbscompany.com\/es\/wp-json\/wp\/v2\/media\/387222"}],"wp:attachment":[{"href":"https:\/\/cbscompany.com\/es\/wp-json\/wp\/v2\/media?parent=387211"}],"wp:term":[{"taxonomy":"year-of-production","embeddable":true,"href":"https:\/\/cbscompany.com\/es\/wp-json\/wp\/v2\/year-of-production?post=387211"},{"taxonomy":"product_brand","embeddable":true,"href":"https:\/\/cbscompany.com\/es\/wp-json\/wp\/v2\/product_brand?post=387211"},{"taxonomy":"product_cat","embeddable":true,"href":"https:\/\/cbscompany.com\/es\/wp-json\/wp\/v2\/product_cat?post=387211"},{"taxonomy":"product_tag","embeddable":true,"href":"https:\/\/cbscompany.com\/es\/wp-json\/wp\/v2\/product_tag?post=387211"}],"curies":[{"name":"wp","href":"https:\/\/api.w.org\/{rel}","templated":true}]}}