{"id":387194,"date":"2025-06-05T08:46:13","date_gmt":"2025-06-05T07:46:13","guid":{"rendered":"https:\/\/cbscompany.com\/machines\/sin%20categor\u00eda\/soldadora-lemo-modelo-intermat-s-850-dkt-ct-ano-2008\/"},"modified":"2026-04-16T11:31:07","modified_gmt":"2026-04-16T10:31:07","slug":"soldadora-lemo-modelo-intermat-s-850-dkt-ct-ano-2008","status":"publish","type":"product","link":"https:\/\/cbscompany.com\/es\/machines\/soldadoras-de-plastico\/soldadora-lemo-modelo-intermat-s-850-dkt-ct-ano-2008\/","title":{"rendered":"Soldadora Lemo modelo INTERmat S 850 DKT\/CT a\u00f1o 2008"},"content":{"rendered":"<div class=\"wpb-content-wrapper\"><p>[vc_row content_placement=&#8221;top&#8221;][vc_column css=&#8221;.vc_custom_1532433256788{margin-right: 15px !important;}&#8221; offset=&#8221;vc_col-md-8&#8243;]\n\t\t<div id=\"wd-6557685d68e47\" class=\"title-wrapper wd-wpb wd-set-mb reset-last-child  wd-rs-6557685d68e47 wd-title-color-default wd-title-style-default text-left vc_custom_1700227173653 wd-underline-colored\">\n\t\t\t\n\t\t\t<div class=\"liner-continer\">\n\t\t\t\t<h4 class=\"woodmart-title-container title  wd-font-weight-600 wd-fontsize-m\" >Soldadora Lemo modelo INTERmat S 850 DKT\/CT a\u00f1o 2008<br \/>\n<\/h4>\n\t\t\t\t\t\t\t<\/div>\n\t\t\t\n\t\t\t\n\t\t\t\n\t\t<\/div>\n\t\t\n\t\t[vc_row_inner css=&#8221;.vc_custom_1628672714565{margin-bottom: 35px !important;border-bottom-width: 0px !important;padding-bottom: 25px !important;border-bottom-color: rgba(129,129,129,0.2) !important;border-bottom-style: solid !important;}&#8221; row_reverse_mobile=&#8221;0&#8243; row_reverse_tablet=&#8221;0&#8243;][vc_column_inner width=&#8221;1\/2&#8243; css=&#8221;.vc_custom_1532346102929{padding-top: 0px !important;}&#8221;][vc_column_text woodmart_inline=&#8221;no&#8221; text_larger=&#8221;no&#8221;]<\/p>\n<ul>\n<li><strong>Marca: Lemo<\/strong><\/li>\n<li><strong>Modelo: INTERmat S 850 DKT\/CT<\/strong><\/li>\n<li><strong>A\u00f1o: 2008<\/strong><\/li>\n<li><strong>Produce bolsas con\/sin refuerzo, con\/sin pliegue inferior<\/strong><\/li>\n<li>Anchura m\u00edn.-m\u00e1x. de la bolsa: 220 &#8211; 660 mm<\/li>\n<li>Longitud m\u00edn.-m\u00e1x. de la bolsa: 300 &#8211; 730 mm<\/li>\n<li>Pliegue inferior: 0 &#8211; 90 mm<\/li>\n<li>Desbobinador: sin eje<\/li>\n<li>Anchura m\u00e1xima de la pel\u00edcula: 1600 mm<\/li>\n<\/ul>\n<p>[\/vc_column_text][\/vc_column_inner][vc_column_inner width=&#8221;1\/2&#8243; css=&#8221;.vc_custom_1532346106600{padding-top: 0px !important;}&#8221;][vc_column_text woodmart_inline=&#8221;no&#8221; text_larger=&#8221;no&#8221;]<\/p>\n<ul>\n<li>Di\u00e1metro m\u00e1ximo del rollo: 1200 mm<\/li>\n<li>Peso m\u00e1ximo del rollo: 1800 mm<\/li>\n<li>Capacidad: 16200 piezas\/h, 270 t\/h<\/li>\n<li>Espesor de la pel\u00edcula: 0,025 &#8211; 0,090 mm<\/li>\n<li>Tipo de soldadura lateral: simple<\/li>\n<li>Borde en l\u00ednea: s\u00ed<\/li>\n<li>Perforaci\u00f3n: no<\/li>\n<li>Documentaci\u00f3n t\u00e9cnica: s\u00ed<\/li>\n<li>Visible en la producci\u00f3n<\/li>\n<li>Disponibilidad inmediata<\/li>\n<\/ul>\n<p>[\/vc_column_text][\/vc_column_inner][\/vc_row_inner][\/vc_column][vc_column offset=&#8221;vc_col-md-4&#8243;]\t\t\t<div class=\"info-box-wrapper\">\n\t\t\t\t<div id=\"wd-655768688e49c\" class=\" wd-rs-655768688e49c wd-info-box wd-wpb text-left box-icon-align-left box-style-shadow color-scheme- wd-bg-none wd-off-anim wpb_animate_when_almost_visible wpb_bounceIn bounceIn wd-anim-name_bounceIn wd-items-top \">\n\t\t\t\t\t\t\t\t\t\t<div class=\"info-box-content\">\n\t\t\t\t\t\t<div class=\"info-box-subtitle subtitle-color-default wd-fontsize-xs subtitle-style-default\">Sobre la soldadora Lemo modelo INTERmat S 850 DKT\/CT a\u00f1o 2008<br \/>\n<\/div><h4 class=\"info-box-title title box-title-style-default wd-fontsize-m\">Informaci\u00f3n sobre la ubicaci\u00f3n<\/h4>\t\t\t\t\t\t<div class=\"info-box-inner reset-last-child\"><p>Disponible en la regi\u00f3n: <strong style=\"color: blue;\"><a href=\"https:\/\/cbscompany.com\/es\/mi-cuenta\/?redirect_to=%2Fes%2Fwp-json%2Fwp%2Fv2%2Fproduct%2F387194\" class=\"simplemodal-login\">Inicia sesi\u00f3n para ver la ubicaci\u00f3n<\/a><\/strong><\/p>\n<\/div>\n\n\t\t\t\t\t\t\t\t\t\t\t<\/div>\n\n\t\t\t\t\t\n\t\t\t\t\t<style>#wd-655768688e49c .info-box-icon {background-color:  !important;}<\/style>\t\t\t\t<\/div>\n\t\t\t<\/div>\n\t\t[\/vc_column][\/vc_row]<\/p>\n<\/div>","protected":false},"excerpt":{"rendered":"<p>La soldadora Lemo modelo INTERmat S 850 DKT\/CT del a\u00f1o 2008 es para la producci\u00f3n de bolsas con\/sin refuerzo, con\/sin pliegue inferior. Capacidad: 16200 piezas\/h, 270 t\/h. Hay documentaci\u00f3n t\u00e9cnica.  <\/p>\n","protected":false},"featured_media":387195,"comment_status":"closed","ping_status":"closed","template":"","meta":{"_acf_changed":false,"om_disable_all_campaigns":false},"year-of-production":[],"product_brand":[],"product_cat":[4082],"product_tag":[4171,4338,4339,4337,4340],"class_list":{"0":"post-387194","1":"product","2":"type-product","3":"status-publish","4":"has-post-thumbnail","6":"product_cat-soldadoras-de-plastico","7":"product_tag-ano-2008","8":"product_tag-lemo","9":"product_tag-maquina-de-soldar","10":"product_tag-modelo-intermat-s-850-dkt-ct","11":"product_tag-plastico","13":"first","14":"instock","15":"sold-individually","16":"shipping-taxable","17":"purchasable","18":"product-type-simple"},"acf":[],"_links":{"self":[{"href":"https:\/\/cbscompany.com\/es\/wp-json\/wp\/v2\/product\/387194","targetHints":{"allow":["GET"]}}],"collection":[{"href":"https:\/\/cbscompany.com\/es\/wp-json\/wp\/v2\/product"}],"about":[{"href":"https:\/\/cbscompany.com\/es\/wp-json\/wp\/v2\/types\/product"}],"replies":[{"embeddable":true,"href":"https:\/\/cbscompany.com\/es\/wp-json\/wp\/v2\/comments?post=387194"}],"wp:featuredmedia":[{"embeddable":true,"href":"https:\/\/cbscompany.com\/es\/wp-json\/wp\/v2\/media\/387195"}],"wp:attachment":[{"href":"https:\/\/cbscompany.com\/es\/wp-json\/wp\/v2\/media?parent=387194"}],"wp:term":[{"taxonomy":"year-of-production","embeddable":true,"href":"https:\/\/cbscompany.com\/es\/wp-json\/wp\/v2\/year-of-production?post=387194"},{"taxonomy":"product_brand","embeddable":true,"href":"https:\/\/cbscompany.com\/es\/wp-json\/wp\/v2\/product_brand?post=387194"},{"taxonomy":"product_cat","embeddable":true,"href":"https:\/\/cbscompany.com\/es\/wp-json\/wp\/v2\/product_cat?post=387194"},{"taxonomy":"product_tag","embeddable":true,"href":"https:\/\/cbscompany.com\/es\/wp-json\/wp\/v2\/product_tag?post=387194"}],"curies":[{"name":"wp","href":"https:\/\/api.w.org\/{rel}","templated":true}]}}