{"id":387093,"date":"2025-07-21T14:29:36","date_gmt":"2025-07-21T13:29:36","guid":{"rendered":"https:\/\/cbscompany.com\/machines\/sin%20categor\u00eda\/bielloni-monoextrusora-100-ano-2001\/"},"modified":"2026-04-06T11:10:40","modified_gmt":"2026-04-06T10:10:40","slug":"bielloni-monoextrusora-100-ano-2001","status":"publish","type":"product","link":"https:\/\/cbscompany.com\/es\/machines\/extrusoras\/extrusoras-de-pelicula-soplada\/bielloni-monoextrusora-100-ano-2001\/","title":{"rendered":"Bielloni monoextrusora 100 a\u00f1o 2001"},"content":{"rendered":"<div class=\"wpb-content-wrapper\"><p>[vc_row content_placement=&#8221;top&#8221;][vc_column css=&#8221;.vc_custom_1532433256788{margin-right: 15px !important;}&#8221; offset=&#8221;vc_col-md-8&#8243;]\n\t\t<div id=\"wd-687e3f32b67cb\" class=\"title-wrapper wd-wpb wd-set-mb reset-last-child  wd-rs-687e3f32b67cb wd-title-color-default wd-title-style-default text-left vc_custom_1753104183575 wd-underline-colored\">\n\t\t\t\n\t\t\t<div class=\"liner-continer\">\n\t\t\t\t<h4 class=\"woodmart-title-container title  wd-font-weight-600 wd-fontsize-m\" >Bielloni monoextrusora 100 a\u00f1o 2001<\/h4>\n\t\t\t\t\t\t\t<\/div>\n\t\t\t\n\t\t\t\n\t\t\t\n\t\t<\/div>\n\t\t\n\t\t[vc_row_inner css=&#8221;.vc_custom_1628672714565{margin-bottom: 35px !important;border-bottom-width: 0px !important;padding-bottom: 25px !important;border-bottom-color: rgba(129,129,129,0.2) !important;border-bottom-style: solid !important;}&#8221; row_reverse_mobile=&#8221;0&#8243; row_reverse_tablet=&#8221;0&#8243;][vc_column_inner width=&#8221;1\/2&#8243; css=&#8221;.vc_custom_1532346102929{padding-top: 0px !important;}&#8221;][vc_column_text css=&#8221;&#8221; woodmart_inline=&#8221;no&#8221; text_larger=&#8221;no&#8221;]<\/p>\n<ul>\n<li aria-level=\"1\"><b>Marca: Bielloni Castello Italia<\/b><\/li>\n<li aria-level=\"1\"><b>A\u00f1o: 2001<\/b><\/li>\n<li aria-level=\"1\"><span style=\"font-weight: 400;\">Para la producci\u00f3n de l\u00e1minas tubulares con fuelle, adecuadas para la producci\u00f3n de bolsas de basura y fundas retr\u00e1ctiles<\/span><\/li>\n<li aria-level=\"1\"><span style=\"font-weight: 400;\">Materiales: PEBD 50 &#8211; 200 my<\/span><\/li>\n<li aria-level=\"1\"><span style=\"font-weight: 400;\">Anchura m\u00e1xima de la pel\u00edcula: 1800 mm<\/span><\/li>\n<li aria-level=\"1\"><span style=\"font-weight: 400;\">Producci\u00f3n 240 kg\/h<\/span><\/li>\n<li aria-level=\"1\"><span style=\"font-weight: 400;\">Di\u00e1metro del tornillo: 100 mm<\/span><\/li>\n<li aria-level=\"1\"><span style=\"font-weight: 400;\">Potencia del motor 172 kW<\/span><\/li>\n<li aria-level=\"1\"><span style=\"font-weight: 400;\">Alimentaci\u00f3n CC<\/span><\/li>\n<li aria-level=\"1\"><span style=\"font-weight: 400;\">Di\u00e1metro fijo del cabezal: 350 mm<\/span><\/li>\n<li aria-level=\"1\"><span style=\"font-weight: 400;\">Anillo de aire: Alpha Maraton (modificado por Innoplast 2013)<\/span><\/li>\n<li><span style=\"font-weight: 400;\">Control del espesor: Innoplast<\/span><\/li>\n<\/ul>\n<p>[\/vc_column_text][\/vc_column_inner][vc_column_inner width=&#8221;1\/2&#8243; css=&#8221;.vc_custom_1532346106600{padding-top: 0px !important;}&#8221;][vc_column_text css=&#8221;&#8221; woodmart_inline=&#8221;no&#8221; text_larger=&#8221;no&#8221;]<\/p>\n<ul>\n<li style=\"font-weight: 400;\" aria-level=\"1\"><span style=\"font-weight: 400;\">Sistema IBC<\/span><\/li>\n<li style=\"font-weight: 400;\" aria-level=\"1\"><span style=\"font-weight: 400;\">Gu\u00eda de pel\u00edculas: FIFE<\/span><\/li>\n<li style=\"font-weight: 400;\" aria-level=\"1\"><span style=\"font-weight: 400;\">Cesta de calibraci\u00f3n<\/span><\/li>\n<li style=\"font-weight: 400;\" aria-level=\"1\"><span style=\"font-weight: 400;\">Transporte arreglado<\/span><\/li>\n<li style=\"font-weight: 400;\" aria-level=\"1\"><span style=\"font-weight: 400;\">Desbobinador de bobina simple: Rev\u00f3lver Bielloni<\/span><\/li>\n<li style=\"font-weight: 400;\" aria-level=\"1\"><span style=\"font-weight: 400;\">Di\u00e1metro de la bobina: 800 mm<\/span><\/li>\n<li style=\"font-weight: 400;\" aria-level=\"1\"><span style=\"font-weight: 400;\">Velocidad: 20 m\/min<\/span><\/li>\n<li style=\"font-weight: 400;\" aria-level=\"1\"><span style=\"font-weight: 400;\">Ning\u00fan castillo<\/span><\/li>\n<li style=\"font-weight: 400;\" aria-level=\"1\"><span style=\"font-weight: 400;\">Altura actualmente en uso: 13.000 mm<\/span><\/li>\n<li style=\"font-weight: 400;\" aria-level=\"1\"><span style=\"font-weight: 400;\">La m\u00e1quina lleva parada unos 4 a\u00f1os.  <\/span><span style=\"font-weight: 400;\">Visible en funcionamiento en caso de inter\u00e9s grave<\/span><\/li>\n<li style=\"font-weight: 400;\" aria-level=\"1\"><span style=\"font-weight: 400;\">Disponibilidad inmediata<\/span><\/li>\n<\/ul>\n<p>[\/vc_column_text][\/vc_column_inner][\/vc_row_inner][\/vc_column][vc_column offset=&#8221;vc_col-md-4&#8243;]\t\t\t<div class=\"info-box-wrapper\">\n\t\t\t\t<div id=\"wd-687e3ff47453e\" class=\" wd-rs-687e3ff47453e wd-info-box wd-wpb text-left box-icon-align-left box-style-shadow color-scheme- wd-bg-none wd-off-anim wpb_animate_when_almost_visible wpb_bounceIn bounceIn wd-anim-name_bounceIn wd-items-top \">\n\t\t\t\t\t\t\t\t\t\t<div class=\"info-box-content\">\n\t\t\t\t\t\t<div class=\"info-box-subtitle subtitle-color-default wd-fontsize-xs subtitle-style-default\">Acerca de la monoextrusora Bielloni 100 a\u00f1o 2001<\/div><h4 class=\"info-box-title title box-title-style-default wd-fontsize-m\">Informaci\u00f3n sobre la ubicaci\u00f3n<\/h4>\t\t\t\t\t\t<div class=\"info-box-inner reset-last-child\"><p>Disponible en la regi\u00f3n: <strong style=\"color: blue;\"><a href=\"https:\/\/cbscompany.com\/es\/mi-cuenta\/?redirect_to=%2Fes%2Fwp-json%2Fwp%2Fv2%2Fproduct%2F387093\" class=\"simplemodal-login\">Inicia sesi\u00f3n para ver la ubicaci\u00f3n<\/a><\/strong><\/p>\n<\/div>\n\n\t\t\t\t\t\t\t\t\t\t\t<\/div>\n\n\t\t\t\t\t\n\t\t\t\t\t<style>#wd-687e3ff47453e .info-box-icon {background-color:  !important;}<\/style>\t\t\t\t<\/div>\n\t\t\t<\/div>\n\t\t[\/vc_column][\/vc_row]<\/p>\n<\/div>","protected":false},"excerpt":{"rendered":"<p>Bielloni 100 es una monoextrusora dise\u00f1ada para LDPE. La producci\u00f3n de la m\u00e1quina es de 240 kg\/h. <\/p>\n","protected":false},"featured_media":387148,"comment_status":"closed","ping_status":"closed","template":"","meta":{"_acf_changed":false,"om_disable_all_campaigns":false},"year-of-production":[],"product_brand":[],"product_cat":[4187,4240],"product_tag":[4320,4316,4317,4150,4319],"class_list":{"0":"post-387093","1":"product","2":"type-product","3":"status-publish","4":"has-post-thumbnail","6":"product_cat-extrusoras","7":"product_cat-extrusoras-de-pelicula-soplada","8":"product_tag-240-kg-de-produccion","9":"product_tag-ano-2001","10":"product_tag-castillo-bielloni","11":"product_tag-ldpe","12":"product_tag-modelo-100","14":"first","15":"instock","16":"sold-individually","17":"shipping-taxable","18":"product-type-simple"},"acf":[],"_links":{"self":[{"href":"https:\/\/cbscompany.com\/es\/wp-json\/wp\/v2\/product\/387093","targetHints":{"allow":["GET"]}}],"collection":[{"href":"https:\/\/cbscompany.com\/es\/wp-json\/wp\/v2\/product"}],"about":[{"href":"https:\/\/cbscompany.com\/es\/wp-json\/wp\/v2\/types\/product"}],"replies":[{"embeddable":true,"href":"https:\/\/cbscompany.com\/es\/wp-json\/wp\/v2\/comments?post=387093"}],"wp:featuredmedia":[{"embeddable":true,"href":"https:\/\/cbscompany.com\/es\/wp-json\/wp\/v2\/media\/387148"}],"wp:attachment":[{"href":"https:\/\/cbscompany.com\/es\/wp-json\/wp\/v2\/media?parent=387093"}],"wp:term":[{"taxonomy":"year-of-production","embeddable":true,"href":"https:\/\/cbscompany.com\/es\/wp-json\/wp\/v2\/year-of-production?post=387093"},{"taxonomy":"product_brand","embeddable":true,"href":"https:\/\/cbscompany.com\/es\/wp-json\/wp\/v2\/product_brand?post=387093"},{"taxonomy":"product_cat","embeddable":true,"href":"https:\/\/cbscompany.com\/es\/wp-json\/wp\/v2\/product_cat?post=387093"},{"taxonomy":"product_tag","embeddable":true,"href":"https:\/\/cbscompany.com\/es\/wp-json\/wp\/v2\/product_tag?post=387093"}],"curies":[{"name":"wp","href":"https:\/\/api.w.org\/{rel}","templated":true}]}}