{"id":387092,"date":"2025-07-21T14:06:30","date_gmt":"2025-07-21T13:06:30","guid":{"rendered":"https:\/\/cbscompany.com\/machines\/sin%20categor\u00eda\/monoextrusora-bielloni-100-ano-2000\/"},"modified":"2026-04-06T11:10:40","modified_gmt":"2026-04-06T10:10:40","slug":"monoextrusora-bielloni-100-ano-2000","status":"publish","type":"product","link":"https:\/\/cbscompany.com\/es\/machines\/extrusoras\/extrusoras-de-pelicula-soplada\/monoextrusora-bielloni-100-ano-2000\/","title":{"rendered":"Monoextrusora Bielloni 100 a\u00f1o 2000"},"content":{"rendered":"<div class=\"wpb-content-wrapper\"><p>[vc_row content_placement=&#8221;top&#8221;][vc_column css=&#8221;.vc_custom_1532433256788{margin-right: 15px !important;}&#8221; offset=&#8221;vc_col-md-8&#8243;]\n\t\t<div id=\"wd-687e38164a12f\" class=\"title-wrapper wd-wpb wd-set-mb reset-last-child  wd-rs-687e38164a12f wd-title-color-default wd-title-style-default text-left vc_custom_1753102381336 wd-underline-colored\">\n\t\t\t\n\t\t\t<div class=\"liner-continer\">\n\t\t\t\t<h4 class=\"woodmart-title-container title  wd-font-weight-600 wd-fontsize-m\" >Monoextrusora Bielloni 100 a\u00f1o 2000<\/h4>\n\t\t\t\t\t\t\t<\/div>\n\t\t\t\n\t\t\t\n\t\t\t\n\t\t<\/div>\n\t\t\n\t\t[vc_row_inner css=&#8221;.vc_custom_1628672714565{margin-bottom: 35px !important;border-bottom-width: 0px !important;padding-bottom: 25px !important;border-bottom-color: rgba(129,129,129,0.2) !important;border-bottom-style: solid !important;}&#8221; row_reverse_mobile=&#8221;0&#8243; row_reverse_tablet=&#8221;0&#8243;][vc_column_inner width=&#8221;1\/2&#8243; css=&#8221;.vc_custom_1532346102929{padding-top: 0px !important;}&#8221;][vc_column_text css=&#8221;&#8221; woodmart_inline=&#8221;no&#8221; text_larger=&#8221;no&#8221;]<\/p>\n<ul>\n<li aria-level=\"1\"><b>Marca: Bielloni Castello Italia<\/b><\/li>\n<li aria-level=\"1\"><b>A\u00f1o: 2000<\/b><\/li>\n<li aria-level=\"1\"><strong>Modelo 100\/30<\/strong><\/li>\n<li aria-level=\"1\"><span style=\"font-weight: 400;\">Para la producci\u00f3n de l\u00e1minas tubulares con fuelle, adecuadas para la producci\u00f3n de bolsas de basura y fundas retr\u00e1ctiles<\/span><\/li>\n<li aria-level=\"1\"><span style=\"font-weight: 400;\">Materiales: PEBD 50 &#8211; 200 my<\/span><\/li>\n<li aria-level=\"1\"><span style=\"font-weight: 400;\">Anchura m\u00e1xima de la pel\u00edcula: 1800 mm<\/span><\/li>\n<li aria-level=\"1\"><span style=\"font-weight: 400;\">Producci\u00f3n 240 kg\/h<\/span><\/li>\n<li aria-level=\"1\"><span style=\"font-weight: 400;\">Di\u00e1metro del tornillo: 100 mm<\/span><\/li>\n<li aria-level=\"1\"><span style=\"font-weight: 400;\">Potencia del motor 172 kW<\/span><\/li>\n<li aria-level=\"1\"><span style=\"font-weight: 400;\">Alimentaci\u00f3n CC<\/span><\/li>\n<li aria-level=\"1\"><span style=\"font-weight: 400;\">Di\u00e1metro fijo del cabezal: 400 mm<\/span><\/li>\n<li aria-level=\"1\"><span style=\"font-weight: 400;\">Anillo de aire: Alpha Maraton (modificado por Innoplast 2013)<\/span><\/li>\n<\/ul>\n<p>[\/vc_column_text][\/vc_column_inner][vc_column_inner width=&#8221;1\/2&#8243; css=&#8221;.vc_custom_1532346106600{padding-top: 0px !important;}&#8221;][vc_column_text css=&#8221;&#8221; woodmart_inline=&#8221;no&#8221; text_larger=&#8221;no&#8221;]<\/p>\n<ul>\n<li style=\"font-weight: 400;\" aria-level=\"1\"><span style=\"font-weight: 400;\">Control del espesor: Innoplast<\/span><\/li>\n<li style=\"font-weight: 400;\" aria-level=\"1\"><span style=\"font-weight: 400;\">Sistema IBC<\/span><\/li>\n<li style=\"font-weight: 400;\" aria-level=\"1\"><span style=\"font-weight: 400;\">Gu\u00eda de pel\u00edculas: FIFE<\/span><\/li>\n<li style=\"font-weight: 400;\" aria-level=\"1\"><span style=\"font-weight: 400;\">Cesta de calibraci\u00f3n<\/span><\/li>\n<li style=\"font-weight: 400;\" aria-level=\"1\"><span style=\"font-weight: 400;\">Transporte arreglado<\/span><\/li>\n<li style=\"font-weight: 400;\" aria-level=\"1\"><span style=\"font-weight: 400;\">Desbobinador de bobina simple: Rev\u00f3lver Bielloni<\/span><\/li>\n<li style=\"font-weight: 400;\" aria-level=\"1\"><span style=\"font-weight: 400;\">Di\u00e1metro de la bobina: 800 mm<\/span><\/li>\n<li style=\"font-weight: 400;\" aria-level=\"1\"><span style=\"font-weight: 400;\">Velocidad: 20 m\/min<\/span><\/li>\n<li style=\"font-weight: 400;\" aria-level=\"1\"><span style=\"font-weight: 400;\">Ning\u00fan castillo<\/span><\/li>\n<li style=\"font-weight: 400;\" aria-level=\"1\"><span style=\"font-weight: 400;\">Altura actualmente en uso: 13.000 mm<\/span><\/li>\n<li style=\"font-weight: 400;\" aria-level=\"1\"><span style=\"font-weight: 400;\">La m\u00e1quina lleva parada unos 4 a\u00f1os.  <\/span><span style=\"font-weight: 400;\">Visible en funcionamiento en caso de inter\u00e9s grave<\/span><\/li>\n<li style=\"font-weight: 400;\" aria-level=\"1\"><span style=\"font-weight: 400;\">Disponibilidad inmediata<\/span><\/li>\n<\/ul>\n<p>[\/vc_column_text][\/vc_column_inner][\/vc_row_inner][\/vc_column][vc_column offset=&#8221;vc_col-md-4&#8243;]\t\t\t<div class=\"info-box-wrapper\">\n\t\t\t\t<div id=\"wd-687e3a1f9377d\" class=\" wd-rs-687e3a1f9377d wd-info-box wd-wpb text-left box-icon-align-left box-style-shadow color-scheme- wd-bg-none wd-off-anim wpb_animate_when_almost_visible wpb_bounceIn bounceIn wd-anim-name_bounceIn wd-items-top \">\n\t\t\t\t\t\t\t\t\t\t<div class=\"info-box-content\">\n\t\t\t\t\t\t<div class=\"info-box-subtitle subtitle-color-default wd-fontsize-xs subtitle-style-default\">Acerca de la monoextrusora Bielloni 100 a\u00f1o 2000<\/div><h4 class=\"info-box-title title box-title-style-default wd-fontsize-m\">Informaci\u00f3n sobre la ubicaci\u00f3n<\/h4>\t\t\t\t\t\t<div class=\"info-box-inner reset-last-child\"><p>Disponible en la regi\u00f3n: <strong style=\"color: blue;\"><a href=\/my-account\/?redirect_to=\/es\/wp-json\/wp\/v2\/product\/387092 class=simplemodal-login>Log in to see location<\/a><\/strong><\/p>\n<\/div>\n\n\t\t\t\t\t\t\t\t\t\t\t<\/div>\n\n\t\t\t\t\t\n\t\t\t\t\t<style>#wd-687e3a1f9377d .info-box-icon {background-color:  !important;}<\/style>\t\t\t\t<\/div>\n\t\t\t<\/div>\n\t\t[\/vc_column][\/vc_row]<\/p>\n<\/div>","protected":false},"excerpt":{"rendered":"<p>Bielloni 100 es una monoextrusora dise\u00f1ada para LDPE. La producci\u00f3n de la m\u00e1quina es de <span style=\"font-weight: 400;\">240 kg\/h. <\/span>  <\/p>\n","protected":false},"featured_media":387157,"comment_status":"closed","ping_status":"closed","template":"","meta":{"_acf_changed":false,"om_disable_all_campaigns":false},"year-of-production":[],"product_brand":[],"product_cat":[4187,4240],"product_tag":[4321,4126,4317,4318,4150],"class_list":{"0":"post-387092","1":"product","2":"type-product","3":"status-publish","4":"has-post-thumbnail","6":"product_cat-extrusoras","7":"product_cat-extrusoras-de-pelicula-soplada","8":"product_tag-anchura-de-la-pelicula-1800-mm","9":"product_tag-ano-2000","10":"product_tag-castillo-bielloni","11":"product_tag-con-sistema-ibc","12":"product_tag-ldpe","14":"first","15":"instock","16":"sold-individually","17":"shipping-taxable","18":"purchasable","19":"product-type-simple"},"acf":[],"_links":{"self":[{"href":"https:\/\/cbscompany.com\/es\/wp-json\/wp\/v2\/product\/387092","targetHints":{"allow":["GET"]}}],"collection":[{"href":"https:\/\/cbscompany.com\/es\/wp-json\/wp\/v2\/product"}],"about":[{"href":"https:\/\/cbscompany.com\/es\/wp-json\/wp\/v2\/types\/product"}],"replies":[{"embeddable":true,"href":"https:\/\/cbscompany.com\/es\/wp-json\/wp\/v2\/comments?post=387092"}],"wp:featuredmedia":[{"embeddable":true,"href":"https:\/\/cbscompany.com\/es\/wp-json\/wp\/v2\/media\/387157"}],"wp:attachment":[{"href":"https:\/\/cbscompany.com\/es\/wp-json\/wp\/v2\/media?parent=387092"}],"wp:term":[{"taxonomy":"year-of-production","embeddable":true,"href":"https:\/\/cbscompany.com\/es\/wp-json\/wp\/v2\/year-of-production?post=387092"},{"taxonomy":"product_brand","embeddable":true,"href":"https:\/\/cbscompany.com\/es\/wp-json\/wp\/v2\/product_brand?post=387092"},{"taxonomy":"product_cat","embeddable":true,"href":"https:\/\/cbscompany.com\/es\/wp-json\/wp\/v2\/product_cat?post=387092"},{"taxonomy":"product_tag","embeddable":true,"href":"https:\/\/cbscompany.com\/es\/wp-json\/wp\/v2\/product_tag?post=387092"}],"curies":[{"name":"wp","href":"https:\/\/api.w.org\/{rel}","templated":true}]}}