{"id":387082,"date":"2025-08-06T13:36:28","date_gmt":"2025-08-06T12:36:28","guid":{"rendered":"https:\/\/cbscompany.com\/machines\/sin%20categor\u00eda\/uteco-amatista-140-ci-8-colores-para-papel-ano-2002\/"},"modified":"2026-04-06T11:10:38","modified_gmt":"2026-04-06T10:10:38","slug":"uteco-amatista-140-ci-8-colores-para-papel-ano-2002","status":"publish","type":"product","link":"https:\/\/cbscompany.com\/es\/machines\/impresoras-flexograficas\/impresoras-flexograficas-c-i-para-papel\/uteco-amatista-140-ci-8-colores-para-papel-ano-2002\/","title":{"rendered":"Uteco Amatista 140 CI 8 colores para papel a\u00f1o 2002"},"content":{"rendered":"<div class=\"wpb-content-wrapper\"><p>[vc_row content_placement=&#8221;top&#8221;][vc_column css=&#8221;.vc_custom_1532433256788{margin-right: 15px !important;}&#8221; offset=&#8221;vc_col-md-8&#8243;]\n\t\t<div id=\"wd-689347ca56e3a\" class=\"title-wrapper wd-wpb wd-set-mb reset-last-child  wd-rs-689347ca56e3a wd-title-color-default wd-title-style-default text-left vc_custom_1754482640334 wd-underline-colored\">\n\t\t\t\n\t\t\t<div class=\"liner-continer\">\n\t\t\t\t<h4 class=\"woodmart-title-container title  wd-font-weight-600 wd-fontsize-m\" >Uteco Amatista 140 CI 8 colores para papel a\u00f1o 2002<\/h4>\n\t\t\t\t\t\t\t<\/div>\n\t\t\t\n\t\t\t\n\t\t\t\n\t\t<\/div>\n\t\t\n\t\t[vc_row_inner css=&#8221;.vc_custom_1628672714565{margin-bottom: 35px !important;border-bottom-width: 0px !important;padding-bottom: 25px !important;border-bottom-color: rgba(129,129,129,0.2) !important;border-bottom-style: solid !important;}&#8221; row_reverse_mobile=&#8221;0&#8243; row_reverse_tablet=&#8221;0&#8243;][vc_column_inner width=&#8221;1\/2&#8243; css=&#8221;.vc_custom_1532346102929{padding-top: 0px !important;}&#8221;][vc_column_text css=&#8221;&#8221; woodmart_inline=&#8221;no&#8221; text_larger=&#8221;no&#8221;]<\/p>\n<ul>\n<li aria-level=\"1\"><b>Marca: Uteco<\/b><\/li>\n<li aria-level=\"1\"><b>Modelo: Amatista 140<\/b><\/li>\n<li aria-level=\"1\"><b>A\u00f1o: 2002<\/b><\/li>\n<li aria-level=\"1\"><b>Tambor central  <\/b><\/li>\n<li aria-level=\"1\"><b>8 colores (actualmente funcionan 7 colores)<\/b><\/li>\n<li aria-level=\"1\"><span style=\"font-weight: 400;\">Con engranajes (no sin engranajes)<\/span><\/li>\n<li aria-level=\"1\"><span style=\"font-weight: 400;\">Ancho de banda: 1450 mm<\/span><\/li>\n<li aria-level=\"1\"><span style=\"font-weight: 400;\">Anchura de impresi\u00f3n: 1400 mm<\/span><\/li>\n<li aria-level=\"1\"><span style=\"font-weight: 400;\">Repetici\u00f3n de impresi\u00f3n m\u00edn.-m\u00e1x.: 400 &#8211; 800 mm<\/span><\/li>\n<li aria-level=\"1\"><span style=\"font-weight: 400;\">Desbobinador simple, di\u00e1metro m\u00e1ximo de bobina: 1250 mm<\/span><\/li>\n<li aria-level=\"1\"><span style=\"font-weight: 400;\">Bobinadora simple, di\u00e1metro m\u00e1ximo de bobina: 1250 mm<\/span><\/li>\n<li aria-level=\"1\"><span style=\"font-weight: 400;\">2 zonas de secado (CI y t\u00fanel) con control independiente<\/span><\/li>\n<li><span style=\"font-weight: 400;\">C\u00e1mara de v\u00eddeo: Selectra<\/span><\/li>\n<li><span style=\"font-weight: 400;\">Gu\u00edas web: s\u00ed, antes de enrollar<\/span><\/li>\n<\/ul>\n<p>[\/vc_column_text][\/vc_column_inner][vc_column_inner width=&#8221;1\/2&#8243; css=&#8221;.vc_custom_1532346106600{padding-top: 0px !important;}&#8221;][vc_column_text css=&#8221;&#8221; woodmart_inline=&#8221;no&#8221; text_larger=&#8221;no&#8221;]<\/p>\n<ul>\n<li style=\"font-weight: 400;\" aria-level=\"1\"><span style=\"font-weight: 400;\">Cambio r\u00e1pido de manguitos: s\u00ed<\/span><\/li>\n<li style=\"font-weight: 400;\" aria-level=\"1\"><span style=\"font-weight: 400;\">Supervisi\u00f3n inform\u00e1tica: s\u00ed<\/span><\/li>\n<li style=\"font-weight: 400;\" aria-level=\"1\"><span style=\"font-weight: 400;\">Aniloxes: 2 x 60 l\u00edneas\/cm-Vol 20 cm3\/m2; 3 x 80 l\/cm-vol 18; 2 x 100 l\/cm-vol 18; 4 x 100 l\/cm-vol 15; 2 x 120 l\/cm-vol 12,5; 4 x 220 l\/cm-vol 8; 4 x 320 l\/cm-vol 5,2  <\/span><\/li>\n<li style=\"font-weight: 400;\" aria-level=\"1\"><span style=\"font-weight: 400;\">Fundas: 11 x 40, 7 x 45, 12 x 50, 4 x 52, 12 x 55, 7 x 60, 7 x 65, 8 x 70 cm  <\/span><\/li>\n<li style=\"font-weight: 400;\" aria-level=\"1\"><span style=\"font-weight: 400;\">Engranajes: 8 x 40, 8 x 45, 8 x 50, 4 x 52, 8 x 55, 8 x 60, 8 x 65, 8 x 70 cm<\/span><\/li>\n<li style=\"font-weight: 400;\" aria-level=\"1\"><span style=\"font-weight: 400;\">Sistema de corte en l\u00ednea 2 cuchillas con aspiraci\u00f3n &#8211; termorregulaci\u00f3n para tambor CI<\/span><\/li>\n<li style=\"font-weight: 400;\" aria-level=\"1\"><span style=\"font-weight: 400;\">Dimensiones A x L: 5250 x 14200 mm<\/span><\/li>\n<li style=\"font-weight: 400;\" aria-level=\"1\"><span style=\"font-weight: 400;\">Visible en producci\u00f3n<\/span><\/li>\n<li style=\"font-weight: 400;\" aria-level=\"1\"><span style=\"font-weight: 400;\">Disponibilidad inmediata<\/span><\/li>\n<\/ul>\n<p>[\/vc_column_text][\/vc_column_inner][\/vc_row_inner][\/vc_column][vc_column offset=&#8221;vc_col-md-4&#8243;]\t\t\t<div class=\"info-box-wrapper\">\n\t\t\t\t<div id=\"wd-68934c1522867\" class=\" wd-rs-68934c1522867 wd-info-box wd-wpb text-left box-icon-align-left box-style-shadow color-scheme- wd-bg-none wd-off-anim wpb_animate_when_almost_visible wpb_bounceIn bounceIn wd-anim-name_bounceIn wd-items-top \">\n\t\t\t\t\t\t\t\t\t\t<div class=\"info-box-content\">\n\t\t\t\t\t\t<div class=\"info-box-subtitle subtitle-color-default wd-fontsize-xs subtitle-style-default\">Acerca de Uteco Amethyst 140 CI 8 colores para papel a\u00f1o 2002<\/div><h4 class=\"info-box-title title box-title-style-default wd-fontsize-m\">Informaci\u00f3n sobre la ubicaci\u00f3n<\/h4>\t\t\t\t\t\t<div class=\"info-box-inner reset-last-child\"><p>Disponible en la regi\u00f3n: <strong style=\"color: blue;\"><a href=\"https:\/\/cbscompany.com\/es\/mi-cuenta\/?redirect_to=%2Fes%2Fwp-json%2Fwp%2Fv2%2Fproduct%2F387082\" class=\"simplemodal-login\">Inicia sesi\u00f3n para ver la ubicaci\u00f3n<\/a><\/strong><\/p>\n<\/div>\n\n\t\t\t\t\t\t\t\t\t\t\t<\/div>\n\n\t\t\t\t\t\n\t\t\t\t\t<style>#wd-68934c1522867 .info-box-icon {background-color:  !important;}<\/style>\t\t\t\t<\/div>\n\t\t\t<\/div>\n\t\t[\/vc_column][\/vc_row]<\/p>\n<\/div>","protected":false},"excerpt":{"rendered":"<p>Uteco Amethyst 140 es una impresora flexogr\u00e1fica dise\u00f1ada para papel. La m\u00e1quina est\u00e1 equipada con tambor central y su ancho de banda es de 1450 mm. <\/p>\n","protected":false},"featured_media":387112,"comment_status":"closed","ping_status":"closed","template":"","meta":{"_acf_changed":false,"om_disable_all_campaigns":false},"year-of-production":[],"product_brand":[],"product_cat":[3766,3773],"product_tag":[4315,4119,4313,3770,4144],"class_list":{"0":"post-387082","1":"product","2":"type-product","3":"status-publish","4":"has-post-thumbnail","6":"product_cat-impresoras-flexograficas","7":"product_cat-impresoras-flexograficas-c-i-para-papel","8":"product_tag-amatista-140","9":"product_tag-ano-2002","10":"product_tag-con-engranajes","11":"product_tag-tambor-central","12":"product_tag-uteco","14":"first","15":"instock","16":"sold-individually","17":"shipping-taxable","18":"purchasable","19":"product-type-simple"},"acf":[],"_links":{"self":[{"href":"https:\/\/cbscompany.com\/es\/wp-json\/wp\/v2\/product\/387082","targetHints":{"allow":["GET"]}}],"collection":[{"href":"https:\/\/cbscompany.com\/es\/wp-json\/wp\/v2\/product"}],"about":[{"href":"https:\/\/cbscompany.com\/es\/wp-json\/wp\/v2\/types\/product"}],"replies":[{"embeddable":true,"href":"https:\/\/cbscompany.com\/es\/wp-json\/wp\/v2\/comments?post=387082"}],"wp:featuredmedia":[{"embeddable":true,"href":"https:\/\/cbscompany.com\/es\/wp-json\/wp\/v2\/media\/387112"}],"wp:attachment":[{"href":"https:\/\/cbscompany.com\/es\/wp-json\/wp\/v2\/media?parent=387082"}],"wp:term":[{"taxonomy":"year-of-production","embeddable":true,"href":"https:\/\/cbscompany.com\/es\/wp-json\/wp\/v2\/year-of-production?post=387082"},{"taxonomy":"product_brand","embeddable":true,"href":"https:\/\/cbscompany.com\/es\/wp-json\/wp\/v2\/product_brand?post=387082"},{"taxonomy":"product_cat","embeddable":true,"href":"https:\/\/cbscompany.com\/es\/wp-json\/wp\/v2\/product_cat?post=387082"},{"taxonomy":"product_tag","embeddable":true,"href":"https:\/\/cbscompany.com\/es\/wp-json\/wp\/v2\/product_tag?post=387082"}],"curies":[{"name":"wp","href":"https:\/\/api.w.org\/{rel}","templated":true}]}}