{"id":386954,"date":"2025-06-05T08:49:10","date_gmt":"2025-06-05T07:49:10","guid":{"rendered":"https:\/\/cbscompany.com\/machines\/sin%20categor\u00eda\/maquina-para-fabricar-bolsas-de-papel-planas-y-tipo-satchel-wh-matador-30-ck-898-anos-70\/"},"modified":"2026-04-28T11:21:25","modified_gmt":"2026-04-28T10:21:25","slug":"maquina-para-fabricar-bolsas-de-papel-planas-y-tipo-satchel-wh-matador-30-ck-898-anos-70","status":"publish","type":"product","link":"https:\/\/cbscompany.com\/es\/machines\/maquinas-para-fabricar-bolsas-de-papel\/maquinas-para-fabricar-bolsas-de-papel-planas-y-tipo-satchel\/maquina-para-fabricar-bolsas-de-papel-planas-y-tipo-satchel-wh-matador-30-ck-898-anos-70\/","title":{"rendered":"M\u00e1quina para fabricar bolsas de papel planas y tipo satchel W&amp;H Matador 30 &#8211; CK 898, a\u00f1os 70"},"content":{"rendered":"<div class=\"wpb-content-wrapper\"><p>[vc_row content_placement=&#8221;top&#8221;][vc_column css=&#8221;.vc_custom_1532433256788{margin-right: 15px !important;}&#8221; offset=&#8221;vc_col-md-8&#8243;]\n\t\t<div id=\"wd-678a43d4d2fd2\" class=\"title-wrapper wd-wpb wd-set-mb reset-last-child  wd-rs-678a43d4d2fd2 wd-title-color-default wd-title-style-default text-left vc_custom_1737114466077 wd-underline-colored\">\n\t\t\t\n\t\t\t<div class=\"liner-continer\">\n\t\t\t\t<h4 class=\"woodmart-title-container title  wd-font-weight-600 wd-fontsize-m\" >M\u00e1quina para fabricar bolsas de papel planas y tipo satchel W&amp;H Matador 30 - CK 898, a\u00f1os 70<\/h4>\n\t\t\t\t\t\t\t<\/div>\n\t\t\t\n\t\t\t\n\t\t\t\n\t\t<\/div>\n\t\t\n\t\t[vc_row_inner css=&#8221;.vc_custom_1628672714565{margin-bottom: 35px !important;border-bottom-width: 0px !important;padding-bottom: 25px !important;border-bottom-color: rgba(129,129,129,0.2) !important;border-bottom-style: solid !important;}&#8221; row_reverse_mobile=&#8221;0&#8243; row_reverse_tablet=&#8221;0&#8243;][vc_column_inner width=&#8221;1\/2&#8243; css=&#8221;.vc_custom_1532346102929{padding-top: 0px !important;}&#8221;][vc_column_text woodmart_inline=&#8221;no&#8221; text_larger=&#8221;no&#8221;]<\/p>\n<ul>\n<li aria-level=\"1\"><b>Marca:W&amp;H<\/b><\/li>\n<li aria-level=\"1\"><b>Modelo: Matador 30 &#8211; CK 898<\/b><\/li>\n<li aria-level=\"1\"><b>A\u00f1o: 1970<\/b><\/li>\n<li aria-level=\"1\"><b>Con impresora en l\u00ednea de 4 colores QMS 900  <\/b><\/li>\n<li aria-level=\"1\"><b>Tipo de batidor<\/b><\/li>\n<li aria-level=\"1\"><b>Para la fabricaci\u00f3n de bolsas de papel de fondo plano con o sin fuelle<\/b><\/li>\n<li aria-level=\"1\"><span style=\"font-weight: 400;\">Nuevos cilindros de impresi\u00f3n, rodillos anilox y rodillos de caucho<\/span><\/li>\n<li aria-level=\"1\"><span style=\"font-weight: 400;\">Con nuevo sistema el\u00e9ctrico, nuevo motor principal trif\u00e1sico con inversor, sistema de freno mec\u00e1nico y el\u00e9ctrico, sistema de cola con accionamiento independiente del motor<\/span><\/li>\n<\/ul>\n<p>[\/vc_column_text][\/vc_column_inner][vc_column_inner width=&#8221;1\/2&#8243; css=&#8221;.vc_custom_1532346106600{padding-top: 0px !important;}&#8221;][vc_column_text woodmart_inline=&#8221;no&#8221; text_larger=&#8221;no&#8221;]<\/p>\n<ul>\n<li style=\"font-weight: 400;\" aria-level=\"1\"><span style=\"font-weight: 400;\">Anchura m\u00e1xima del papel: 830 mm<\/span><\/li>\n<li style=\"font-weight: 400;\" aria-level=\"1\"><span style=\"font-weight: 400;\">Di\u00e1metro m\u00e1ximo del rollo: 1000 mm<\/span><\/li>\n<li style=\"font-weight: 400;\" aria-level=\"1\"><span style=\"font-weight: 400;\">Di\u00e1metro interior del n\u00facleo: 70\/76 mm<\/span><\/li>\n<li style=\"font-weight: 400;\" aria-level=\"1\"><span style=\"font-weight: 400;\">Velocidad: 100-180 bolsas\/min<\/span><\/li>\n<li style=\"font-weight: 400;\" aria-level=\"1\"><span style=\"font-weight: 400;\">Placas de conformado: 115, 140, 190, 220, 300 mm<\/span><\/li>\n<li style=\"font-weight: 400;\" aria-level=\"1\"><span style=\"font-weight: 400;\">Cilindros de impresi\u00f3n: 4 x 280, 2 x 350, 2 x 410, 2 x 480, 2 x 560 mm<\/span><\/li>\n<li style=\"font-weight: 400;\" aria-level=\"1\"><span style=\"font-weight: 400;\">Visible en producci\u00f3n<\/span><\/li>\n<li style=\"font-weight: 400;\" aria-level=\"1\"><span style=\"font-weight: 400;\">Disponibilidad inmediata<\/span><\/li>\n<\/ul>\n<p>[\/vc_column_text][\/vc_column_inner][\/vc_row_inner][\/vc_column][vc_column offset=&#8221;vc_col-md-4&#8243;]\t\t\t<div class=\"info-box-wrapper\">\n\t\t\t\t<div id=\"wd-678a4535e2431\" class=\" wd-rs-678a4535e2431 wd-info-box wd-wpb text-left box-icon-align-left box-style-shadow color-scheme- wd-bg-none wd-off-anim wpb_animate_when_almost_visible wpb_bounceIn bounceIn wd-anim-name_bounceIn wd-items-top \">\n\t\t\t\t\t\t\t\t\t\t<div class=\"info-box-content\">\n\t\t\t\t\t\t<div class=\"info-box-subtitle subtitle-color-default wd-fontsize-xs subtitle-style-default\">Acerca de la m\u00e1quina para hacer bolsas de papel planas y tipo satchel W&amp;H Matador 30 - CK 898, a\u00f1o 70<\/div><h4 class=\"info-box-title title box-title-style-default wd-fontsize-m\">Informaci\u00f3n sobre la ubicaci\u00f3n<\/h4>\t\t\t\t\t\t<div class=\"info-box-inner reset-last-child\"><p>Disponible en la regi\u00f3n: <strong style=\"color: blue;\"><a href=\"https:\/\/cbscompany.com\/es\/mi-cuenta\/?redirect_to=%2Fes%2Fwp-json%2Fwp%2Fv2%2Fproduct%2F386954\" class=\"simplemodal-login\">Inicia sesi\u00f3n para ver la ubicaci\u00f3n<\/a><\/strong><\/p>\n<\/div>\n\n\t\t\t\t\t\t\t\t\t\t\t<\/div>\n\n\t\t\t\t\t\n\t\t\t\t\t<style>#wd-678a4535e2431 .info-box-icon {background-color:  !important;}<\/style>\t\t\t\t<\/div>\n\t\t\t<\/div>\n\t\t[\/vc_column][\/vc_row]<\/p>\n<\/div>","protected":false},"excerpt":{"rendered":"<p>La W&amp;H Matador 30 &#8211; CK 898 es una m\u00e1quina <b>para fabricar bolsas de papel planas y tipo satchel<\/b>, dise\u00f1ada para trabajar con una anchura m\u00e1xima de papel de 830 mm. La m\u00e1quina est\u00e1 equipada con una impresora en l\u00ednea QMS 900 de 4 colores. <\/p>\n","protected":false},"featured_media":387062,"comment_status":"closed","ping_status":"closed","template":"","meta":{"_acf_changed":false,"om_disable_all_campaigns":false},"year-of-production":[],"product_brand":[],"product_cat":[4026,4025],"product_tag":[4304,4285,4300,4307,4309,4297,4099,4096],"class_list":{"0":"post-386954","1":"product","2":"type-product","3":"status-publish","4":"has-post-thumbnail","6":"product_cat-maquinas-para-fabricar-bolsas-de-papel","7":"product_cat-maquinas-para-fabricar-bolsas-de-papel-planas-y-tipo-satchel","8":"product_tag-1970s","9":"product_tag-4-colores","10":"product_tag-matador","11":"product_tag-matador-30-ck-898","12":"product_tag-sgc-900","13":"product_tag-tipo-de-batidor","14":"product_tag-wh","15":"product_tag-windmoller-y-holscher","17":"first","18":"instock","19":"sold-individually","20":"shipping-taxable","21":"purchasable","22":"product-type-simple"},"acf":[],"_links":{"self":[{"href":"https:\/\/cbscompany.com\/es\/wp-json\/wp\/v2\/product\/386954","targetHints":{"allow":["GET"]}}],"collection":[{"href":"https:\/\/cbscompany.com\/es\/wp-json\/wp\/v2\/product"}],"about":[{"href":"https:\/\/cbscompany.com\/es\/wp-json\/wp\/v2\/types\/product"}],"replies":[{"embeddable":true,"href":"https:\/\/cbscompany.com\/es\/wp-json\/wp\/v2\/comments?post=386954"}],"wp:featuredmedia":[{"embeddable":true,"href":"https:\/\/cbscompany.com\/es\/wp-json\/wp\/v2\/media\/387062"}],"wp:attachment":[{"href":"https:\/\/cbscompany.com\/es\/wp-json\/wp\/v2\/media?parent=386954"}],"wp:term":[{"taxonomy":"year-of-production","embeddable":true,"href":"https:\/\/cbscompany.com\/es\/wp-json\/wp\/v2\/year-of-production?post=386954"},{"taxonomy":"product_brand","embeddable":true,"href":"https:\/\/cbscompany.com\/es\/wp-json\/wp\/v2\/product_brand?post=386954"},{"taxonomy":"product_cat","embeddable":true,"href":"https:\/\/cbscompany.com\/es\/wp-json\/wp\/v2\/product_cat?post=386954"},{"taxonomy":"product_tag","embeddable":true,"href":"https:\/\/cbscompany.com\/es\/wp-json\/wp\/v2\/product_tag?post=386954"}],"curies":[{"name":"wp","href":"https:\/\/api.w.org\/{rel}","templated":true}]}}