{"id":386905,"date":"2025-06-05T08:49:11","date_gmt":"2025-06-05T07:49:11","guid":{"rendered":"https:\/\/cbscompany.com\/machines\/sin%20categor\u00eda\/uteco-crystal-808-modelo-150-ano-2019\/"},"modified":"2026-04-06T11:09:58","modified_gmt":"2026-04-06T10:09:58","slug":"uteco-crystal-808-modelo-150-ano-2019","status":"publish","type":"product","link":"https:\/\/cbscompany.com\/es\/machines\/impresoras-flexograficas\/impresoras-flexograficas-c-i-para-film\/uteco-crystal-808-modelo-150-ano-2019\/","title":{"rendered":"Uteco Crystal 808 modelo 150 a\u00f1o 2019"},"content":{"rendered":"<div class=\"wpb-content-wrapper\"><p>[vc_row content_placement=&#8221;top&#8221;][vc_column css=&#8221;.vc_custom_1532433256788{margin-right: 15px !important;}&#8221; offset=&#8221;vc_col-md-8&#8243;]\n\t\t<div id=\"wd-674716faa6e3c\" class=\"title-wrapper wd-wpb wd-set-mb reset-last-child  wd-rs-674716faa6e3c wd-title-color-default wd-title-style-default text-left vc_custom_1732712118303 wd-underline-colored\">\n\t\t\t\n\t\t\t<div class=\"liner-continer\">\n\t\t\t\t<h4 class=\"woodmart-title-container title  wd-font-weight-600 wd-fontsize-m\" >Uteco Crystal 808 modelo 150 a\u00f1o 2019<\/h4>\n\t\t\t\t\t\t\t<\/div>\n\t\t\t\n\t\t\t\n\t\t\t\n\t\t<\/div>\n\t\t\n\t\t[vc_row_inner css=&#8221;.vc_custom_1628672714565{margin-bottom: 35px !important;border-bottom-width: 0px !important;padding-bottom: 25px !important;border-bottom-color: rgba(129,129,129,0.2) !important;border-bottom-style: solid !important;}&#8221; row_reverse_mobile=&#8221;0&#8243; row_reverse_tablet=&#8221;0&#8243;][vc_column_inner width=&#8221;1\/2&#8243; css=&#8221;.vc_custom_1532346102929{padding-top: 0px !important;}&#8221;][vc_column_text css=&#8221;&#8221; woodmart_inline=&#8221;no&#8221; text_larger=&#8221;no&#8221;]<\/p>\n<ul>\n<li aria-level=\"1\"><b>Marca: Uteco<\/b><\/li>\n<li aria-level=\"1\"><b>Modelo: Cristal 808 mod. 150<\/b><\/li>\n<li aria-level=\"1\"><b>A\u00f1o: 2019<\/b><\/li>\n<li aria-level=\"1\"><b>8 colores (8 + 0)<\/b><\/li>\n<li aria-level=\"1\"><b>Tambor central<\/b><\/li>\n<li aria-level=\"1\"><b>Sin engranajes<\/b><\/li>\n<li aria-level=\"1\"><span style=\"font-weight: 400;\">Anchura m\u00e1xima del material: 1550 mm<\/span><\/li>\n<li aria-level=\"1\"><span style=\"font-weight: 400;\">Anchura m\u00e1xima de impresi\u00f3n: 1500 mm<\/span><\/li>\n<li aria-level=\"1\"><span style=\"font-weight: 400;\">Repetici\u00f3n de impresi\u00f3n m\u00edn.-m\u00e1x.: 400 &#8211; 850 mm<\/span><\/li>\n<li aria-level=\"1\"><span style=\"font-weight: 400;\">Velocidad mec\u00e1nica m\u00e1xima: 500 m\/min<\/span><\/li>\n<li aria-level=\"1\"><span style=\"font-weight: 400;\">Tintas con base disolvente<\/span><\/li>\n<li aria-level=\"1\"><span style=\"font-weight: 400;\">Materiales: <\/span><span style=\"font-weight: 400;\">ancho total: PP 10 &#8211; 130 my; BOPP 10 &#8211; 60 my; LDPE 20 &#8211; 200 my; CPP 20 &#8211; 70 my; HDPE 15 &#8211; 130 my; PET 12 &#8211; 40 my; OPA 15 &#8211; 50 my medio ancho: PP 10 &#8211; 200 my; BOPP 10 &#8211; 60 my; LDPE 20 &#8211; 200 my; CPP 20 &#8211; 70 my; HDPE 15 &#8211; 150 my; PET 12 &#8211; 50 my; OPA 15 &#8211; 50 <\/span> <\/li>\n<li aria-level=\"1\"><span style=\"font-weight: 400;\">Rango de tensi\u00f3n: 2 &#8211; 36 kg<\/span><\/li>\n<li aria-level=\"1\"><b>Desbobinador autom\u00e1tico de torreta &#8216;TAU-N 1000  <\/b><span style=\"font-weight: 400;\">para di\u00e1metro m\u00e1x. de bobina 1000 mm <\/span><\/li>\n<li aria-level=\"1\"><span style=\"font-weight: 400;\">Tratamiento corona Ferrarini&amp;Benelli tipo Polimetal<\/span><\/li>\n<li aria-level=\"1\"><b>Sistema de reimpresi\u00f3n<\/b><\/li>\n<li aria-level=\"1\"><b>Sistema de entintado y lavado para rodillos anilox y rasquetas<\/b><\/li>\n<li aria-level=\"1\"><b>Viscos\u00edmetros marca Gama<\/b><\/li>\n<\/ul>\n<ul>\n<li style=\"list-style-type: none;\">\n<\/li>\n<\/ul>\n<ul>\n<li style=\"list-style-type: none;\">\n<\/li>\n<\/ul>\n<p>[\/vc_column_text][\/vc_column_inner][vc_column_inner width=&#8221;1\/2&#8243; css=&#8221;.vc_custom_1532346106600{padding-top: 0px !important;}&#8221;][vc_column_text css=&#8221;&#8221; woodmart_inline=&#8221;no&#8221; text_larger=&#8221;no&#8221;]<\/p>\n<ul>\n<li aria-level=\"1\"><span style=\"font-weight: 400;\">Sistema de secado: quemador de gas<\/span><\/li>\n<li aria-level=\"1\"><span style=\"font-weight: 400;\">Posicionamiento de las unidades de impresi\u00f3n<\/span><b> Tocar&amp;Ir<\/b><\/li>\n<li aria-level=\"1\"><span style=\"font-weight: 400;\">Ajuste de los cilindros de la placa<\/span><b> Puesta a punto<\/b><b><br \/>\n<\/b><b>Videoc\u00e1mara lineal para inspecci\u00f3n autom\u00e1tica de impresi\u00f3n Sistema Progres 500 Marca Grafikontro<\/b><span style=\"font-weight: 400;\">l para la visualizaci\u00f3n de la impresi\u00f3n e inspecci\u00f3n de la web al 100% . El sistema &#8220;Inspecci\u00f3n&#8221; utiliza una c\u00e1mara MATRIX 500 RGB para la visualizaci\u00f3n de la banda en tiempo real y alta resoluci\u00f3n, con zoom y posicionamiento motorizados. Permite la comparaci\u00f3n entre las im\u00e1genes en directo y las im\u00e1genes maestras, admite posiciones de c\u00e1mara preestablecidas y ofrece asistencia remota para el control y la supervisi\u00f3n de la calidad.  <\/span><\/li>\n<li aria-level=\"1\"><span style=\"font-weight: 400;\">Ajuste autom\u00e1tico de la presi\u00f3n <\/span><b>KISS&amp;GO.<\/b><\/li>\n<li aria-level=\"1\"><b>Rebobinador autom\u00e1tico de torreta tipo &#8220;TAR-N 1000<\/b><span style=\"font-weight: 400;\"> para di\u00e1metro exterior m\u00e1ximo de las bobinas: 1000 mm<\/span><\/li>\n<li aria-level=\"1\"><span style=\"font-weight: 400;\">Totalmente equipada con camisas y aniloxes<\/span><\/li>\n<li aria-level=\"1\"><span style=\"font-weight: 400;\">Aniloxes incluidos: 1 x 120 v 21, 1 x140 v 15, 1 x 160 v 12,3, 1 x 160 v 11,7, 1 x 200 v 10,1, 1 x 200 v 10, 1 x 240 v 9,7, 1 x 240 v 8,21, 1 x 280 v 8, 1 x 340 v 5,2, 1 x 340 v 5, 1 x 460 v 3,8, 4 x 440 v 3,7<\/span><\/li>\n<li aria-level=\"1\"><span style=\"font-weight: 400;\">Fundas incluidas: 8 x 400, 8 x 410, 8 x 420, 8 x 425, 8 x 440, 8 x 450, 8 x 460, 8 x 470, 8 x 480, 8 x 500, 8 x 510, 8 x 520, 8 x 530, 8 x 540, 8 x 560, 8 x 580, 8 x 600, 8 x 620, 8 x 640, 8 x 650, 8 x 660, 8 x 670, 8 x 680, 8 x 700, 8 x 720, 8 x 740, 8 x 760, 8 x 780  <\/span><\/li>\n<li aria-level=\"1\"><span style=\"font-weight: 400;\">Dimensiones totales L x A x A: 16080 x 7400 x 5147 mm<\/span><\/li>\n<li aria-level=\"1\"><span style=\"font-weight: 400;\">Visible en funcionamiento<\/span><\/li>\n<li aria-level=\"1\"><span style=\"font-weight: 400;\">Disponibilidad inmediata<\/span><\/li>\n<\/ul>\n<ul>\n<li style=\"list-style-type: none;\">\n<\/li>\n<\/ul>\n<p>[\/vc_column_text][\/vc_column_inner][\/vc_row_inner][\/vc_column][vc_column offset=&#8221;vc_col-md-4&#8243;]\t\t\t<div class=\"info-box-wrapper\">\n\t\t\t\t<div id=\"wd-67471716dbe32\" class=\" wd-rs-67471716dbe32 wd-info-box wd-wpb text-left box-icon-align-left box-style-shadow color-scheme- wd-bg-none wd-off-anim wpb_animate_when_almost_visible wpb_bounceIn bounceIn wd-anim-name_bounceIn wd-items-top \">\n\t\t\t\t\t\t\t\t\t\t<div class=\"info-box-content\">\n\t\t\t\t\t\t<div class=\"info-box-subtitle subtitle-color-default wd-fontsize-xs subtitle-style-default\">Acerca de Uteco Crystal 808 modelo 150 a\u00f1o 2019<\/div><h4 class=\"info-box-title title box-title-style-default wd-fontsize-m\">Informaci\u00f3n sobre la ubicaci\u00f3n<\/h4>\t\t\t\t\t\t<div class=\"info-box-inner reset-last-child\"><p>Disponible en la regi\u00f3n: <strong style=\"color: blue;\"><a href=\"https:\/\/cbscompany.com\/es\/mi-cuenta\/?redirect_to=%2Fes%2Fwp-json%2Fwp%2Fv2%2Fproduct%2F386905\" class=\"simplemodal-login\">Inicia sesi\u00f3n para ver la ubicaci\u00f3n<\/a><\/strong><\/p>\n<\/div>\n\n\t\t\t\t\t\t\t\t\t\t\t<\/div>\n\n\t\t\t\t\t\n\t\t\t\t\t<style>#wd-67471716dbe32 .info-box-icon {background-color:  !important;}<\/style>\t\t\t\t<\/div>\n\t\t\t<\/div>\n\t\t[\/vc_column][\/vc_row]<\/p>\n<\/div>","protected":false},"excerpt":{"rendered":"<p>Uteco Crystal 808 modelo 150 a\u00f1o 2019 es una impresora flexogr\u00e1fica con tambor central dise\u00f1ada para trabajar con film. La velocidad mec\u00e1nica m\u00e1xima de la m\u00e1quina es de 500 metros por minuto. <\/p>\n","protected":false},"featured_media":386928,"comment_status":"closed","ping_status":"closed","template":"","meta":{"_acf_changed":false,"om_disable_all_campaigns":false},"year-of-production":[],"product_brand":[],"product_cat":[3766,3765],"product_tag":[4290,3767,4291,4222,4173,4289,3770,4144],"class_list":{"0":"post-386905","1":"product","2":"type-product","3":"status-publish","4":"has-post-thumbnail","6":"product_cat-impresoras-flexograficas","7":"product_cat-impresoras-flexograficas-c-i-para-film","8":"product_tag-8-0","9":"product_tag-8-colores","10":"product_tag-anchura-maxima-del-material-1550","11":"product_tag-ano-2019","12":"product_tag-ci","13":"product_tag-cristal-808","14":"product_tag-tambor-central","15":"product_tag-uteco","17":"first","18":"instock","19":"sold-individually","20":"shipping-taxable","21":"purchasable","22":"product-type-simple"},"acf":[],"_links":{"self":[{"href":"https:\/\/cbscompany.com\/es\/wp-json\/wp\/v2\/product\/386905","targetHints":{"allow":["GET"]}}],"collection":[{"href":"https:\/\/cbscompany.com\/es\/wp-json\/wp\/v2\/product"}],"about":[{"href":"https:\/\/cbscompany.com\/es\/wp-json\/wp\/v2\/types\/product"}],"replies":[{"embeddable":true,"href":"https:\/\/cbscompany.com\/es\/wp-json\/wp\/v2\/comments?post=386905"}],"wp:featuredmedia":[{"embeddable":true,"href":"https:\/\/cbscompany.com\/es\/wp-json\/wp\/v2\/media\/386928"}],"wp:attachment":[{"href":"https:\/\/cbscompany.com\/es\/wp-json\/wp\/v2\/media?parent=386905"}],"wp:term":[{"taxonomy":"year-of-production","embeddable":true,"href":"https:\/\/cbscompany.com\/es\/wp-json\/wp\/v2\/year-of-production?post=386905"},{"taxonomy":"product_brand","embeddable":true,"href":"https:\/\/cbscompany.com\/es\/wp-json\/wp\/v2\/product_brand?post=386905"},{"taxonomy":"product_cat","embeddable":true,"href":"https:\/\/cbscompany.com\/es\/wp-json\/wp\/v2\/product_cat?post=386905"},{"taxonomy":"product_tag","embeddable":true,"href":"https:\/\/cbscompany.com\/es\/wp-json\/wp\/v2\/product_tag?post=386905"}],"curies":[{"name":"wp","href":"https:\/\/api.w.org\/{rel}","templated":true}]}}