{"id":386844,"date":"2025-06-05T08:49:11","date_gmt":"2025-06-05T07:49:11","guid":{"rendered":"https:\/\/cbscompany.com\/machines\/sin%20categor\u00eda\/newlong-148t504th-ano-2013\/"},"modified":"2026-04-28T11:21:25","modified_gmt":"2026-04-28T10:21:25","slug":"newlong-148t504th-ano-2013","status":"publish","type":"product","link":"https:\/\/cbscompany.com\/es\/machines\/maquinas-para-fabricar-bolsas-de-papel\/maquinas-para-fabricar-bolsas-de-papel-sos\/newlong-148t504th-ano-2013\/","title":{"rendered":"Newlong 148T+504TH a\u00f1o 2013"},"content":{"rendered":"<div class=\"wpb-content-wrapper\"><p>[vc_row content_placement=&#8221;top&#8221;][vc_column css=&#8221;.vc_custom_1532433256788{margin-right: 15px !important;}&#8221; offset=&#8221;vc_col-md-8&#8243;]\n\t\t<div id=\"wd-674f0ff3a3d41\" class=\"title-wrapper wd-wpb wd-set-mb reset-last-child  wd-rs-674f0ff3a3d41 wd-title-color-default wd-title-style-default text-left vc_custom_1733234601419 wd-underline-colored\">\n\t\t\t\n\t\t\t<div class=\"liner-continer\">\n\t\t\t\t<h4 class=\"woodmart-title-container title  wd-font-weight-600 wd-fontsize-m\" >Newlong 148T+504TH a\u00f1o 2013<\/h4>\n\t\t\t\t\t\t\t<\/div>\n\t\t\t\n\t\t\t\n\t\t\t\n\t\t<\/div>\n\t\t\n\t\t[vc_row_inner css=&#8221;.vc_custom_1628672714565{margin-bottom: 35px !important;border-bottom-width: 0px !important;padding-bottom: 25px !important;border-bottom-color: rgba(129,129,129,0.2) !important;border-bottom-style: solid !important;}&#8221; row_reverse_mobile=&#8221;0&#8243; row_reverse_tablet=&#8221;0&#8243;][vc_column_inner width=&#8221;1\/2&#8243; css=&#8221;.vc_custom_1532346102929{padding-top: 0px !important;}&#8221;][vc_column_text css=&#8221;&#8221; woodmart_inline=&#8221;no&#8221; text_larger=&#8221;no&#8221;]<\/p>\n<ul>\n<li aria-level=\"1\"><b>Marca: Newlong<\/b><\/li>\n<li aria-level=\"1\"><b>Modelo: 148T+504TH  <\/b><\/li>\n<li aria-level=\"1\"><b>A\u00f1o: 2013<\/b><\/li>\n<li aria-level=\"1\"><b>Con unidad de asa retorcida<\/b><\/li>\n<li aria-level=\"1\">1 capa<\/li>\n<li aria-level=\"1\"><span style=\"font-weight: 400;\">Anchura m\u00ednima &#8211; m\u00e1xima de la bolsa: 220 &#8211; 540 mm<\/span><\/li>\n<li aria-level=\"1\"><span style=\"font-weight: 400;\">Longitud m\u00edn.-m\u00e1x. de la bolsa (con asa) 290 &#8211; 580 mm  <\/span><\/li>\n<li aria-level=\"1\"><span style=\"font-weight: 400;\">Longitud m\u00edn.-m\u00e1x. de la bolsa (sin asa) 290 &#8211; 700 mm<\/span><\/li>\n<li aria-level=\"1\"><span style=\"font-weight: 400;\">Longitud de corte m\u00edn.-m\u00e1x. (con mango) 400 &#8211; 650 mm  <\/span><\/li>\n<li aria-level=\"1\"><span style=\"font-weight: 400;\">Longitud de corte m\u00edn.-m\u00e1x. (sin empu\u00f1adura) 400 &#8211; 770 mm<\/span><\/li>\n<li aria-level=\"1\"><span style=\"font-weight: 400;\">Anchura inferior m\u00edn.-m\u00e1x. 80 &#8211; 250 mm<\/span><\/li>\n<li aria-level=\"1\"><span style=\"font-weight: 400;\">Velocidad m\u00e1xima: 120 bolsas\/min (con asa)<\/span><\/li>\n<li aria-level=\"1\"><span style=\"font-weight: 400;\">Velocidad m\u00e1xima: 150 bolsas\/min (sin asa)<\/span><\/li>\n<li aria-level=\"1\"><span style=\"font-weight: 400;\">Anchura m\u00e1xima del papel: 1510 mm<\/span><\/li>\n<li aria-level=\"1\"><span style=\"font-weight: 400;\">Di\u00e1metro m\u00e1ximo del rollo de papel: 1200 mm<\/span><\/li>\n<li aria-level=\"1\"><span style=\"font-weight: 400;\">Di\u00e1metro interior del rollo de papel: 76 mm<\/span><\/li>\n<li aria-level=\"1\"><span style=\"font-weight: 400;\">Gramaje del papel: 80 &#8211; 140 g\/m\u00b2.<\/span><\/li>\n<li aria-level=\"1\"><span style=\"font-weight: 400;\">Distancia m\u00edn.\/m\u00e1x. del centro de la empu\u00f1adura 320 &#8211; 740 mm<\/span><\/li>\n<li aria-level=\"1\"><b>Unidad de mango trenzado:<\/b><\/li>\n<li><span style=\"font-weight: 400;\">Material: Rollo de papel retorcido, 4 &#8211; 8 mm<\/span><\/li>\n<li style=\"font-weight: 400;\" aria-level=\"1\"><span style=\"font-weight: 400;\">Longitud del parche del mango: 190,5 mm<\/span><\/li>\n<\/ul>\n<p>[\/vc_column_text][\/vc_column_inner][vc_column_inner width=&#8221;1\/2&#8243; css=&#8221;.vc_custom_1532346106600{padding-top: 0px !important;}&#8221;][vc_column_text woodmart_inline=&#8221;no&#8221; text_larger=&#8221;no&#8221;]<\/p>\n<ul>\n<li style=\"font-weight: 400;\" aria-level=\"1\"><span style=\"font-weight: 400;\">Anchura del papel: 100 mm (fijo), este papel se corta en 2 l\u00edneas de 50 mm cada una<\/span><\/li>\n<li style=\"font-weight: 400;\" aria-level=\"1\"><span style=\"font-weight: 400;\">Anchura del parche del asa (50 mm) 170 mm<\/span><\/li>\n<li style=\"font-weight: 400;\" aria-level=\"1\"><span style=\"font-weight: 400;\">Di\u00e1metro m\u00e1ximo del rollo de papel: 1000 mm  <\/span><\/li>\n<li style=\"font-weight: 400;\" aria-level=\"1\"><span style=\"font-weight: 400;\">Di\u00e1metro interior del rollo de papel: 76 mm<\/span><\/li>\n<li style=\"font-weight: 400;\" aria-level=\"1\"><span style=\"font-weight: 400;\">Soporte para rollos de papel: 4 soportes<\/span><\/li>\n<li style=\"font-weight: 400;\" aria-level=\"1\"><span style=\"font-weight: 400;\">Gramaje del papel: 100 &#8211; 120 g\/m\u00b2.<\/span><\/li>\n<li style=\"font-weight: 400;\" aria-level=\"1\"><span style=\"font-weight: 400;\">M\u00e9todo de sellado: Pegamento qu\u00edmico en fr\u00edo<\/span><\/li>\n<li style=\"font-weight: 400;\" aria-level=\"1\"><span style=\"font-weight: 400;\">Nordson hot melt para el mango<\/span><\/li>\n<li style=\"font-weight: 400;\" aria-level=\"1\"><span style=\"font-weight: 400;\">Portarrollos de papel, neum\u00e1tico Dispositivo de elevaci\u00f3n tipo cilindro<\/span><\/li>\n<li style=\"font-weight: 400;\" aria-level=\"1\"><span style=\"font-weight: 400;\">Unidad de fabricaci\u00f3n e inserci\u00f3n de asas con gu\u00eda de banda (E.P.C), unidad auxiliar de tracci\u00f3n de banda y rodillos gu\u00eda<\/span><\/li>\n<li style=\"font-weight: 400;\" aria-level=\"1\"><span style=\"font-weight: 400;\">Unidad de conformado completada con placas de conformado y rodillos de ajuste del fuelle<\/span><\/li>\n<li style=\"font-weight: 400;\" aria-level=\"1\"><span style=\"font-weight: 400;\">Unidad de suministro de tipo vertical con rodillos de prensado, contador el\u00e9ctrico, medidor digital de velocidad<\/span><\/li>\n<li style=\"font-weight: 400;\" aria-level=\"1\"><span style=\"font-weight: 400;\">Sin servo<\/span><\/li>\n<li style=\"font-weight: 400;\" aria-level=\"1\"><span style=\"font-weight: 400;\">Sin PLC<\/span><\/li>\n<li style=\"font-weight: 400;\" aria-level=\"1\"><span style=\"font-weight: 400;\">Motor principal de 11 KW (inversor)<\/span><\/li>\n<li style=\"font-weight: 400;\" aria-level=\"1\"><span style=\"font-weight: 400;\">Visible en producci\u00f3n<\/span><\/li>\n<li style=\"font-weight: 400;\" aria-level=\"1\"><span style=\"font-weight: 400;\">Disponibilidad inmediata<\/span><\/li>\n<\/ul>\n<p>[\/vc_column_text][\/vc_column_inner][\/vc_row_inner][\/vc_column][vc_column offset=&#8221;vc_col-md-4&#8243;]\t\t\t<div class=\"info-box-wrapper\">\n\t\t\t\t<div id=\"wd-674f1017d9834\" class=\" wd-rs-674f1017d9834 wd-info-box wd-wpb text-left box-icon-align-left box-style-shadow color-scheme- wd-bg-none wd-off-anim wpb_animate_when_almost_visible wpb_bounceIn bounceIn wd-anim-name_bounceIn wd-items-top \">\n\t\t\t\t\t\t\t\t\t\t<div class=\"info-box-content\">\n\t\t\t\t\t\t<div class=\"info-box-subtitle subtitle-color-default wd-fontsize-xs subtitle-style-default\">Acerca de Newlong 148T+504TH a\u00f1o 2013<\/div><h4 class=\"info-box-title title box-title-style-default wd-fontsize-m\">Informaci\u00f3n sobre la ubicaci\u00f3n<\/h4>\t\t\t\t\t\t<div class=\"info-box-inner reset-last-child\"><p>Disponible en la regi\u00f3n: <strong style=\"color: blue;\"><a href=\"https:\/\/cbscompany.com\/es\/mi-cuenta\/?redirect_to=%2Fes%2Fwp-json%2Fwp%2Fv2%2Fproduct%2F386844\" class=\"simplemodal-login\">Inicia sesi\u00f3n para ver la ubicaci\u00f3n<\/a><\/strong><\/p>\n<\/div>\n\n\t\t\t\t\t\t\t\t\t\t\t<\/div>\n\n\t\t\t\t\t\n\t\t\t\t\t<style>#wd-674f1017d9834 .info-box-icon {background-color:  !important;}<\/style>\t\t\t\t<\/div>\n\t\t\t<\/div>\n\t\t[\/vc_column][\/vc_row]<\/p>\n<\/div>","protected":false},"excerpt":{"rendered":"<p>Newlong 148T+504TH a\u00f1o 2013 es una m\u00e1quina de hacer bolsas SOS con unidad de asa retorcida. Su velocidad m\u00e1xima es de 150 bolsas\/minuto para bolsas sin asa. <\/p>\n","protected":false},"featured_media":386885,"comment_status":"closed","ping_status":"closed","template":"","meta":{"_acf_changed":false,"om_disable_all_campaigns":false},"year-of-production":[],"product_brand":[],"product_cat":[4026,4041],"product_tag":[4282,4280,4220,4281,4283],"class_list":{"0":"post-386844","1":"product","2":"type-product","3":"status-publish","4":"has-post-thumbnail","6":"product_cat-maquinas-para-fabricar-bolsas-de-papel","7":"product_cat-maquinas-para-fabricar-bolsas-de-papel-sos","8":"product_tag-148t504th","9":"product_tag-ano-2013","10":"product_tag-newlong","11":"product_tag-unidad-de-asa-retorcida","12":"product_tag-velocidad-maxima-150-bolsas-min-sin-asa","14":"first","15":"instock","16":"featured","17":"sold-individually","18":"shipping-taxable","19":"purchasable","20":"product-type-simple"},"acf":[],"_links":{"self":[{"href":"https:\/\/cbscompany.com\/es\/wp-json\/wp\/v2\/product\/386844","targetHints":{"allow":["GET"]}}],"collection":[{"href":"https:\/\/cbscompany.com\/es\/wp-json\/wp\/v2\/product"}],"about":[{"href":"https:\/\/cbscompany.com\/es\/wp-json\/wp\/v2\/types\/product"}],"replies":[{"embeddable":true,"href":"https:\/\/cbscompany.com\/es\/wp-json\/wp\/v2\/comments?post=386844"}],"wp:featuredmedia":[{"embeddable":true,"href":"https:\/\/cbscompany.com\/es\/wp-json\/wp\/v2\/media\/386885"}],"wp:attachment":[{"href":"https:\/\/cbscompany.com\/es\/wp-json\/wp\/v2\/media?parent=386844"}],"wp:term":[{"taxonomy":"year-of-production","embeddable":true,"href":"https:\/\/cbscompany.com\/es\/wp-json\/wp\/v2\/year-of-production?post=386844"},{"taxonomy":"product_brand","embeddable":true,"href":"https:\/\/cbscompany.com\/es\/wp-json\/wp\/v2\/product_brand?post=386844"},{"taxonomy":"product_cat","embeddable":true,"href":"https:\/\/cbscompany.com\/es\/wp-json\/wp\/v2\/product_cat?post=386844"},{"taxonomy":"product_tag","embeddable":true,"href":"https:\/\/cbscompany.com\/es\/wp-json\/wp\/v2\/product_tag?post=386844"}],"curies":[{"name":"wp","href":"https:\/\/api.w.org\/{rel}","templated":true}]}}