{"id":386772,"date":"2025-06-05T08:46:39","date_gmt":"2025-06-05T07:46:39","guid":{"rendered":"https:\/\/cbscompany.com\/machines\/sin%20categor\u00eda\/wh-linea-completa-multipared-impresora-de-cola-flexa-820-tuber-am-8115-cl-y-bottomer-ad-8300-con-transistema-ano-2016\/"},"modified":"2026-04-22T10:43:02","modified_gmt":"2026-04-22T09:43:02","slug":"wh-linea-completa-multipared-impresora-de-cola-flexa-820-tuber-am-8115-cl-y-bottomer-ad-8300-con-transistema-ano-2016","status":"publish","type":"product","link":"https:\/\/cbscompany.com\/es\/machines\/lineas-de-sacos-industriales\/lineas-completas-de-sacos-de-papel\/wh-linea-completa-multipared-impresora-de-cola-flexa-820-tuber-am-8115-cl-y-bottomer-ad-8300-con-transistema-ano-2016\/","title":{"rendered":"W&amp;H L\u00ednea completa multipared Impresora de cola FLEXA 820, Tuber AM 8115 CL y Bottomer AD 8300 con transistema a\u00f1o 2016"},"content":{"rendered":"<div class=\"wpb-content-wrapper\"><p>[vc_row content_placement=&#8221;top&#8221;][vc_column css=&#8221;.vc_custom_1532433256788{margin-right: 15px !important;}&#8221; offset=&#8221;vc_col-md-8&#8243;]\n\t\t<div id=\"wd-67867c5ce9977\" class=\"title-wrapper wd-wpb wd-set-mb reset-last-child  wd-rs-67867c5ce9977 wd-title-color-default wd-title-style-default text-left vc_custom_1736866793976 wd-underline-colored\">\n\t\t\t\n\t\t\t<div class=\"liner-continer\">\n\t\t\t\t<h4 class=\"woodmart-title-container title  wd-font-weight-600 wd-fontsize-m\" >W&amp;H L\u00ednea completa multipared Impresora de cola FLEXA 820, Tuber AM 8115 CL y Bottomer AD 8300 con transistema a\u00f1o 2016<br \/>\n<\/h4>\n\t\t\t\t\t\t\t<\/div>\n\t\t\t\n\t\t\t\n\t\t\t\n\t\t<\/div>\n\t\t\n\t\t[vc_row_inner css=&#8221;.vc_custom_1628672714565{margin-bottom: 35px !important;border-bottom-width: 0px !important;padding-bottom: 25px !important;border-bottom-color: rgba(129,129,129,0.2) !important;border-bottom-style: solid !important;}&#8221; row_reverse_mobile=&#8221;0&#8243; row_reverse_tablet=&#8221;0&#8243;][vc_column_inner width=&#8221;1\/2&#8243; css=&#8221;.vc_custom_1532346102929{padding-top: 0px !important;}&#8221;][vc_column_text woodmart_inline=&#8221;no&#8221; text_larger=&#8221;no&#8221;]<\/p>\n<ul>\n<li aria-level=\"1\"><b>Impresora de cola FLEXA 820<\/b><\/li>\n<li aria-level=\"1\"><b>A\u00f1o: 2016<\/b><\/li>\n<li aria-level=\"1\"><span style=\"font-weight: 400;\">Ancho de banda: 1620 mm<\/span><\/li>\n<li aria-level=\"1\"><span style=\"font-weight: 400;\">Anchura de impresi\u00f3n: 1320 mm<\/span><\/li>\n<li aria-level=\"1\"><span style=\"font-weight: 400;\">Rango de repetici\u00f3n de impresi\u00f3n: 450 &#8211; 1500 mm<\/span><\/li>\n<li aria-level=\"1\"><span style=\"font-weight: 400;\">Velocidad mec\u00e1nica m\u00e1x.: 350 m\/min ( depende de los materiales, las dimensiones del saco, etc.) <\/span><\/li>\n<li aria-level=\"1\"><span style=\"font-weight: 400;\">Material: papel de 40 &#8211; 250 g\/m<\/span><\/li>\n<li aria-level=\"1\"><span style=\"font-weight: 400;\">Tinta: al agua<\/span><\/li>\n<li aria-level=\"1\"><span style=\"font-weight: 400;\">La unidad de impresi\u00f3n est\u00e1 dise\u00f1ada para 4 colores<\/span><\/li>\n<li aria-level=\"1\"><span style=\"font-weight: 400;\">Potencia el\u00e9ctrica (carga conectada): aprox. 20 kVA<\/span><\/li>\n<li aria-level=\"1\"><span style=\"font-weight: 400;\">Frecuencia 50\/60 Hz, tensi\u00f3n 3&#215;400 V, sin neutro<\/span><\/li>\n<li aria-level=\"1\"><b>Tub\u00e9rculo AM 8115 CL<\/b><\/li>\n<li aria-level=\"1\"><b>A\u00f1o: 2016<\/b><\/li>\n<li aria-level=\"1\"><b>3 capas<\/b><\/li>\n<li aria-level=\"1\"><b>Extremo escalonado y corte al ras<\/b><\/li>\n<li aria-level=\"1\"><span style=\"font-weight: 400;\">Anchura m\u00edn.-m\u00e1x. del tubo plano: 260 &#8211; 600 mm<\/span><\/li>\n<li aria-level=\"1\"><span style=\"font-weight: 400;\">Longitud de corte m\u00edn.-m\u00e1x., extremo escalonado 380 &#8211; 1050 mm<\/span><\/li>\n<li aria-level=\"1\"><span style=\"font-weight: 400;\">Longitud de corte m\u00edn.-m\u00e1x., corte a ras: 320 &#8211; 1050 mm<\/span><\/li>\n<li aria-level=\"1\"><span style=\"font-weight: 400;\">Anchura m\u00e1xima del rollo: 1230 mm<\/span><\/li>\n<li aria-level=\"1\"><span style=\"font-weight: 400;\">Di\u00e1metro m\u00e1ximo del rollo: 1300 mm<\/span><\/li>\n<li aria-level=\"1\"><span style=\"font-weight: 400;\">M\u00e1x. velocidad mec\u00e1nica: 500 tubos\/min  <\/span><\/li>\n<li aria-level=\"1\"><span style=\"font-weight: 400;\">Equipamiento b\u00e1sico del tub\u00e9rculo: Desenrollador &#8211; Versi\u00f3n con ejes, Sistema autom\u00e1tico de guiado de la banda, Desenrollador de la banda, Estaci\u00f3n de perforaci\u00f3n, Pegado transversal, Rodillos de registro, Pegado de la costura, Secci\u00f3n de formaci\u00f3n del tubo, Unidad de corte al ras, Secci\u00f3n de arranque de la banda, Estaci\u00f3n de formaci\u00f3n del paquete, Accionamiento principal<\/span><\/li>\n<li aria-level=\"1\"><span style=\"font-weight: 400;\">Peso del tub\u00e9rculo sin impresora: 34.000 kg aprox. <\/span><\/li>\n<li aria-level=\"1\"><span style=\"font-weight: 400;\">Dimensi\u00f3n del tub\u00e9rculo: LxAnxAl aprox 37x5x3,2 m<\/span><\/li>\n<li aria-level=\"1\"><b>TRANSISTEMA entre Tuber AM 8115 CL y Bottomer AD 8300<\/b><\/li>\n<li aria-level=\"1\"><span style=\"font-weight: 400;\">Sistema automatizado de flujo de materiales<\/span><\/li>\n<li aria-level=\"1\"><span style=\"font-weight: 400;\">Anchura del saco \/ anchura del tubo: 280 &#8211; 600 mm<\/span><\/li>\n<li aria-level=\"1\"><span style=\"font-weight: 400;\">Longitud del saco \/ longitud del tubo: 450 &#8211; 940 mm<\/span><\/li>\n<li aria-level=\"1\"><b>Bottomer AD 8300  <\/b><\/li>\n<li aria-level=\"1\"><b>A\u00f1o: 2016<\/b><\/li>\n<li aria-level=\"1\"><b>Para la fabricaci\u00f3n de sacos con o sin parches inferiores<\/b><\/li>\n<li aria-level=\"1\"><b>Con unidad de v\u00e1lvula universal<\/b><\/li>\n<li aria-level=\"1\"><span style=\"font-weight: 400;\">Longitudes m\u00edn.-m\u00e1x. del saco extremo escalonado: 410 &#8211; 740 mm<\/span><\/li>\n<li aria-level=\"1\"><span style=\"font-weight: 400;\">Longitudes m\u00edn.-m\u00e1x. de saco cortadas a ras: 410 &#8211; 740 mm<\/span><\/li>\n<li aria-level=\"1\"><span style=\"font-weight: 400;\">Anchura m\u00edn.-m\u00e1x. del fondo extremo escalonado: 90 &#8211; 140 mm<\/span><\/li>\n<li aria-level=\"1\"><span style=\"font-weight: 400;\">Anchuras m\u00edn.-m\u00e1x. del fondo cortadas a ras: 90 &#8211; 140 mm<\/span><\/li>\n<li aria-level=\"1\"><span style=\"font-weight: 400;\">Anchura m\u00edn.-m\u00e1x. del saco: 320 &#8211; 550 mm<\/span><\/li>\n<li aria-level=\"1\"><span style=\"font-weight: 400;\">Anchura m\u00edn.-m\u00e1x. del fondo abierto 180 &#8211; 340 mm<\/span><\/li>\n<li aria-level=\"1\"><span style=\"font-weight: 400;\">Distancia m\u00edn.-m\u00e1x. del centro inferior 320 &#8211; 600 mm<\/span><\/li>\n<li aria-level=\"1\"><span style=\"font-weight: 400;\">Longitudes de tubo: 540 &#8211; 940 mm<\/span><\/li>\n<\/ul>\n<p>[\/vc_column_text][\/vc_column_inner][vc_column_inner width=&#8221;1\/2&#8243; css=&#8221;.vc_custom_1532346106600{padding-top: 0px !important;}&#8221;][vc_column_text woodmart_inline=&#8221;no&#8221; text_larger=&#8221;no&#8221;]<\/p>\n<ul>\n<li><span style=\"font-weight: 400;\">Velocidad mec\u00e1nica m\u00e1xima: 360 sacos\/min (dependiendo de la calidad del material, la cola, el tama\u00f1o del saco y la cualificaci\u00f3n del operario) <\/span><\/li>\n<li><span style=\"font-weight: 400;\">Capacidad producida al a\u00f1o 100 millones de sacos de cemento est\u00e1ndar  <\/span><\/li>\n<li><span style=\"font-weight: 400;\">Equipamiento b\u00e1sico de la fondeadora: Alimentador rotativo, Accionamiento principal, Mesa de registro, Sistema de transporte de sacos, Estaci\u00f3n de hendido del fondo, Estaci\u00f3n de apertura del fondo, Unidad de comprobaci\u00f3n de la geometr\u00eda CCS, Unidad de hendido del ancho del fondo, Estaci\u00f3n de pegado del fondo, Bastidor base para cierre del fondo de tama\u00f1o fijo o variable, Rodillos de prensado del borde del fondo, Unidades de remiendo del fondo del bastidor base, Unidad de giro del fondo, Puerta de transferencia y rechazo de sacos, Ajuste transversal motorizado.<\/span><\/li>\n<li><b>Parche de v\u00e1lvula:<\/b><\/li>\n<li><span style=\"font-weight: 400;\">Longitud de corte m\u00edn-m\u00e1x: 100 &#8211; 220 mm<\/span><\/li>\n<li><span style=\"font-weight: 400;\">Longitud m\u00edn.-m\u00e1x. de la v\u00e1lvula: 100 &#8211; 220 mm<\/span><\/li>\n<li><span style=\"font-weight: 400;\">Anchura m\u00edn.-m\u00e1x. del rollo: 100 &#8211; 300 mm<\/span><\/li>\n<li><b>Parche inferior:<\/b><\/li>\n<li><span style=\"font-weight: 400;\">Longitud de corte m\u00edn-m\u00e1x: 180 &#8211; 450 mm<\/span><\/li>\n<li><span style=\"font-weight: 400;\">Ancho de banda m\u00edn.-m\u00e1x.: 80 &#8211; 180 mm<\/span><\/li>\n<li><span style=\"font-weight: 400;\">1 x impresora flexogr\u00e1fica de parche inferior para un color  <\/span><\/li>\n<li><span style=\"font-weight: 400;\">1 x impresora flexogr\u00e1fica de parche inferior para segundo color  <\/span><\/li>\n<li><span style=\"font-weight: 400;\">Sistema de control de impresi\u00f3n PCS para el registro autom\u00e1tico de la impresi\u00f3n del parche inferior en relaci\u00f3n con el corte<\/span><\/li>\n<li><span style=\"font-weight: 400;\">Espacio necesario para la fondera: LxAnxAl 22-28 x 5 x 2-4 m  <\/span><\/li>\n<li><span style=\"font-weight: 400;\">Consumo de potencia: 65 kW<\/span><\/li>\n<li><span style=\"font-weight: 400;\">Carga conectada: 400 V  <\/span><\/li>\n<li><span style=\"font-weight: 400;\">Tensi\u00f3n de control: 24 V CC<\/span><\/li>\n<li><b>Planta de preparaci\u00f3n de cola HENAN<\/b><\/li>\n<li><b>Cortadora rebobinadora Longslit 1013 P<\/b><\/li>\n<li><b>A\u00f1o: 2016<\/b><\/li>\n<li><span style=\"font-weight: 400;\">Anchura de trabajo: 1350 mm<\/span><\/li>\n<li><span style=\"font-weight: 400;\">Di\u00e1metro m\u00e1ximo del rodillo desbobinador: 1300 mm<\/span><\/li>\n<li><span style=\"font-weight: 400;\">Di\u00e1metro interior m\u00e1ximo del n\u00facleo: 76 mm<\/span><\/li>\n<li><span style=\"font-weight: 400;\">Di\u00e1metro del rodillo rebobinador: 1300 mm<\/span><\/li>\n<li><span style=\"font-weight: 400;\">Di\u00e1metro interior del n\u00facleo: 76 mm<\/span><\/li>\n<li><span style=\"font-weight: 400;\">Anchura de corte: m\u00edn. 25 mm con m\u00e1x. 30 cuchillas <\/span><\/li>\n<li><span style=\"font-weight: 400;\">Material: papel de 50 &#8211; 200 g\/m<\/span><\/li>\n<li><span style=\"font-weight: 400;\">Velocidad m\u00e1xima: 400 m\/min (seg\u00fan el material)<\/span><\/li>\n<li><span style=\"font-weight: 400;\">Accionamiento: Motor trif\u00e1sico de corriente alterna KW 30<\/span><\/li>\n<li><span style=\"font-weight: 400;\">Fuente de alimentaci\u00f3n: 400 V, 50\/60 ciclos, 3 fases, 35 kVA<\/span><\/li>\n<li><span style=\"font-weight: 400;\">Planta de preparaci\u00f3n de cola y cortadora opcional: precio a confirmar<\/span><\/li>\n<li><b>Piezas de recambio &#8211; por confirmar<\/b><\/li>\n<li><b>Proces\u00f3 200 millones de sacos en total<\/b><\/li>\n<li><span style=\"font-weight: 400;\">Visible en funcionamiento<\/span><\/li>\n<li><span style=\"font-weight: 400;\">Disponibilidad inmediata<\/span><\/li>\n<li style=\"list-style-type: none;\">\n<\/li>\n<\/ul>\n<ul>\n<li style=\"list-style-type: none;\">\n<\/li>\n<\/ul>\n<ul>\n<li style=\"list-style-type: none;\">\n<\/li>\n<\/ul>\n<p>[\/vc_column_text][\/vc_column_inner][\/vc_row_inner][\/vc_column][vc_column offset=&#8221;vc_col-md-4&#8243;]\t\t\t<div class=\"info-box-wrapper\">\n\t\t\t\t<div id=\"wd-67867cab43748\" class=\" wd-rs-67867cab43748 wd-info-box wd-wpb text-left box-icon-align-left box-style-shadow color-scheme- wd-bg-none wd-off-anim wpb_animate_when_almost_visible wpb_bounceIn bounceIn wd-anim-name_bounceIn wd-items-top \">\n\t\t\t\t\t\t\t\t\t\t<div class=\"info-box-content\">\n\t\t\t\t\t\t<div class=\"info-box-subtitle subtitle-color-default wd-fontsize-xs subtitle-style-default\">Acerca de W&amp;H L\u00ednea completa multipared Impresora de cola FLEXA 820, Tuber AM 8115 CL y Bottomer AD 8300 con transistema a\u00f1o 2016<br \/>\n<\/div><h4 class=\"info-box-title title box-title-style-default wd-fontsize-m\">Informaci\u00f3n sobre la ubicaci\u00f3n<\/h4>\t\t\t\t\t\t<div class=\"info-box-inner reset-last-child\"><p>Disponible en la regi\u00f3n: <strong style=\"color: blue;\"><a href=\"https:\/\/cbscompany.com\/es\/mi-cuenta\/?redirect_to=%2Fes%2Fwp-json%2Fwp%2Fv2%2Fproduct%2F386772\" class=\"simplemodal-login\">Inicia sesi\u00f3n para ver la ubicaci\u00f3n<\/a><\/strong><\/p>\n<\/div>\n\n\t\t\t\t\t\t\t\t\t\t\t<\/div>\n\n\t\t\t\t\t\n\t\t\t\t\t<style>#wd-67867cab43748 .info-box-icon {background-color:  !important;}<\/style>\t\t\t\t<\/div>\n\t\t\t<\/div>\n\t\t[\/vc_column][\/vc_row]<\/p>\n<\/div>","protected":false},"excerpt":{"rendered":"<p>La l\u00ednea completa multipliego W&amp;H del a\u00f1o 2016 consta de tub\u00e9rculo AM 8115 CL, 3 pliegues, extremo escalonado y corte al ras, impresora en l\u00ednea Flexa 820 con un ancho de banda de 1620 mm, fondeadora AD 8300 con unidad de v\u00e1lvula para la producci\u00f3n de sacos con o sin parches inferiores y sistema de transferencia entre el tub\u00e9rculo y la fondeadora. Visible en producci\u00f3n y disponible de inmediato. <\/p>\n","protected":false},"featured_media":386773,"comment_status":"closed","ping_status":"closed","template":"","meta":{"_acf_changed":false,"om_disable_all_campaigns":false},"year-of-production":[],"product_brand":[],"product_cat":[4141,4109],"product_tag":[4223,4169,4253,4252,4250,4254,4235,4251,4099,4096],"class_list":{"0":"post-386772","1":"product","2":"type-product","3":"status-publish","4":"has-post-thumbnail","6":"product_cat-lineas-completas-de-sacos-de-papel","7":"product_cat-lineas-de-sacos-industriales","8":"product_tag-3-capas","9":"product_tag-ano-2016","10":"product_tag-con-transistema","11":"product_tag-con-unidad-de-valvula","12":"product_tag-corte-al-ras","13":"product_tag-extremo-escalonado","14":"product_tag-flexa-820","15":"product_tag-sacos-de-cemento","16":"product_tag-wh","17":"product_tag-windmoller-y-holscher","19":"first","20":"instock","21":"sold-individually","22":"shipping-taxable","23":"purchasable","24":"product-type-simple"},"acf":[],"_links":{"self":[{"href":"https:\/\/cbscompany.com\/es\/wp-json\/wp\/v2\/product\/386772","targetHints":{"allow":["GET"]}}],"collection":[{"href":"https:\/\/cbscompany.com\/es\/wp-json\/wp\/v2\/product"}],"about":[{"href":"https:\/\/cbscompany.com\/es\/wp-json\/wp\/v2\/types\/product"}],"replies":[{"embeddable":true,"href":"https:\/\/cbscompany.com\/es\/wp-json\/wp\/v2\/comments?post=386772"}],"wp:featuredmedia":[{"embeddable":true,"href":"https:\/\/cbscompany.com\/es\/wp-json\/wp\/v2\/media\/386773"}],"wp:attachment":[{"href":"https:\/\/cbscompany.com\/es\/wp-json\/wp\/v2\/media?parent=386772"}],"wp:term":[{"taxonomy":"year-of-production","embeddable":true,"href":"https:\/\/cbscompany.com\/es\/wp-json\/wp\/v2\/year-of-production?post=386772"},{"taxonomy":"product_brand","embeddable":true,"href":"https:\/\/cbscompany.com\/es\/wp-json\/wp\/v2\/product_brand?post=386772"},{"taxonomy":"product_cat","embeddable":true,"href":"https:\/\/cbscompany.com\/es\/wp-json\/wp\/v2\/product_cat?post=386772"},{"taxonomy":"product_tag","embeddable":true,"href":"https:\/\/cbscompany.com\/es\/wp-json\/wp\/v2\/product_tag?post=386772"}],"curies":[{"name":"wp","href":"https:\/\/api.w.org\/{rel}","templated":true}]}}