{"id":386544,"date":"2025-06-05T08:49:09","date_gmt":"2025-06-05T07:49:09","guid":{"rendered":"https:\/\/cbscompany.com\/machines\/sin%20categor\u00eda\/linea-de-extrusion-de-film-fundido-dolci-ano-1994\/"},"modified":"2026-04-16T11:32:30","modified_gmt":"2026-04-16T10:32:30","slug":"linea-de-extrusion-de-film-fundido-dolci-ano-1994","status":"publish","type":"product","link":"https:\/\/cbscompany.com\/es\/machines\/oferta\/linea-de-extrusion-de-film-fundido-dolci-ano-1994\/","title":{"rendered":"L\u00ednea de extrusi\u00f3n de film fundido Dolci a\u00f1o 1994"},"content":{"rendered":"<div class=\"wpb-content-wrapper\"><p>[vc_row content_placement=&#8221;top&#8221;][vc_column css=&#8221;.vc_custom_1532433256788{margin-right: 15px !important;}&#8221; offset=&#8221;vc_col-md-8&#8243;]\n\t\t<div id=\"wd-67374c1af20be\" class=\"title-wrapper wd-wpb wd-set-mb reset-last-child  wd-rs-67374c1af20be wd-title-color-default wd-title-style-default text-left vc_custom_1731677155561 wd-underline-colored\">\n\t\t\t\n\t\t\t<div class=\"liner-continer\">\n\t\t\t\t<h4 class=\"woodmart-title-container title  wd-font-weight-600 wd-fontsize-m\" >L\u00ednea de extrusi\u00f3n de film fundido Dolci a\u00f1o 1994<\/h4>\n\t\t\t\t\t\t\t<\/div>\n\t\t\t\n\t\t\t\n\t\t\t\n\t\t<\/div>\n\t\t\n\t\t[vc_row_inner css=&#8221;.vc_custom_1628672714565{margin-bottom: 35px !important;border-bottom-width: 0px !important;padding-bottom: 25px !important;border-bottom-color: rgba(129,129,129,0.2) !important;border-bottom-style: solid !important;}&#8221; row_reverse_mobile=&#8221;0&#8243; row_reverse_tablet=&#8221;0&#8243;][vc_column_inner width=&#8221;1\/2&#8243; css=&#8221;.vc_custom_1532346102929{padding-top: 0px !important;}&#8221;][vc_column_text woodmart_inline=&#8221;no&#8221; text_larger=&#8221;no&#8221;]<\/p>\n<ul>\n<li aria-level=\"1\"><b>Marca: Dolci<\/b><\/li>\n<li aria-level=\"1\"><b>A\u00f1o: 1994<\/b><\/li>\n<li aria-level=\"1\"><b>4 capas (3 + extrusora de recuperaci\u00f3n)<\/b><\/li>\n<li aria-level=\"1\"><b>Extrusor A rojo:<\/b><\/li>\n<li aria-level=\"1\"><b>Modelo: KDC 90<\/b><\/li>\n<li aria-level=\"1\"><span style=\"font-weight: 400;\">Di\u00e1metro del tornillo: 90 (L\/D): 30<\/span><\/li>\n<li aria-level=\"1\"><span style=\"font-weight: 400;\">Potencia del motor: 132 kW<\/span><\/li>\n<li aria-level=\"1\"><span style=\"font-weight: 400;\">Marca de los accionamientos de motor: Typact Moeller  <\/span><\/li>\n<li aria-level=\"1\"><span style=\"font-weight: 400;\">Tipo de motor: CC<\/span><\/li>\n<li aria-level=\"1\"><span style=\"font-weight: 400;\">Sistema de dosificaci\u00f3n Doteco modelo Compo, a\u00f1o 2009, tipo Q2, 2 componentes<\/span><\/li>\n<li aria-level=\"1\"><b>Extrusor B verde:<\/b><\/li>\n<li aria-level=\"1\"><b>Modelo:KDC 180<\/b><\/li>\n<li aria-level=\"1\"><span style=\"font-weight: 400;\">Di\u00e1metro del tornillo: 180 (L\/D): 26,5<\/span><\/li>\n<li aria-level=\"1\"><span style=\"font-weight: 400;\">Potencia del motor: 283 kW<\/span><\/li>\n<li aria-level=\"1\"><span style=\"font-weight: 400;\">Marca de los accionamientos de motor: Typact Moeller<\/span><\/li>\n<li aria-level=\"1\"><span style=\"font-weight: 400;\">Tipo de motor: CC<\/span><\/li>\n<li aria-level=\"1\"><span style=\"font-weight: 400;\">Sistema de dosificaci\u00f3n Doteco modelo Compo, a\u00f1o 2009, tipo Q4, 4 componentes<\/span><\/li>\n<li aria-level=\"1\"><b>Extrusor C amarillo:<\/b><\/li>\n<li aria-level=\"1\"><b>Modelo 105 DE<\/b><\/li>\n<li aria-level=\"1\"><span style=\"font-weight: 400;\">Di\u00e1metro del tornillo: 105 (L\/D): 30<\/span><\/li>\n<li aria-level=\"1\"><span style=\"font-weight: 400;\">Potencia del motor: 181 kW<\/span><\/li>\n<li aria-level=\"1\"><span style=\"font-weight: 400;\">Marca de los accionamientos de motor: Typact Moeller<\/span><\/li>\n<li aria-level=\"1\"><span style=\"font-weight: 400;\">Tipo de motor: CC<\/span><\/li>\n<li aria-level=\"1\"><span style=\"font-weight: 400;\">Sistema de dosificaci\u00f3n Doteco modelo Compo, a\u00f1o 2009, tipo Q2, 2 componentes<\/span><\/li>\n<li aria-level=\"1\"><b>Extrusora de recuperaci\u00f3n R<\/b><\/li>\n<li aria-level=\"1\"><span style=\"font-weight: 400;\">Marca: Amwill<\/span><\/li>\n<li aria-level=\"1\"><span style=\"font-weight: 400;\">Modelo: RE105<\/span><\/li>\n<li aria-level=\"1\"><span style=\"font-weight: 400;\">A\u00f1o: 2008<\/span><\/li>\n<li aria-level=\"1\"><span style=\"font-weight: 400;\">Di\u00e1metro del tornillo 105 (L\/D): 6<\/span><\/li>\n<li aria-level=\"1\"><span style=\"font-weight: 400;\">Potencia del motor: 45 kW<\/span><\/li>\n<li aria-level=\"1\"><span style=\"font-weight: 400;\">Marca de los accionamientos de motor: ABB<\/span><\/li>\n<li aria-level=\"1\"><span style=\"font-weight: 400;\">Tipo de motor: CA<\/span><\/li>\n<li aria-level=\"1\"><b>Cabeza<\/b><\/li>\n<\/ul>\n<p>[\/vc_column_text][\/vc_column_inner][vc_column_inner width=&#8221;1\/2&#8243; css=&#8221;.vc_custom_1532346106600{padding-top: 0px !important;}&#8221;][vc_column_text woodmart_inline=&#8221;no&#8221; text_larger=&#8221;no&#8221;]<\/p>\n<ul>\n<li aria-level=\"1\"><span style=\"font-weight: 400;\">Modelo: L14-A-B-A<\/span><\/li>\n<li aria-level=\"1\"><span style=\"font-weight: 400;\">Marca: Simplas<\/span><\/li>\n<li aria-level=\"1\"><span style=\"font-weight: 400;\">A\u00f1o: 1994<\/span><\/li>\n<li aria-level=\"1\"><span style=\"font-weight: 400;\">Longitud: 2950 mm<\/span><\/li>\n<li aria-level=\"1\"><span style=\"font-weight: 400;\">Cuchilla de aspiraci\u00f3n: Dolci<\/span><\/li>\n<li aria-level=\"1\"><b>Control del espesor<\/b><\/li>\n<li aria-level=\"1\"><span style=\"font-weight: 400;\">Marca: Sistemas Electr\u00f3nicos<\/span><\/li>\n<li aria-level=\"1\"><span style=\"font-weight: 400;\">Modelo: Sintel WIX<\/span><\/li>\n<li aria-level=\"1\"><span style=\"font-weight: 400;\">A\u00f1o: 2009<\/span><\/li>\n<li aria-level=\"1\"><b>Fijador de aristas<\/b><span style=\"font-weight: 400;\">: Eltex, modelo KNH34\/N2A, a\u00f1o 2010<\/span><\/li>\n<li aria-level=\"1\"><span style=\"font-weight: 400;\">Rodillo enfriador primario: anchura 3000 mm (di\u00e1metro 1000 mm), sistema de refrigeraci\u00f3n por agua<\/span><\/li>\n<li aria-level=\"1\"><span style=\"font-weight: 400;\">Rodillo enfriador secundario: anchura 3000 mm (di\u00e1metro 350 mm), sistema de refrigeraci\u00f3n por agua<\/span><\/li>\n<li aria-level=\"1\"><b>Estaci\u00f3n de recogida:<\/b><\/li>\n<li aria-level=\"1\"><span style=\"font-weight: 400;\">Marca: Tecnicol<\/span><\/li>\n<li aria-level=\"1\"><span style=\"font-weight: 400;\">Modelo 27\/27<\/span><\/li>\n<li aria-level=\"1\"><span style=\"font-weight: 400;\">A\u00f1o: 1994<\/span><\/li>\n<li aria-level=\"1\"><span style=\"font-weight: 400;\">Tipo: 2 Recogida<\/span><\/li>\n<li aria-level=\"1\"><span style=\"font-weight: 400;\">Anchura \u00fatil: 2500 mm<\/span><\/li>\n<li aria-level=\"1\"><span style=\"font-weight: 400;\">Velocidad m\u00e1xima: 450 mm<\/span><\/li>\n<li aria-level=\"1\"><span style=\"font-weight: 400;\">Di\u00e1metro m\u00edn.-m\u00e1x. de la bobina: 210 &#8211; 600 mm<\/span><\/li>\n<li aria-level=\"1\"><b>Oscilador:<\/b><\/li>\n<li aria-level=\"1\"><span style=\"font-weight: 400;\">Marca: E + L<\/span><\/li>\n<li aria-level=\"1\"><span style=\"font-weight: 400;\">Modelo: DR7041<\/span><\/li>\n<li aria-level=\"1\"><span style=\"font-weight: 400;\">A\u00f1o: 1994<\/span><\/li>\n<li aria-level=\"1\"><span style=\"font-weight: 400;\">Anchura: 3000 mm<\/span><\/li>\n<li aria-level=\"1\"><b>Trituradora de recortes:<\/b><\/li>\n<li aria-level=\"1\"><span style=\"font-weight: 400;\">Marca: Croci<\/span><\/li>\n<li aria-level=\"1\"><span style=\"font-weight: 400;\">Modelo: 500\/4-3\/5<\/span><\/li>\n<li aria-level=\"1\"><span style=\"font-weight: 400;\">A\u00f1o: 2001<\/span><\/li>\n<li aria-level=\"1\"><span style=\"font-weight: 400;\">Anchura del granulador: 500 mm<\/span><\/li>\n<li style=\"font-weight: 400;\" aria-level=\"1\"><span style=\"font-weight: 400;\">Parado pero conectado<\/span><\/li>\n<li style=\"font-weight: 400;\" aria-level=\"1\"><span style=\"font-weight: 400;\">Disponibilidad inmediata<\/span><\/li>\n<li style=\"list-style-type: none;\">\n<\/li>\n<\/ul>\n<ul>\n<li style=\"list-style-type: none;\">\n<\/li>\n<\/ul>\n<ul>\n<li style=\"list-style-type: none;\">\n<\/li>\n<\/ul>\n<ul>\n<li style=\"list-style-type: none;\">\n<\/li>\n<\/ul>\n<p>[\/vc_column_text][\/vc_column_inner][\/vc_row_inner][\/vc_column][vc_column offset=&#8221;vc_col-md-4&#8243;]\t\t\t<div class=\"info-box-wrapper\">\n\t\t\t\t<div id=\"wd-67374c3716b48\" class=\" wd-rs-67374c3716b48 wd-info-box wd-wpb text-left box-icon-align-left box-style-shadow color-scheme- wd-bg-none wd-off-anim wpb_animate_when_almost_visible wpb_bounceIn bounceIn wd-anim-name_bounceIn wd-items-top \">\n\t\t\t\t\t\t\t\t\t\t<div class=\"info-box-content\">\n\t\t\t\t\t\t<div class=\"info-box-subtitle subtitle-color-default wd-fontsize-xs subtitle-style-default\">Sobre la l\u00ednea de extrusi\u00f3n de film fundido Dolci a\u00f1o 1994<\/div><h4 class=\"info-box-title title box-title-style-default wd-fontsize-m\">Informaci\u00f3n sobre la ubicaci\u00f3n<\/h4>\t\t\t\t\t\t<div class=\"info-box-inner reset-last-child\"><p>Disponible en la regi\u00f3n: <strong style=\"color: blue;\"><a href=\/my-account\/?redirect_to=\/es\/wp-json\/wp\/v2\/product\/386544 class=simplemodal-login>Log in to see location<\/a><\/strong><\/p>\n<\/div>\n\n\t\t\t\t\t\t\t\t\t\t\t<\/div>\n\n\t\t\t\t\t\n\t\t\t\t\t<style>#wd-67374c3716b48 .info-box-icon {background-color:  !important;}<\/style>\t\t\t\t<\/div>\n\t\t\t<\/div>\n\t\t[\/vc_column][\/vc_row]<\/p>\n<\/div>","protected":false},"excerpt":{"rendered":"<p>La l\u00ednea de extrusi\u00f3n de film fundido Dolci consta de 3 extrusoras m\u00e1s una extrusora de recuperaci\u00f3n. Est\u00e1 equipada con fijador de bordes, rodillo enfriador primario y secundario, estaci\u00f3n de recogida y trituradora de recortes. <\/p>\n","protected":false},"featured_media":386547,"comment_status":"closed","ping_status":"closed","template":"","meta":{"_acf_changed":false,"om_disable_all_campaigns":false},"year-of-production":[],"product_brand":[],"product_cat":[4187,4186,4011],"product_tag":[4189,4135,4188,4193,4192,4190,4191],"class_list":{"0":"post-386544","1":"product","2":"type-product","3":"status-publish","4":"has-post-thumbnail","6":"product_cat-extrusoras","7":"product_cat-extrusoras-de-fundicion","8":"product_cat-oferta","9":"product_tag-amwill","10":"product_tag-ano-1994","11":"product_tag-dolci","12":"product_tag-doteco","13":"product_tag-e-l","14":"product_tag-sistemas-electronicos","15":"product_tag-tecnicol","17":"first","18":"instock","19":"sale","20":"sold-individually","21":"shipping-taxable","22":"purchasable","23":"product-type-simple"},"acf":[],"_links":{"self":[{"href":"https:\/\/cbscompany.com\/es\/wp-json\/wp\/v2\/product\/386544","targetHints":{"allow":["GET"]}}],"collection":[{"href":"https:\/\/cbscompany.com\/es\/wp-json\/wp\/v2\/product"}],"about":[{"href":"https:\/\/cbscompany.com\/es\/wp-json\/wp\/v2\/types\/product"}],"replies":[{"embeddable":true,"href":"https:\/\/cbscompany.com\/es\/wp-json\/wp\/v2\/comments?post=386544"}],"wp:featuredmedia":[{"embeddable":true,"href":"https:\/\/cbscompany.com\/es\/wp-json\/wp\/v2\/media\/386547"}],"wp:attachment":[{"href":"https:\/\/cbscompany.com\/es\/wp-json\/wp\/v2\/media?parent=386544"}],"wp:term":[{"taxonomy":"year-of-production","embeddable":true,"href":"https:\/\/cbscompany.com\/es\/wp-json\/wp\/v2\/year-of-production?post=386544"},{"taxonomy":"product_brand","embeddable":true,"href":"https:\/\/cbscompany.com\/es\/wp-json\/wp\/v2\/product_brand?post=386544"},{"taxonomy":"product_cat","embeddable":true,"href":"https:\/\/cbscompany.com\/es\/wp-json\/wp\/v2\/product_cat?post=386544"},{"taxonomy":"product_tag","embeddable":true,"href":"https:\/\/cbscompany.com\/es\/wp-json\/wp\/v2\/product_tag?post=386544"}],"curies":[{"name":"wp","href":"https:\/\/api.w.org\/{rel}","templated":true}]}}