{"id":386477,"date":"2025-06-05T08:51:09","date_gmt":"2025-06-05T07:51:09","guid":{"rendered":"https:\/\/cbscompany.com\/machines\/sin%20categor\u00eda\/uteco-diamond-hp-108-modelo-150-ano-2011\/"},"modified":"2026-04-06T11:08:08","modified_gmt":"2026-04-06T10:08:08","slug":"uteco-diamond-hp-108-modelo-150-ano-2011","status":"publish","type":"product","link":"https:\/\/cbscompany.com\/es\/machines\/impresoras-flexograficas\/impresoras-flexograficas-c-i-para-film\/uteco-diamond-hp-108-modelo-150-ano-2011\/","title":{"rendered":"Uteco Diamond HP 108 modelo 150 a\u00f1o 2011"},"content":{"rendered":"<div class=\"wpb-content-wrapper\"><p>[vc_row content_placement=&#8221;top&#8221;][vc_column css=&#8221;.vc_custom_1532433256788{margin-right: 15px !important;}&#8221; offset=&#8221;vc_col-md-8&#8243;]\n\t\t<div id=\"wd-67daddfb837de\" class=\"title-wrapper wd-wpb wd-set-mb reset-last-child  wd-rs-67daddfb837de wd-title-color-default wd-title-style-default text-left vc_custom_1742396882505 wd-underline-colored\">\n\t\t\t\n\t\t\t<div class=\"liner-continer\">\n\t\t\t\t<h4 class=\"woodmart-title-container title  wd-font-weight-600 wd-fontsize-m\" >Uteco Diamond HP 108 modelo 150 a\u00f1o 2011<\/h4>\n\t\t\t\t\t\t\t<\/div>\n\t\t\t\n\t\t\t\n\t\t\t\n\t\t<\/div>\n\t\t\n\t\t[vc_row_inner css=&#8221;.vc_custom_1628672714565{margin-bottom: 35px !important;border-bottom-width: 0px !important;padding-bottom: 25px !important;border-bottom-color: rgba(129,129,129,0.2) !important;border-bottom-style: solid !important;}&#8221; row_reverse_mobile=&#8221;0&#8243; row_reverse_tablet=&#8221;0&#8243;][vc_column_inner width=&#8221;1\/2&#8243; css=&#8221;.vc_custom_1532346102929{padding-top: 0px !important;}&#8221;][vc_column_text woodmart_inline=&#8221;no&#8221; text_larger=&#8221;no&#8221;]<\/p>\n<ul>\n<li aria-level=\"1\"><b>Marca: Uteco<\/b><\/li>\n<li aria-level=\"1\"><b>Modelo: Diamante HP 108<\/b><\/li>\n<li aria-level=\"1\"><b>A\u00f1o: 2011<\/b><\/li>\n<li aria-level=\"1\"><span style=\"font-weight: 400;\">10 colores<\/span><\/li>\n<li aria-level=\"1\"><span style=\"font-weight: 400;\">Anchura del material: 1550 mm<\/span><\/li>\n<li aria-level=\"1\"><span style=\"font-weight: 400;\">Anchura de impresi\u00f3n: 1500 mm<\/span><\/li>\n<li aria-level=\"1\"><span style=\"font-weight: 400;\">Repetici\u00f3n de impresi\u00f3n m\u00edn-m\u00e1x: 420 &#8211; 870 mm<\/span><\/li>\n<li aria-level=\"1\"><span style=\"font-weight: 400;\">Desbobinador\/rebobinador: DT-U1000<\/span><\/li>\n<li aria-level=\"1\"><span style=\"font-weight: 400;\">Di\u00e1metro m\u00e1ximo de la bobina del desbobinador\/rebobinador 1000 mm<\/span><\/li>\n<li aria-level=\"1\"><span style=\"font-weight: 400;\">N\u00facleo interno: 76 &#8211; 152 mm<\/span><\/li>\n<li aria-level=\"1\"><span style=\"font-weight: 400;\">Sistema autom\u00e1tico de lavado de tambor<\/span><\/li>\n<li aria-level=\"1\"><span style=\"font-weight: 400;\">Limpieza autom\u00e1tica de las unidades de impresi\u00f3n<\/span><\/li>\n<li aria-level=\"1\"><span style=\"font-weight: 400;\">Registro autom\u00e1tico BST<\/span><\/li>\n<li style=\"font-weight: 400;\" aria-level=\"1\"><span style=\"font-weight: 400;\">Diagonal bajo la cubierta para la impresi\u00f3n de la parte delantera y trasera en la mitad de la anchura m\u00e1xima<\/span><\/li>\n<\/ul>\n<p>[\/vc_column_text][\/vc_column_inner][vc_column_inner width=&#8221;1\/2&#8243; css=&#8221;.vc_custom_1532346106600{padding-top: 0px !important;}&#8221;][vc_column_text css=&#8221;&#8221; woodmart_inline=&#8221;no&#8221; text_larger=&#8221;no&#8221;]<\/p>\n<ul>\n<li><span style=\"font-weight: 400;\">KISS-AND-GO de Grafikontrol<\/span><\/li>\n<li><span style=\"font-weight: 400;\">Comprobaci\u00f3n de defectos 100&#215;100 de control gr\u00e1fico<\/span><\/li>\n<li><span style=\"font-weight: 400;\">Anilox: total 16: 1 x 120, 1&#215;130, 2&#215;140, 3&#215;220, 1&#215;260, 2&#215;320, 2&#215;380, 3&#215;420, 1&#215;480 mm  <\/span><\/li>\n<li><span style=\"font-weight: 400;\">Fundas: total 50: 10&#215;640, 10&#215;650, 10&#215;660, 10&#215;750, 6&#215;800 mm<\/span><\/li>\n<li><span style=\"font-weight: 400;\">Portador: 10<\/span><\/li>\n<li><span style=\"font-weight: 400;\">Dep\u00f3sitos de tinta: 10<\/span><\/li>\n<li><span style=\"font-weight: 400;\">Soporte de tinta: 10<\/span><\/li>\n<li><span style=\"font-weight: 400;\">Velocidad: 600 m\/min<\/span><\/li>\n<li><b>Con <\/b><b>lavadora autom\u00e1tica para limpiar clich\u00e9s<\/b><\/li>\n<li><span style=\"font-weight: 400;\">Visible en producci\u00f3n<\/span><\/li>\n<li><span style=\"font-weight: 400;\">Disponibilidad: a confirmar en el momento del pedido<\/span><\/li>\n<li style=\"list-style-type: none;\">\n<\/li>\n<\/ul>\n<p>[\/vc_column_text][\/vc_column_inner][\/vc_row_inner][\/vc_column][vc_column offset=&#8221;vc_col-md-4&#8243;]\t\t\t<div class=\"info-box-wrapper\">\n\t\t\t\t<div id=\"wd-67dac83b8725b\" class=\" wd-rs-67dac83b8725b wd-info-box wd-wpb text-left box-icon-align-left box-style-shadow color-scheme- wd-bg-none wd-off-anim wpb_animate_when_almost_visible wpb_bounceIn bounceIn wd-anim-name_bounceIn wd-items-top \">\n\t\t\t\t\t\t\t\t\t\t<div class=\"info-box-content\">\n\t\t\t\t\t\t<div class=\"info-box-subtitle subtitle-color-default wd-fontsize-xs subtitle-style-default\">Acerca de Uteco Diamond HP 108 modelo 150 a\u00f1o 2011<\/div><h4 class=\"info-box-title title box-title-style-default wd-fontsize-m\">Informaci\u00f3n sobre la ubicaci\u00f3n<\/h4>\t\t\t\t\t\t<div class=\"info-box-inner reset-last-child\"><p>Disponible en la regi\u00f3n: <strong style=\"color: blue;\"><a href=\"https:\/\/cbscompany.com\/es\/mi-cuenta\/?redirect_to=%2Fes%2Fwp-json%2Fwp%2Fv2%2Fproduct%2F386477\" class=\"simplemodal-login\">Inicia sesi\u00f3n para ver la ubicaci\u00f3n<\/a><\/strong><\/p>\n<\/div>\n\n\t\t\t\t\t\t\t\t\t\t\t<\/div>\n\n\t\t\t\t\t\n\t\t\t\t\t<style>#wd-67dac83b8725b .info-box-icon {background-color:  !important;}<\/style>\t\t\t\t<\/div>\n\t\t\t<\/div>\n\t\t[\/vc_column][\/vc_row]<\/p>\n<\/div>","protected":false},"excerpt":{"rendered":"<p>La Uteco Diamond HP 108 modelo 150 del a\u00f1o 2011 es una impresora flexogr\u00e1fica CI para film. Est\u00e1 equipada con una lavadora autom\u00e1tica para limpiar los clich\u00e9s. <\/p>\n","protected":false},"featured_media":386514,"comment_status":"closed","ping_status":"closed","template":"","meta":{"_acf_changed":false,"om_disable_all_campaigns":false},"year-of-production":[],"product_brand":[],"product_cat":[3766,3765],"product_tag":[4177,4030,4176,4178,4179,4144],"class_list":{"0":"post-386477","1":"product","2":"type-product","3":"status-publish","4":"has-post-thumbnail","6":"product_cat-impresoras-flexograficas","7":"product_cat-impresoras-flexograficas-c-i-para-film","8":"product_tag-10-colores","9":"product_tag-ano-2011","10":"product_tag-diamante-hp-108","11":"product_tag-dt-u1000","12":"product_tag-lisa-9-12pm","13":"product_tag-uteco","15":"first","16":"instock","17":"sold-individually","18":"shipping-taxable","19":"purchasable","20":"product-type-simple"},"acf":[],"_links":{"self":[{"href":"https:\/\/cbscompany.com\/es\/wp-json\/wp\/v2\/product\/386477","targetHints":{"allow":["GET"]}}],"collection":[{"href":"https:\/\/cbscompany.com\/es\/wp-json\/wp\/v2\/product"}],"about":[{"href":"https:\/\/cbscompany.com\/es\/wp-json\/wp\/v2\/types\/product"}],"replies":[{"embeddable":true,"href":"https:\/\/cbscompany.com\/es\/wp-json\/wp\/v2\/comments?post=386477"}],"wp:featuredmedia":[{"embeddable":true,"href":"https:\/\/cbscompany.com\/es\/wp-json\/wp\/v2\/media\/386514"}],"wp:attachment":[{"href":"https:\/\/cbscompany.com\/es\/wp-json\/wp\/v2\/media?parent=386477"}],"wp:term":[{"taxonomy":"year-of-production","embeddable":true,"href":"https:\/\/cbscompany.com\/es\/wp-json\/wp\/v2\/year-of-production?post=386477"},{"taxonomy":"product_brand","embeddable":true,"href":"https:\/\/cbscompany.com\/es\/wp-json\/wp\/v2\/product_brand?post=386477"},{"taxonomy":"product_cat","embeddable":true,"href":"https:\/\/cbscompany.com\/es\/wp-json\/wp\/v2\/product_cat?post=386477"},{"taxonomy":"product_tag","embeddable":true,"href":"https:\/\/cbscompany.com\/es\/wp-json\/wp\/v2\/product_tag?post=386477"}],"curies":[{"name":"wp","href":"https:\/\/api.w.org\/{rel}","templated":true}]}}