{"id":386433,"date":"2025-06-05T08:49:12","date_gmt":"2025-06-05T07:49:12","guid":{"rendered":"https:\/\/cbscompany.com\/machines\/sin%20categor\u00eda\/uteco-onyx-876-gl-140-ano-2008\/"},"modified":"2026-04-06T11:08:37","modified_gmt":"2026-04-06T10:08:37","slug":"uteco-onyx-876-gl-140-ano-2008","status":"publish","type":"product","link":"https:\/\/cbscompany.com\/es\/machines\/impresoras-flexograficas\/impresoras-flexograficas-c-i-para-film\/uteco-onyx-876-gl-140-ano-2008\/","title":{"rendered":"Uteco Onyx 876 GL 140 a\u00f1o 2008"},"content":{"rendered":"<div class=\"wpb-content-wrapper\"><p>[vc_row content_placement=&#8221;top&#8221;][vc_column css=&#8221;.vc_custom_1532433256788{margin-right: 15px !important;}&#8221; offset=&#8221;vc_col-md-8&#8243;]\n\t\t<div id=\"wd-6752cf8d0a5b0\" class=\"title-wrapper wd-wpb wd-set-mb reset-last-child  wd-rs-6752cf8d0a5b0 wd-title-color-default wd-title-style-default text-left vc_custom_1733480256199 wd-underline-colored\">\n\t\t\t\n\t\t\t<div class=\"liner-continer\">\n\t\t\t\t<h4 class=\"woodmart-title-container title  wd-font-weight-600 wd-fontsize-m\" >Uteco Onyx 876 GL 140 a\u00f1o 2008<\/h4>\n\t\t\t\t\t\t\t<\/div>\n\t\t\t\n\t\t\t\n\t\t\t\n\t\t<\/div>\n\t\t\n\t\t[vc_row_inner css=&#8221;.vc_custom_1628672714565{margin-bottom: 35px !important;border-bottom-width: 0px !important;padding-bottom: 25px !important;border-bottom-color: rgba(129,129,129,0.2) !important;border-bottom-style: solid !important;}&#8221; row_reverse_mobile=&#8221;0&#8243; row_reverse_tablet=&#8221;0&#8243;][vc_column_inner width=&#8221;1\/2&#8243; css=&#8221;.vc_custom_1532346102929{padding-top: 0px !important;}&#8221;][vc_column_text css=&#8221;&#8221; woodmart_inline=&#8221;no&#8221; text_larger=&#8221;no&#8221;]<\/p>\n<ul>\n<li dir=\"ltr\" role=\"presentation\"><strong>Marca: Uteco<\/strong><\/li>\n<li dir=\"ltr\" role=\"presentation\"><strong>Tipo: \u00d3nice 876 GL 140<\/strong><\/li>\n<li dir=\"ltr\" role=\"presentation\"><strong>A\u00f1o: 2008<\/strong><\/li>\n<li dir=\"ltr\" role=\"presentation\"><strong>Tambor central<\/strong><\/li>\n<li dir=\"ltr\" role=\"presentation\"><strong>Sin engranajes<\/strong><\/li>\n<li dir=\"ltr\" role=\"presentation\"><strong>8+0 colores<\/strong><\/li>\n<li dir=\"ltr\" role=\"presentation\">Anchura m\u00e1xima del material: 1450 mm<\/li>\n<li dir=\"ltr\" role=\"presentation\">Anchura m\u00e1xima de impresi\u00f3n: 1400 mm<\/li>\n<li dir=\"ltr\" role=\"presentation\">Repeticiones de impresi\u00f3n m\u00edn-m\u00e1x: 300-760 mm<\/li>\n<li dir=\"ltr\" role=\"presentation\">Materiales: BOPP, PE, PET, MOPP<\/li>\n<li dir=\"ltr\" role=\"presentation\">Tintas con base disolvente<\/li>\n<li dir=\"ltr\" role=\"presentation\">Velocidad mec\u00e1nica m\u00e1xima: 365 m\/min<\/li>\n<li dir=\"ltr\" role=\"presentation\">Grosor del clich\u00e9: 2,84 mm + 0,55 mm<\/li>\n<li dir=\"ltr\" role=\"presentation\">Desbobinador semiautom\u00e1tico<\/li>\n<li dir=\"ltr\" role=\"presentation\">Di\u00e1metro desbobinador: 1000 mm<\/li>\n<li dir=\"ltr\" role=\"presentation\">Telec\u00e1mara: BST SHS3000<\/li>\n<li dir=\"ltr\" role=\"presentation\">Rebobinador autom\u00e1tico<\/li>\n<li dir=\"ltr\" role=\"presentation\">Di\u00e1metro de la rebobinadora: 1000 mm<\/li>\n<li>Elevador electromec\u00e1nico de bobinas<\/li>\n<\/ul>\n<p>[\/vc_column_text][\/vc_column_inner][vc_column_inner width=&#8221;1\/2&#8243; css=&#8221;.vc_custom_1532346106600{padding-top: 0px !important;}&#8221;][vc_column_text css=&#8221;&#8221; woodmart_inline=&#8221;no&#8221; text_larger=&#8221;no&#8221;]<\/p>\n<ul>\n<li dir=\"ltr\" role=\"presentation\">Gu\u00eda web OPG BST<\/li>\n<li dir=\"ltr\" role=\"presentation\">Bombas neum\u00e1ticas<\/li>\n<li dir=\"ltr\" role=\"presentation\">Viscos\u00edmetros GAMA G25<\/li>\n<li dir=\"ltr\" role=\"presentation\">Sistema LEL: Zelweger<\/li>\n<li dir=\"ltr\" role=\"presentation\">Control autom\u00e1tico de la temperatura: Jonson<\/li>\n<li dir=\"ltr\" role=\"presentation\">Secado: pilas de aceite<\/li>\n<li dir=\"ltr\" role=\"presentation\">Recirculaci\u00f3n autom\u00e1tica: s\u00ed<\/li>\n<li dir=\"ltr\" role=\"presentation\">Fundas (8 en total) 2 x 319 mm, 2 x 369 mm, 2 x 429 mm, 2 x 489 mm<\/li>\n<li dir=\"ltr\" role=\"presentation\"><span style=\"font-weight: 400;\">Aniloxes (8 en total): <\/span><span style=\"font-weight: 400;\">N\u00ba 4: 360 l\u00edneas V 4,5; N\u00ba 1: 100 l\u00edneas V 13; N\u00ba 1: 140 l\u00edneas V 13; N\u00ba 1: 180 l\u00edneas V 9; N\u00ba 1: 100 Iines V 9,5; N\u00ba 1: 260 l\u00edneas V 6<\/span><\/li>\n<li dir=\"ltr\" role=\"presentation\">Cuchillas de m\u00e9dico n.\u00ba 2 &#8211; recambios, 8 ya instaladas<\/li>\n<li dir=\"ltr\" role=\"presentation\">N\u00ba 2 Accionamientos SP2403<\/li>\n<li dir=\"ltr\" role=\"presentation\">N\u00ba 1 Tarjeta SH 1 para control de registros<\/li>\n<li dir=\"ltr\" role=\"presentation\">N\u00ba 2 Motores BRL125\/6DHJ<\/li>\n<li dir=\"ltr\" role=\"presentation\">Alimentaci\u00f3n el\u00e9ctrica: 400 V frecuencia trif\u00e1sica 50 Hz; presi\u00f3n de aire 6 bar<\/li>\n<li dir=\"ltr\" role=\"presentation\">Visible en producci\u00f3n<\/li>\n<li dir=\"ltr\" role=\"presentation\">Disponibilidad inmediata<\/li>\n<\/ul>\n<p>[\/vc_column_text][\/vc_column_inner][\/vc_row_inner][\/vc_column][vc_column offset=&#8221;vc_col-md-4&#8243;]\t\t\t<div class=\"info-box-wrapper\">\n\t\t\t\t<div id=\"wd-6752cfb1b79ec\" class=\" wd-rs-6752cfb1b79ec wd-info-box wd-wpb text-left box-icon-align-left box-style-shadow color-scheme- wd-bg-none wd-off-anim wpb_animate_when_almost_visible wpb_bounceIn bounceIn wd-anim-name_bounceIn wd-items-top \">\n\t\t\t\t\t\t\t\t\t\t<div class=\"info-box-content\">\n\t\t\t\t\t\t<div class=\"info-box-subtitle subtitle-color-default wd-fontsize-xs subtitle-style-default\">Acerca de Uteco Onyx 876 GL 140 a\u00f1o 2008<\/div><h4 class=\"info-box-title title box-title-style-default wd-fontsize-m\">Informaci\u00f3n sobre la ubicaci\u00f3n<\/h4>\t\t\t\t\t\t<div class=\"info-box-inner reset-last-child\"><p>Disponible en la regi\u00f3n: <strong style=\"color: blue;\"><a href=\"https:\/\/cbscompany.com\/es\/mi-cuenta\/?redirect_to=%2Fes%2Fwp-json%2Fwp%2Fv2%2Fproduct%2F386433\" class=\"simplemodal-login\">Inicia sesi\u00f3n para ver la ubicaci\u00f3n<\/a><\/strong><\/p>\n<\/div>\n\n\t\t\t\t\t\t\t\t\t\t\t<\/div>\n\n\t\t\t\t\t\n\t\t\t\t\t<style>#wd-6752cfb1b79ec .info-box-icon {background-color:  !important;}<\/style>\t\t\t\t<\/div>\n\t\t\t<\/div>\n\t\t[\/vc_column][\/vc_row]<\/p>\n<\/div>","protected":false},"excerpt":{"rendered":"<p>La Uteco Onyx 876 GL 140 del a\u00f1o 2008 es una impresora flexogr\u00e1fica de tambor central y 8 colores dise\u00f1ada para trabajar con film. La anchura m\u00e1xima de impresi\u00f3n de la m\u00e1quina es de 1400 mm.  Disponibilidad inmediata<\/p>\n","protected":false},"featured_media":386492,"comment_status":"closed","ping_status":"closed","template":"","meta":{"_acf_changed":false,"om_disable_all_campaigns":false},"year-of-production":[],"product_brand":[],"product_cat":[3766,3765],"product_tag":[3767,4171,4173,4175,4106,3769,3770,4144],"class_list":{"0":"post-386433","1":"product","2":"type-product","3":"status-publish","4":"has-post-thumbnail","6":"product_cat-impresoras-flexograficas","7":"product_cat-impresoras-flexograficas-c-i-para-film","8":"product_tag-8-colores","9":"product_tag-ano-2008","10":"product_tag-ci","11":"product_tag-onice-876-gl-140","12":"product_tag-para-cine","13":"product_tag-sin-engranajes","14":"product_tag-tambor-central","15":"product_tag-uteco","17":"first","18":"instock","19":"featured","20":"sold-individually","21":"shipping-taxable","22":"purchasable","23":"product-type-simple"},"acf":[],"_links":{"self":[{"href":"https:\/\/cbscompany.com\/es\/wp-json\/wp\/v2\/product\/386433","targetHints":{"allow":["GET"]}}],"collection":[{"href":"https:\/\/cbscompany.com\/es\/wp-json\/wp\/v2\/product"}],"about":[{"href":"https:\/\/cbscompany.com\/es\/wp-json\/wp\/v2\/types\/product"}],"replies":[{"embeddable":true,"href":"https:\/\/cbscompany.com\/es\/wp-json\/wp\/v2\/comments?post=386433"}],"wp:featuredmedia":[{"embeddable":true,"href":"https:\/\/cbscompany.com\/es\/wp-json\/wp\/v2\/media\/386492"}],"wp:attachment":[{"href":"https:\/\/cbscompany.com\/es\/wp-json\/wp\/v2\/media?parent=386433"}],"wp:term":[{"taxonomy":"year-of-production","embeddable":true,"href":"https:\/\/cbscompany.com\/es\/wp-json\/wp\/v2\/year-of-production?post=386433"},{"taxonomy":"product_brand","embeddable":true,"href":"https:\/\/cbscompany.com\/es\/wp-json\/wp\/v2\/product_brand?post=386433"},{"taxonomy":"product_cat","embeddable":true,"href":"https:\/\/cbscompany.com\/es\/wp-json\/wp\/v2\/product_cat?post=386433"},{"taxonomy":"product_tag","embeddable":true,"href":"https:\/\/cbscompany.com\/es\/wp-json\/wp\/v2\/product_tag?post=386433"}],"curies":[{"name":"wp","href":"https:\/\/api.w.org\/{rel}","templated":true}]}}