{"id":386432,"date":"2025-06-05T08:49:12","date_gmt":"2025-06-05T07:49:12","guid":{"rendered":"https:\/\/cbscompany.com\/machines\/sin%20categor\u00eda\/uteco-onyx-876-gl-150-ano-2006\/"},"modified":"2026-04-16T11:33:50","modified_gmt":"2026-04-16T10:33:50","slug":"uteco-onyx-876-gl-150-ano-2006","status":"publish","type":"product","link":"https:\/\/cbscompany.com\/es\/machines\/impresoras-flexograficas\/impresoras-flexograficas-c-i-para-papel\/uteco-onyx-876-gl-150-ano-2006\/","title":{"rendered":"Uteco Onyx 876 GL 150 a\u00f1o 2006"},"content":{"rendered":"<div class=\"wpb-content-wrapper\"><p>[vc_row content_placement=&#8221;top&#8221;][vc_column css=&#8221;.vc_custom_1532433256788{margin-right: 15px !important;}&#8221; offset=&#8221;vc_col-md-8&#8243;]\n\t\t<div id=\"wd-6762a1cd5d77e\" class=\"title-wrapper wd-wpb wd-set-mb reset-last-child  wd-rs-6762a1cd5d77e wd-title-color-default wd-title-style-default text-left vc_custom_1734517115142 wd-underline-colored\">\n\t\t\t\n\t\t\t<div class=\"liner-continer\">\n\t\t\t\t<h4 class=\"woodmart-title-container title  wd-font-weight-600 wd-fontsize-m\" >Uteco Onyx 876 GL 150 a\u00f1o 2006<\/h4>\n\t\t\t\t\t\t\t<\/div>\n\t\t\t\n\t\t\t\n\t\t\t\n\t\t<\/div>\n\t\t\n\t\t[vc_row_inner css=&#8221;.vc_custom_1628672714565{margin-bottom: 35px !important;border-bottom-width: 0px !important;padding-bottom: 25px !important;border-bottom-color: rgba(129,129,129,0.2) !important;border-bottom-style: solid !important;}&#8221; row_reverse_mobile=&#8221;0&#8243; row_reverse_tablet=&#8221;0&#8243;][vc_column_inner width=&#8221;1\/2&#8243; css=&#8221;.vc_custom_1532346102929{padding-top: 0px !important;}&#8221;][vc_column_text css=&#8221;&#8221; woodmart_inline=&#8221;no&#8221; text_larger=&#8221;no&#8221;]<\/p>\n<ul>\n<li aria-level=\"1\"><b>Marca: Uteco<\/b><\/li>\n<li aria-level=\"1\"><b>Tipo: \u00d3nice 876 GL 150<\/b><\/li>\n<li aria-level=\"1\"><b>A\u00f1o: 2006<\/b><\/li>\n<li aria-level=\"1\"><b>Completamente revisado y reparado por el ingeniero de Uteco en el mes de abril de 2026<\/b><\/li>\n<li aria-level=\"1\"><b>Tambor central<\/b><\/li>\n<li aria-level=\"1\"><b>Sin engranajes<\/b><\/li>\n<li aria-level=\"1\"><b>8 + 1 colores<\/b><\/li>\n<li aria-level=\"1\"><span style=\"font-weight: 400;\">Anchura m\u00e1xima del material: 1550 mm<\/span><\/li>\n<li aria-level=\"1\"><span style=\"font-weight: 400;\">Anchura m\u00e1xima de impresi\u00f3n: 1500 mm<\/span><\/li>\n<li aria-level=\"1\"><span style=\"font-weight: 400;\">Repeticiones de impresi\u00f3n m\u00edn-m\u00e1x: 400-760 mm<\/span><\/li>\n<li aria-level=\"1\"><span style=\"font-weight: 400;\">Velocidad mec\u00e1nica: 365 m\/min<\/span><\/li>\n<li aria-level=\"1\"><span style=\"font-weight: 400;\">Gu\u00eda web OPG para la entrada de material<\/span><\/li>\n<li aria-level=\"1\"><span style=\"font-weight: 400;\">Secado: pilas el\u00e9ctricas<\/span><\/li>\n<li><span style=\"font-weight: 400;\">Recirculaci\u00f3n: manual  <\/span><\/li>\n<li><span style=\"font-weight: 400;\">Desbobinador Monoasse<\/span><\/li>\n<\/ul>\n<p>[\/vc_column_text][\/vc_column_inner][vc_column_inner width=&#8221;1\/2&#8243; css=&#8221;.vc_custom_1532346106600{padding-top: 0px !important;}&#8221;][vc_column_text css=&#8221;&#8221; woodmart_inline=&#8221;no&#8221; text_larger=&#8221;no&#8221;]<\/p>\n<ul>\n<li style=\"font-weight: 400;\" aria-level=\"1\"><span style=\"font-weight: 400;\">Di\u00e1metro de la desbobinadora: 1270 mm<\/span><\/li>\n<li style=\"font-weight: 400;\" aria-level=\"1\"><span style=\"font-weight: 400;\">Gu\u00eda web: OPG<\/span><\/li>\n<li style=\"font-weight: 400;\" aria-level=\"1\"><span style=\"font-weight: 400;\">C\u00e1mara: BST SHS 3000<\/span><\/li>\n<li style=\"font-weight: 400;\" aria-level=\"1\"><span style=\"font-weight: 400;\">Elevador hidr\u00e1ulico de bobinas<\/span><\/li>\n<li style=\"font-weight: 400;\" aria-level=\"1\"><span style=\"font-weight: 400;\">Rebobinadora Monoasse<\/span><\/li>\n<li style=\"font-weight: 400;\" aria-level=\"1\"><span style=\"font-weight: 400;\">Di\u00e1metro de la rebobinadora: 1270 mm<\/span><\/li>\n<li style=\"font-weight: 400;\" aria-level=\"1\">Fundas: 2 series incluidas<\/li>\n<li style=\"font-weight: 400;\" aria-level=\"1\"><span style=\"font-weight: 400;\">Aniloxes: 2 x 220 vol. 18; 2 x 80 vol. 18 Simec; 2 x 160 vol. 18 Simec.   18<\/span><\/li>\n<li aria-level=\"1\"><span style=\"font-weight: 400;\">Elevador hidr\u00e1ulico de bobinas<\/span><\/li>\n<li style=\"font-weight: 400;\" aria-level=\"1\"><span style=\"font-weight: 400;\">Cortadora de cuchillas circulares<\/span><\/li>\n<li style=\"font-weight: 400;\" aria-level=\"1\"><span style=\"font-weight: 400;\">Gu\u00eda web de la plataforma OPG<\/span><\/li>\n<li aria-level=\"1\"><span style=\"font-weight: 400;\">Dimensiones totales: 18315 x 5147 x 7600 m<\/span><\/li>\n<li style=\"font-weight: 400;\" aria-level=\"1\"><span style=\"font-weight: 400;\">Visible en funcionamiento<\/span><\/li>\n<li style=\"font-weight: 400;\" aria-level=\"1\"><span style=\"font-weight: 400;\">Disponibilidad inmediata<\/span><\/li>\n<\/ul>\n<p>[\/vc_column_text][\/vc_column_inner][\/vc_row_inner][\/vc_column][vc_column offset=&#8221;vc_col-md-4&#8243;]\t\t\t<div class=\"info-box-wrapper\">\n\t\t\t\t<div id=\"wd-6762a616cfed7\" class=\" wd-rs-6762a616cfed7 wd-info-box wd-wpb text-left box-icon-align-left box-style-shadow color-scheme- wd-bg-none wd-off-anim wpb_animate_when_almost_visible wpb_bounceIn bounceIn wd-anim-name_bounceIn wd-items-top \">\n\t\t\t\t\t\t\t\t\t\t<div class=\"info-box-content\">\n\t\t\t\t\t\t<div class=\"info-box-subtitle subtitle-color-default wd-fontsize-xs subtitle-style-default\">Acerca de Uteco Onyx 876 GL 150 a\u00f1o 2006<\/div><h4 class=\"info-box-title title box-title-style-default wd-fontsize-m\">Informaci\u00f3n sobre la ubicaci\u00f3n<\/h4>\t\t\t\t\t\t<div class=\"info-box-inner reset-last-child\"><p>Disponible en la regi\u00f3n: <strong style=\"color: blue;\"><a href=\"https:\/\/cbscompany.com\/es\/mi-cuenta\/?redirect_to=%2Fes%2Fwp-json%2Fwp%2Fv2%2Fproduct%2F386432\" class=\"simplemodal-login\">Inicia sesi\u00f3n para ver la ubicaci\u00f3n<\/a><\/strong><\/p>\n<\/div>\n\n\t\t\t\t\t\t\t\t\t\t\t<\/div>\n\n\t\t\t\t\t\n\t\t\t\t\t<style>#wd-6762a616cfed7 .info-box-icon {background-color:  !important;}<\/style>\t\t\t\t<\/div>\n\t\t\t<\/div>\n\t\t[\/vc_column][\/vc_row]<\/p>\n<\/div>","protected":false},"excerpt":{"rendered":"<p>La Uteco Onyx 876 GL 150 del a\u00f1o 2006 es una impresora flexogr\u00e1fica de 8+1 colores con tambor central dise\u00f1ada para trabajar con papier. Su anchura m\u00e1xima de impresi\u00f3n es de 1500 mm.  <span style=\"font-weight: 400;\">Disponibilidad inmediata<\/span><\/p>\n","protected":false},"featured_media":386476,"comment_status":"closed","ping_status":"closed","template":"","meta":{"_acf_changed":false,"om_disable_all_campaigns":false},"year-of-production":[],"product_brand":[],"product_cat":[3766,3773],"product_tag":[4167,4067,4102,4168,3770,4144],"class_list":{"0":"post-386432","1":"product","2":"type-product","3":"status-publish","4":"has-post-thumbnail","6":"product_cat-impresoras-flexograficas","7":"product_cat-impresoras-flexograficas-c-i-para-papel","8":"product_tag-81-color","9":"product_tag-ano-2006","10":"product_tag-c-i","11":"product_tag-onice-876-gl-150","12":"product_tag-tambor-central","13":"product_tag-uteco","15":"first","16":"instock","17":"sold-individually","18":"shipping-taxable","19":"purchasable","20":"product-type-simple"},"acf":[],"_links":{"self":[{"href":"https:\/\/cbscompany.com\/es\/wp-json\/wp\/v2\/product\/386432","targetHints":{"allow":["GET"]}}],"collection":[{"href":"https:\/\/cbscompany.com\/es\/wp-json\/wp\/v2\/product"}],"about":[{"href":"https:\/\/cbscompany.com\/es\/wp-json\/wp\/v2\/types\/product"}],"replies":[{"embeddable":true,"href":"https:\/\/cbscompany.com\/es\/wp-json\/wp\/v2\/comments?post=386432"}],"wp:featuredmedia":[{"embeddable":true,"href":"https:\/\/cbscompany.com\/es\/wp-json\/wp\/v2\/media\/386476"}],"wp:attachment":[{"href":"https:\/\/cbscompany.com\/es\/wp-json\/wp\/v2\/media?parent=386432"}],"wp:term":[{"taxonomy":"year-of-production","embeddable":true,"href":"https:\/\/cbscompany.com\/es\/wp-json\/wp\/v2\/year-of-production?post=386432"},{"taxonomy":"product_brand","embeddable":true,"href":"https:\/\/cbscompany.com\/es\/wp-json\/wp\/v2\/product_brand?post=386432"},{"taxonomy":"product_cat","embeddable":true,"href":"https:\/\/cbscompany.com\/es\/wp-json\/wp\/v2\/product_cat?post=386432"},{"taxonomy":"product_tag","embeddable":true,"href":"https:\/\/cbscompany.com\/es\/wp-json\/wp\/v2\/product_tag?post=386432"}],"curies":[{"name":"wp","href":"https:\/\/api.w.org\/{rel}","templated":true}]}}