{"id":386403,"date":"2025-06-05T09:04:36","date_gmt":"2025-06-05T08:04:36","guid":{"rendered":"https:\/\/cbscompany.com\/machines\/sin%20categor\u00eda\/nodriza-wh-am-2180-ano-1984-y-fondeadora-wh-ad-2378-ano-1995-con-paletizador-arcomat\/"},"modified":"2026-04-16T11:33:51","modified_gmt":"2026-04-16T10:33:51","slug":"nodriza-wh-am-2180-ano-1984-y-fondeadora-wh-ad-2378-ano-1995-con-paletizador-arcomat","status":"publish","type":"product","link":"https:\/\/cbscompany.com\/es\/machines\/lineas-de-sacos-industriales\/lineas-completas-de-sacos-de-papel\/nodriza-wh-am-2180-ano-1984-y-fondeadora-wh-ad-2378-ano-1995-con-paletizador-arcomat\/","title":{"rendered":"W&amp;H Tuber AM 2180 a\u00f1o 1984 y W&amp;H Bottomer AD 2378 a\u00f1o 1995 con Paletizador Arcomat"},"content":{"rendered":"<div class=\"wpb-content-wrapper\"><p>[vc_row content_placement=&#8221;top&#8221;][vc_column css=&#8221;.vc_custom_1532433256788{margin-right: 15px !important;}&#8221; offset=&#8221;vc_col-md-8&#8243;]\n\t\t<div id=\"wd-69e0b7775ae30\" class=\"title-wrapper wd-wpb wd-set-mb reset-last-child  wd-rs-69e0b7775ae30 wd-title-color-default wd-title-style-default text-left vc_custom_1776334720556 wd-underline-colored\">\n\t\t\t\n\t\t\t<div class=\"liner-continer\">\n\t\t\t\t<h4 class=\"woodmart-title-container title  wd-font-weight-600 wd-fontsize-m\" >W&amp;H Tuber AM 2180 a\u00f1o 1984 y W&amp;H Bottomer AD 2378 a\u00f1o 1995<\/h4>\n\t\t\t\t\t\t\t<\/div>\n\t\t\t\n\t\t\t\n\t\t\t\n\t\t<\/div>\n\t\t\n\t\t[vc_row_inner css=&#8221;.vc_custom_1628672714565{margin-bottom: 35px !important;border-bottom-width: 0px !important;padding-bottom: 25px !important;border-bottom-color: rgba(129,129,129,0.2) !important;border-bottom-style: solid !important;}&#8221; row_reverse_mobile=&#8221;0&#8243; row_reverse_tablet=&#8221;0&#8243;][vc_column_inner width=&#8221;1\/2&#8243; css=&#8221;.vc_custom_1532346102929{padding-top: 0px !important;}&#8221;][vc_column_text css=&#8221;&#8221; woodmart_inline=&#8221;no&#8221; text_larger=&#8221;no&#8221;]<\/p>\n<ul>\n<li aria-level=\"1\"><b>W&amp;H Tuber AM 2180<\/b><\/li>\n<li aria-level=\"1\"><b>Marca: Windmoller &amp; Holscher<\/b><\/li>\n<li aria-level=\"1\"><b>Modelo: AM 2180<\/b><\/li>\n<li aria-level=\"1\"><b>A\u00f1o: 1984<\/b><\/li>\n<li aria-level=\"1\"><b>5 capas<\/b><\/li>\n<li aria-level=\"1\"><b>Extremo escalonado y corte al ras<\/b><\/li>\n<li aria-level=\"1\"><span style=\"font-weight: 400;\">Anchura m\u00edn.-m\u00e1x. del tubo: 300 &#8211; 700 mm<\/span><\/li>\n<li aria-level=\"1\"><span style=\"font-weight: 400;\">Longitud m\u00edn.-m\u00e1x. del tubo (corte a ras) 450 &#8211; 1650 mm<\/span><\/li>\n<li aria-level=\"1\"><span style=\"font-weight: 400;\">Longitud m\u00edn.-m\u00e1x. del tubo (extremo escalonado) 450 &#8211; 1350 mm<\/span><\/li>\n<li aria-level=\"1\"><span style=\"font-weight: 400;\">Profundidad de plegado lateral: 130 mm  <\/span><\/li>\n<li aria-level=\"1\"><span style=\"font-weight: 400;\">Anchura m\u00e1xima del rollo de papel: 1430 mm<\/span><\/li>\n<li aria-level=\"1\"><span style=\"font-weight: 400;\">Di\u00e1metro m\u00e1ximo del rollo de papel: 1300 mm<\/span><\/li>\n<li aria-level=\"1\"><span style=\"font-weight: 400;\">Velocidad m\u00e1xima: 400 piezas\/min<\/span><\/li>\n<li aria-level=\"1\"><span style=\"font-weight: 400;\">5 estaciones de desenrollado (4 x papel y 1 x pel\u00edcula libre)<\/span><\/li>\n<li aria-level=\"1\"><span style=\"font-weight: 400;\">Controlador neum\u00e1tico, hidr\u00e1ulico, marca FIFE (sin el accesorio necesario)<\/span><\/li>\n<li aria-level=\"1\"><span style=\"font-weight: 400;\">Control longitudinal de la banda exterior de papel  <\/span><\/li>\n<li aria-level=\"1\"><span style=\"font-weight: 400;\">Encolado longitudinal con contrarrodillos ranurados<\/span><\/li>\n<li aria-level=\"1\"><span style=\"font-weight: 400;\">Estaci\u00f3n de formaci\u00f3n de paquetes con mesa de ca\u00edda<\/span><\/li>\n<li aria-level=\"1\"><span style=\"font-weight: 400;\">Dispositivo de cambio de rollos, de accionamiento manual<\/span><\/li>\n<li aria-level=\"1\"><span style=\"font-weight: 400;\">Sistema de control de corte<\/span><\/li>\n<li aria-level=\"1\"><span style=\"font-weight: 400;\">1 juego de rodillos de aguja montados delante del alimentador de bucle<\/span><\/li>\n<li aria-level=\"1\"><span style=\"font-weight: 400;\">Placas separadoras en el tiro principal<\/span><\/li>\n<li aria-level=\"1\"><span style=\"font-weight: 400;\">Bombas de cola para encolado longitudinal y transversal<\/span><\/li>\n<li aria-level=\"1\"><span style=\"font-weight: 400;\">Potencia nominal aproximada 51 kw<\/span><\/li>\n<li><span style=\"font-weight: 400;\">N\u00famero de tubos por paquete: aproximadamente 60<\/span><\/li>\n<\/ul>\n<p>[\/vc_column_text][\/vc_column_inner][vc_column_inner width=&#8221;1\/2&#8243; css=&#8221;.vc_custom_1532346106600{padding-top: 0px !important;}&#8221;][vc_column_text css=&#8221;&#8221; woodmart_inline=&#8221;no&#8221; text_larger=&#8221;no&#8221;]<\/p>\n<ul>\n<li><span style=\"font-weight: 400;\">Altura m\u00e1xima del paquete: 200 mm<\/span><\/li>\n<li><b>W&amp;H Bottomer AD 2378<\/b><\/li>\n<li><b>Marca: Windmoller &amp; Holscher<\/b><\/li>\n<li><b>Modelo: AD 2378<\/b><\/li>\n<li><b>A\u00f1o: 1995<\/b><\/li>\n<li><span style=\"font-weight: 400;\">Anchura m\u00edn.-m\u00e1x. del tubo: 280 &#8211; 550 (600 con rendimiento reducido) mm<\/span><\/li>\n<li><span style=\"font-weight: 400;\">Anchura inferior m\u00edn.-m\u00e1x. (corte al ras): 85 &#8211; 130 mm<\/span><\/li>\n<li><span style=\"font-weight: 400;\">Anchura m\u00edn.-m\u00e1x. del fondo (sacos con extremos escalonados) 85 &#8211; 130 mm<\/span><\/li>\n<li><span style=\"font-weight: 400;\">Longitud m\u00edn.-m\u00e1x. del tubo con anchura m\u00ednima del fondo: 450 &#8211; 910 mm<\/span><\/li>\n<li><span style=\"font-weight: 400;\">Longitud m\u00edn.-m\u00e1x. del tubo con anchura m\u00e1xima del fondo: 540 &#8211; 1020 mm<\/span><\/li>\n<li><span style=\"font-weight: 400;\">Distancia m\u00edn.\/m\u00e1x. del centro inferior: 240 &#8211; 720 mm<\/span><\/li>\n<li><span style=\"font-weight: 400;\">Producci\u00f3n: 250 piezas\/min<\/span><\/li>\n<li><span style=\"font-weight: 400;\">Frecuencia de paquetes, entrega de 2 bidones: 20 uds\/min<\/span><\/li>\n<li><b>V\u00e1lvula:<\/b><\/li>\n<li><span style=\"font-weight: 400;\">Longitud m\u00edn.-m\u00e1x.: 80 &#8211; 180 mm<\/span><\/li>\n<li><span style=\"font-weight: 400;\">Longitud de corte m\u00edn.-m\u00e1x.: 80 &#8211; 230 mm  <\/span><\/li>\n<li><span style=\"font-weight: 400;\">Anchura m\u00edn.-m\u00e1x. de la bobina: 100 &#8211; 280 mm<\/span><\/li>\n<li><span style=\"font-weight: 400;\">Fuente de alimentaci\u00f3n:<\/span><\/li>\n<li><span style=\"font-weight: 400;\">Consumo de energ\u00eda aprox: 40 kW<\/span><\/li>\n<li><span style=\"font-weight: 400;\">Tensi\u00f3n de alimentaci\u00f3n: 380 V50 Hz<\/span><\/li>\n<li>Con paletizador Arcomat<\/li>\n<li><span style=\"font-weight: 400;\">Visible en funcionamiento hasta diciembre de 2025<\/span><\/li>\n<li><span style=\"font-weight: 400;\">Plazo de entrega: Julio de 2026<\/span><\/li>\n<\/ul>\n<p>[\/vc_column_text][\/vc_column_inner][\/vc_row_inner][\/vc_column][vc_column offset=&#8221;vc_col-md-4&#8243;]\t\t\t<div class=\"info-box-wrapper\">\n\t\t\t\t<div id=\"wd-67f686ace9cb8\" class=\" wd-rs-67f686ace9cb8 wd-info-box wd-wpb text-left box-icon-align-left box-style-shadow color-scheme- wd-bg-none wd-off-anim wpb_animate_when_almost_visible wpb_bounceIn bounceIn wd-anim-name_bounceIn wd-items-top \">\n\t\t\t\t\t\t\t\t\t\t<div class=\"info-box-content\">\n\t\t\t\t\t\t<div class=\"info-box-subtitle subtitle-color-default wd-fontsize-xs subtitle-style-default\">Sobre W&amp;H tub\u00e9rculo AM 2180 a\u00f1o 1984 y W&amp;H tub\u00e9rculo AD 2378 a\u00f1o 1995<\/div><h4 class=\"info-box-title title box-title-style-default wd-fontsize-m\">Informaci\u00f3n sobre la ubicaci\u00f3n<\/h4>\t\t\t\t\t\t<div class=\"info-box-inner reset-last-child\"><p>Disponible en la regi\u00f3n: <strong style=\"color: blue;\"><a href=\"https:\/\/cbscompany.com\/es\/mi-cuenta\/?redirect_to=%2Fes%2Fwp-json%2Fwp%2Fv2%2Fproduct%2F386403\" class=\"simplemodal-login\">Inicia sesi\u00f3n para ver la ubicaci\u00f3n<\/a><\/strong><\/p>\n<\/div>\n\n\t\t\t\t\t\t\t\t\t\t\t<\/div>\n\n\t\t\t\t\t\n\t\t\t\t\t<style>#wd-67f686ace9cb8 .info-box-icon {background-color:  !important;}<\/style>\t\t\t\t<\/div>\n\t\t\t<\/div>\n\t\t[\/vc_column][\/vc_row]<\/p>\n<\/div>","protected":false},"excerpt":{"rendered":"<div style=\"margin-top: 5px; display: inline-flex; align-items: center; justify-content: center; border: 2px solid #d32f2f; color: #d32f2f; font-weight: bold; padding: 6px 18px; border-radius: 12px; font-size: 17px; width: fit-content; text-align: center; box-sizing: border-box; line-height: 1; transform: translateY(-2px);\">Plazo de entrega:<br \/>\nJulio 2026<\/div>\n<hr>\n<p>La l\u00ednea est\u00e1 formada por la Tuber AM 2180 de W&amp;H del a\u00f1o 1984 y la Bottomer AD 2378 de W&amp;H del a\u00f1o 1995 y el paletizador Arcomat. Anchura del tubo de 260 a 500 mm. <\/p>\n","protected":false},"featured_media":386406,"comment_status":"closed","ping_status":"closed","template":"","meta":{"_acf_changed":false,"om_disable_all_campaigns":false},"year-of-production":[],"product_brand":[],"product_cat":[4141,4109,4149],"product_tag":[4142,4145,4118,4147,4146],"class_list":{"0":"post-386403","1":"product","2":"type-product","3":"status-publish","4":"has-post-thumbnail","6":"product_cat-lineas-completas-de-sacos-de-papel","7":"product_cat-lineas-de-sacos-industriales","8":"product_cat-proximamente","9":"product_tag-4-capas","10":"product_tag-ano-1984","11":"product_tag-ano-1995","12":"product_tag-fondeadora-wh-ad-2378","13":"product_tag-tuberculo-wh-am-2180","15":"first","16":"instock","17":"sold-individually","18":"shipping-taxable","19":"purchasable","20":"product-type-simple"},"acf":[],"_links":{"self":[{"href":"https:\/\/cbscompany.com\/es\/wp-json\/wp\/v2\/product\/386403","targetHints":{"allow":["GET"]}}],"collection":[{"href":"https:\/\/cbscompany.com\/es\/wp-json\/wp\/v2\/product"}],"about":[{"href":"https:\/\/cbscompany.com\/es\/wp-json\/wp\/v2\/types\/product"}],"replies":[{"embeddable":true,"href":"https:\/\/cbscompany.com\/es\/wp-json\/wp\/v2\/comments?post=386403"}],"wp:featuredmedia":[{"embeddable":true,"href":"https:\/\/cbscompany.com\/es\/wp-json\/wp\/v2\/media\/386406"}],"wp:attachment":[{"href":"https:\/\/cbscompany.com\/es\/wp-json\/wp\/v2\/media?parent=386403"}],"wp:term":[{"taxonomy":"year-of-production","embeddable":true,"href":"https:\/\/cbscompany.com\/es\/wp-json\/wp\/v2\/year-of-production?post=386403"},{"taxonomy":"product_brand","embeddable":true,"href":"https:\/\/cbscompany.com\/es\/wp-json\/wp\/v2\/product_brand?post=386403"},{"taxonomy":"product_cat","embeddable":true,"href":"https:\/\/cbscompany.com\/es\/wp-json\/wp\/v2\/product_cat?post=386403"},{"taxonomy":"product_tag","embeddable":true,"href":"https:\/\/cbscompany.com\/es\/wp-json\/wp\/v2\/product_tag?post=386403"}],"curies":[{"name":"wp","href":"https:\/\/api.w.org\/{rel}","templated":true}]}}