{"id":386346,"date":"2025-09-11T12:36:47","date_gmt":"2025-09-11T11:36:47","guid":{"rendered":"https:\/\/cbscompany.com\/machines\/sin%20categor\u00eda\/carint-carraro-miniflex-cx8-modelo-100-ano-2000\/"},"modified":"2026-04-16T11:28:36","modified_gmt":"2026-04-16T10:28:36","slug":"carint-carraro-miniflex-cx8-modelo-100-ano-2000","status":"publish","type":"product","link":"https:\/\/cbscompany.com\/es\/machines\/impresoras-flexograficas\/impresoras-flexograficas-c-i-para-film\/carint-carraro-miniflex-cx8-modelo-100-ano-2000\/","title":{"rendered":"Carint Carraro Miniflex CX8 modelo 100 a\u00f1o 2000"},"content":{"rendered":"<div class=\"wpb-content-wrapper\"><p>[vc_row content_placement=&#8221;top&#8221;][vc_column css=&#8221;.vc_custom_1532433256788{margin-right: 15px !important;}&#8221; offset=&#8221;vc_col-md-8&#8243;]\n\t\t<div id=\"wd-68c2a8f64368f\" class=\"title-wrapper wd-wpb wd-set-mb reset-last-child  wd-rs-68c2a8f64368f wd-title-color-default wd-title-style-default text-left vc_custom_1757587708448 wd-underline-colored\">\n\t\t\t\n\t\t\t<div class=\"liner-continer\">\n\t\t\t\t<h4 class=\"woodmart-title-container title  wd-font-weight-600 wd-fontsize-m\" >Carint Carraro Miniflex CX8 modelo 100 a\u00f1o 2000<\/h4>\n\t\t\t\t\t\t\t<\/div>\n\t\t\t\n\t\t\t\n\t\t\t\n\t\t<\/div>\n\t\t\n\t\t[vc_row_inner css=&#8221;.vc_custom_1628672714565{margin-bottom: 35px !important;border-bottom-width: 0px !important;padding-bottom: 25px !important;border-bottom-color: rgba(129,129,129,0.2) !important;border-bottom-style: solid !important;}&#8221; row_reverse_mobile=&#8221;0&#8243; row_reverse_tablet=&#8221;0&#8243;][vc_column_inner width=&#8221;1\/2&#8243; css=&#8221;.vc_custom_1532346102929{padding-top: 0px !important;}&#8221;][vc_column_text css=&#8221;&#8221; woodmart_inline=&#8221;no&#8221; text_larger=&#8221;no&#8221;]<\/p>\n<ul>\n<li aria-level=\"1\"><b>Marca: Carraro Carint Italia<\/b><\/li>\n<li aria-level=\"1\"><b>Modelo: <\/b><b>Miniflex CX8 modelo 100 <\/b> <\/li>\n<li aria-level=\"1\"><b>A\u00f1o: 2000<\/b><\/li>\n<li aria-level=\"1\"><b>8 colores<\/b><\/li>\n<li aria-level=\"1\">Tambor central<\/li>\n<li aria-level=\"1\">Tipo de engranaje<\/li>\n<li aria-level=\"1\"><span style=\"font-weight: 400;\">Anchura m\u00e1xima de impresi\u00f3n: 1100 mm<\/span><\/li>\n<li aria-level=\"1\"><span style=\"font-weight: 400;\">Repetici\u00f3n de impresi\u00f3n m\u00edn.-m\u00e1x.: 290 &#8211; 600 mm<\/span><\/li>\n<li aria-level=\"1\"><span style=\"font-weight: 400;\">Velocidad m\u00e1xima: 250 m\/min<\/span><\/li>\n<li aria-level=\"1\"><span style=\"font-weight: 400;\">Cambio autom\u00e1tico de bobina para desbobinador y rebobinador<\/span><\/li>\n<li aria-level=\"1\"><span style=\"font-weight: 400;\">Di\u00e1metro m\u00e1ximo de la bobina para el desbobinador: 800 mm<\/span><\/li>\n<li aria-level=\"1\"><span style=\"font-weight: 400;\">Di\u00e1metro m\u00e1ximo de la bobina para la rebobinadora: 800 mm<\/span><\/li>\n<li aria-level=\"1\"><span style=\"font-weight: 400;\">Registro controlado el\u00e9ctricamente, tanto lateral como longitudinalmente<\/span><\/li>\n<li aria-level=\"1\"><span style=\"font-weight: 400;\">Toma autom\u00e1tica de los juegos de entintado<\/span><\/li>\n<li aria-level=\"1\"><span style=\"font-weight: 400;\">8 c\u00e1maras Doctor Blade<\/span><\/li>\n<li style=\"font-weight: 400;\" aria-level=\"1\"><span style=\"font-weight: 400;\">Mangas (227 en total): 6 x 290, 7 x 295, 8 x 300, 8 x 310, 9 x 315, 15 x 320, 8 x 325, 16 x 330 (gastado), 8 x 340, 10 x 350, 9 x 355, 8 x 360, 7 x 365, 8 x 370, 12 x 375, 8 x 380, 8 x 385, 7 x 390, 9 x 395, 8 x 400, 1 x 405, 8 x 440, 7 x 500, 7 x 520, 12 x 550, 6 x 560, 7 x 600 (s\u00f3lo 4 fundas disponibles)<\/span><\/li>\n<\/ul>\n<p>[\/vc_column_text][\/vc_column_inner][vc_column_inner width=&#8221;1\/2&#8243; css=&#8221;.vc_custom_1532346106600{padding-top: 0px !important;}&#8221;][vc_column_text css=&#8221;&#8221; woodmart_inline=&#8221;no&#8221; text_larger=&#8221;no&#8221;]<\/p>\n<ul>\n<li><span style=\"font-weight: 400;\">Aniloxes regla-gramaje (15 en total) : 1 x 80\/40; 1 x 260\/199-7; 1 x 120\/25-10; 1 x 260-4; 1 x 110-12; 1 x 280-8; 1 x 110\/28-9; 1 x 140-9; 1 x 300-7; 1 x 280-8; 1 x 260-5,5; 2 x 160-14; 1 x 160-15; 1 x 120-8<\/span><\/li>\n<li style=\"font-weight: 400;\" aria-level=\"1\"><span style=\"font-weight: 400;\">Bombas de tinta el\u00e9ctricas<\/span><\/li>\n<li style=\"font-weight: 400;\" aria-level=\"1\"><span style=\"font-weight: 400;\">Puentes gr\u00faa el\u00e9ctricos<\/span><\/li>\n<li style=\"font-weight: 400;\" aria-level=\"1\"><span style=\"font-weight: 400;\">Guiado de los bordes de entrada y salida<\/span><\/li>\n<li style=\"font-weight: 400;\" aria-level=\"1\"><span style=\"font-weight: 400;\">Sistema DS KE 1000 &#8211; sistema de v\u00eddeo con dos monitores de visualizaci\u00f3n<\/span><\/li>\n<li style=\"font-weight: 400;\" aria-level=\"1\"><span style=\"font-weight: 400;\">Dispositivo termost\u00e1tico para el cilindro central<\/span><\/li>\n<li style=\"font-weight: 400;\" aria-level=\"1\"><span style=\"font-weight: 400;\">Dispositivo de refrigeraci\u00f3n<\/span><\/li>\n<li style=\"font-weight: 400;\" aria-level=\"1\"><span style=\"font-weight: 400;\">Brazos hidr\u00e1ulicos para elevar la bobina en la desbobinadora<\/span><\/li>\n<li style=\"font-weight: 400;\" aria-level=\"1\"><span style=\"font-weight: 400;\">Paso de la rueda dentada 5 mm<\/span><\/li>\n<li style=\"font-weight: 400;\" aria-level=\"1\"><span style=\"font-weight: 400;\">Sensores de acceso para juegos de impresi\u00f3n<\/span><\/li>\n<li style=\"font-weight: 400;\" aria-level=\"1\"><span style=\"font-weight: 400;\">Manguitos completos con engranaje<\/span><\/li>\n<li style=\"font-weight: 400;\" aria-level=\"1\"><span style=\"font-weight: 400;\">Rodillos cer\u00e1micos Raster<\/span><\/li>\n<li style=\"font-weight: 400;\" aria-level=\"1\"><span style=\"font-weight: 400;\">Juego de anilox cer\u00e1micos<\/span><\/li>\n<li aria-level=\"1\">Visible en funcionamiento<\/li>\n<li style=\"font-weight: 400;\" aria-level=\"1\"><span style=\"font-weight: 400;\">Disponibilidad inmediata<\/span><\/li>\n<\/ul>\n<p>[\/vc_column_text][\/vc_column_inner][\/vc_row_inner][\/vc_column][vc_column offset=&#8221;vc_col-md-4&#8243;]\t\t\t<div class=\"info-box-wrapper\">\n\t\t\t\t<div id=\"wd-68c2b3b5039e3\" class=\" wd-rs-68c2b3b5039e3 wd-info-box wd-wpb text-left box-icon-align-left box-style-shadow color-scheme- wd-bg-none wd-off-anim wpb_animate_when_almost_visible wpb_bounceIn bounceIn wd-anim-name_bounceIn wd-items-top \">\n\t\t\t\t\t\t\t\t\t\t<div class=\"info-box-content\">\n\t\t\t\t\t\t<div class=\"info-box-subtitle subtitle-color-default wd-fontsize-xs subtitle-style-default\">Acerca de Carint Carraro Miniflex CX8 modelo 100 a\u00f1o 2000<\/div><h4 class=\"info-box-title title box-title-style-default wd-fontsize-m\">Informaci\u00f3n sobre la ubicaci\u00f3n<\/h4>\t\t\t\t\t\t<div class=\"info-box-inner reset-last-child\"><p>Disponible en la regi\u00f3n: <strong style=\"color: blue;\"><a href=\"https:\/\/cbscompany.com\/es\/mi-cuenta\/?redirect_to=%2Fes%2Fwp-json%2Fwp%2Fv2%2Fproduct%2F386346\" class=\"simplemodal-login\">Inicia sesi\u00f3n para ver la ubicaci\u00f3n<\/a><\/strong><\/p>\n<\/div>\n\n\t\t\t\t\t\t\t\t\t\t\t<\/div>\n\n\t\t\t\t\t\n\t\t\t\t\t<style>#wd-68c2b3b5039e3 .info-box-icon {background-color:  !important;}<\/style>\t\t\t\t<\/div>\n\t\t\t<\/div>\n\t\t[\/vc_column][\/vc_row]<\/p>\n<\/div>","protected":false},"excerpt":{"rendered":"<p>Carint Carraro Miniflex CX8 modelo 100 a\u00f1o 2000 es una impresora flexogr\u00e1fica de tambor central para pel\u00edcula. Es una impresora de 8 colores con una anchura m\u00e1xima de impresi\u00f3n de 1100 mm. <\/p>\n","protected":false},"featured_media":386356,"comment_status":"closed","ping_status":"closed","template":"","meta":{"_acf_changed":false,"om_disable_all_campaigns":false},"year-of-production":[],"product_brand":[],"product_cat":[3766,3765],"product_tag":[3767,4126,4128,4129,4130],"class_list":{"0":"post-386346","1":"product","2":"type-product","3":"status-publish","4":"has-post-thumbnail","6":"product_cat-impresoras-flexograficas","7":"product_cat-impresoras-flexograficas-c-i-para-film","8":"product_tag-8-colores","9":"product_tag-ano-2000","10":"product_tag-carint-carraro","11":"product_tag-miniflex-cx8-modelo-100","12":"product_tag-velocidad-maxima-250-m-min","14":"first","15":"instock","16":"sold-individually","17":"shipping-taxable","18":"purchasable","19":"product-type-simple"},"acf":[],"_links":{"self":[{"href":"https:\/\/cbscompany.com\/es\/wp-json\/wp\/v2\/product\/386346","targetHints":{"allow":["GET"]}}],"collection":[{"href":"https:\/\/cbscompany.com\/es\/wp-json\/wp\/v2\/product"}],"about":[{"href":"https:\/\/cbscompany.com\/es\/wp-json\/wp\/v2\/types\/product"}],"replies":[{"embeddable":true,"href":"https:\/\/cbscompany.com\/es\/wp-json\/wp\/v2\/comments?post=386346"}],"wp:featuredmedia":[{"embeddable":true,"href":"https:\/\/cbscompany.com\/es\/wp-json\/wp\/v2\/media\/386356"}],"wp:attachment":[{"href":"https:\/\/cbscompany.com\/es\/wp-json\/wp\/v2\/media?parent=386346"}],"wp:term":[{"taxonomy":"year-of-production","embeddable":true,"href":"https:\/\/cbscompany.com\/es\/wp-json\/wp\/v2\/year-of-production?post=386346"},{"taxonomy":"product_brand","embeddable":true,"href":"https:\/\/cbscompany.com\/es\/wp-json\/wp\/v2\/product_brand?post=386346"},{"taxonomy":"product_cat","embeddable":true,"href":"https:\/\/cbscompany.com\/es\/wp-json\/wp\/v2\/product_cat?post=386346"},{"taxonomy":"product_tag","embeddable":true,"href":"https:\/\/cbscompany.com\/es\/wp-json\/wp\/v2\/product_tag?post=386346"}],"curies":[{"name":"wp","href":"https:\/\/api.w.org\/{rel}","templated":true}]}}