{"id":386293,"date":"2025-10-01T15:29:12","date_gmt":"2025-10-01T14:29:12","guid":{"rendered":"https:\/\/cbscompany.com\/machines\/sin%20categor\u00eda\/impresora-flexografica-comiflex-ano-2006\/"},"modified":"2026-04-06T11:07:19","modified_gmt":"2026-04-06T10:07:19","slug":"impresora-flexografica-comiflex-ano-2006","status":"publish","type":"product","link":"https:\/\/cbscompany.com\/es\/machines\/impresoras-flexograficas\/impresoras-flexograficas-c-i-para-film\/impresora-flexografica-comiflex-ano-2006\/","title":{"rendered":"Impresora flexogr\u00e1fica Comiflex a\u00f1o 2006"},"content":{"rendered":"<div class=\"wpb-content-wrapper\"><p>[vc_row content_placement=&#8221;top&#8221;][vc_column css=&#8221;.vc_custom_1532433256788{margin-right: 15px !important;}&#8221; offset=&#8221;vc_col-md-8&#8243;]\n\t\t<div id=\"wd-68dd37eb24682\" class=\"title-wrapper wd-wpb wd-set-mb reset-last-child  wd-rs-68dd37eb24682 wd-title-color-default wd-title-style-default text-left vc_custom_1759328242862 wd-underline-colored\">\n\t\t\t\n\t\t\t<div class=\"liner-continer\">\n\t\t\t\t<h4 class=\"woodmart-title-container title  wd-font-weight-600 wd-fontsize-m\" >Impresora flexogr\u00e1fica Comiflex a\u00f1o 2006<\/h4>\n\t\t\t\t\t\t\t<\/div>\n\t\t\t\n\t\t\t\n\t\t\t\n\t\t<\/div>\n\t\t\n\t\t[vc_row_inner css=&#8221;.vc_custom_1628672714565{margin-bottom: 35px !important;border-bottom-width: 0px !important;padding-bottom: 25px !important;border-bottom-color: rgba(129,129,129,0.2) !important;border-bottom-style: solid !important;}&#8221; row_reverse_mobile=&#8221;0&#8243; row_reverse_tablet=&#8221;0&#8243;][vc_column_inner width=&#8221;1\/2&#8243; css=&#8221;.vc_custom_1532346102929{padding-top: 0px !important;}&#8221;][vc_column_text css=&#8221;&#8221; woodmart_inline=&#8221;no&#8221; text_larger=&#8221;no&#8221;]<\/p>\n<ul>\n<li aria-level=\"1\"><b>Marca: Comiflex<\/b><\/li>\n<li aria-level=\"1\"><b>A\u00f1o: 2006<\/b><\/li>\n<li aria-level=\"1\"><b>Actualizaci\u00f3n mec\u00e1nica y de software: 2013<\/b><\/li>\n<li aria-level=\"1\"><b>Tambor central<\/b><\/li>\n<li aria-level=\"1\"><span style=\"font-weight: 400;\">8 colores<\/span><\/li>\n<li aria-level=\"1\"><span style=\"font-weight: 400;\">Con engranajes<\/span><\/li>\n<li aria-level=\"1\"><span style=\"font-weight: 400;\">Para papel y pel\u00edcula<\/span><\/li>\n<li aria-level=\"1\"><span style=\"font-weight: 400;\">Materiales: LDPE, CPP, BOPP, PET, papel de hasta 100 g\/m\u00b2.<\/span><\/li>\n<li aria-level=\"1\"><span style=\"font-weight: 400;\">Paso de material: 1280 mm<\/span><\/li>\n<li aria-level=\"1\"><span style=\"font-weight: 400;\">Anchura de impresi\u00f3n: 1200 mm<\/span><\/li>\n<li aria-level=\"1\"><span style=\"font-weight: 400;\">Repetici\u00f3n de impresi\u00f3n: 340 &#8211; 800 mm<\/span><\/li>\n<li aria-level=\"1\"><span style=\"font-weight: 400;\">Velocidad mec\u00e1nica: 300 m\/min<\/span><\/li>\n<li aria-level=\"1\"><span style=\"font-weight: 400;\">Espesor del armaz\u00f3n de fundici\u00f3n: 120 mm  <\/span><\/li>\n<li aria-level=\"1\"><span style=\"font-weight: 400;\">Di\u00e1metro C.I.: 1700 mm paredes dobles<\/span><\/li>\n<li style=\"font-weight: 400;\" aria-level=\"1\"><span style=\"font-weight: 400;\">Dos estaciones separadas para el secado con resistencia el\u00e9ctrica, tambor y tubo de secado<\/span><\/li>\n<li style=\"font-weight: 400;\" aria-level=\"1\"><span style=\"font-weight: 400;\">Tipo cliche: 1,14 mm<\/span><\/li>\n<\/ul>\n<p>[\/vc_column_text][\/vc_column_inner][vc_column_inner width=&#8221;1\/2&#8243; css=&#8221;.vc_custom_1532346106600{padding-top: 0px !important;}&#8221;][vc_column_text css=&#8221;&#8221; woodmart_inline=&#8221;no&#8221; text_larger=&#8221;no&#8221;]<\/p>\n<ul>\n<li style=\"font-weight: 400;\" aria-level=\"1\"><span style=\"font-weight: 400;\">Mandril desbobinador de dos posiciones 3&#8221; o 6&#8221;<\/span><\/li>\n<li style=\"font-weight: 400;\" aria-level=\"1\"><span style=\"font-weight: 400;\">Rebobinador de dos posiciones, mandril de 3&#8221; o 6&#8221;<\/span><\/li>\n<li style=\"font-weight: 400;\" aria-level=\"1\"><span style=\"font-weight: 400;\">Inscripciones motorizadas desde el panel de control<\/span><\/li>\n<li style=\"font-weight: 400;\" aria-level=\"1\"><span style=\"font-weight: 400;\">Desbobinadores de doble soporte di\u00e1metro: 800 mm<\/span><\/li>\n<li style=\"font-weight: 400;\" aria-level=\"1\"><span style=\"font-weight: 400;\">Rebobinador autom\u00e1tico de doble torreta di\u00e1metro 800 mm<\/span><\/li>\n<li style=\"font-weight: 400;\" aria-level=\"1\"><span style=\"font-weight: 400;\">Gu\u00edas web de entrada y salida<\/span><\/li>\n<li style=\"font-weight: 400;\" aria-level=\"1\"><span style=\"font-weight: 400;\">Vista de c\u00e1mara<\/span><\/li>\n<li style=\"font-weight: 400;\" aria-level=\"1\"><span style=\"font-weight: 400;\">Engranajes con manguitos: 1 x 350; 1 x 380; 1 x 400; 1 x 420; 1 x 435; 1 x 440; 1 x 450; 1 x 465; 1 x 480; 1 x 500; 1 x 520; 1 x 530; 1 x 540; 1 x 555; 1 x 575; 1 x 600; 1 x 650; 1 x 750<\/span><\/li>\n<li style=\"font-weight: 400;\" aria-level=\"1\"><span style=\"font-weight: 400;\">Engranajes con manguitos: 1 x 70; 1 x 76; 1 x 80; 1 x 84; 1 x 87; 1 x 88; 1 x 90; 1 x 93; 1 x 96; 1 x 100; 1 x 104; 1 x 106; 1 x 108; 1 x111; 1 x 115; 1 x 120; 1 x 130; 1 x 150<\/span><\/li>\n<li style=\"font-weight: 400;\" aria-level=\"1\"><span style=\"font-weight: 400;\">Engranajes sin casquillos compatibles: 4 x 78, 8 x 68, 8 x 72, 8 x 74; 8 x 94, 7 x 118<\/span><\/li>\n<li style=\"font-weight: 400;\" aria-level=\"1\"><span style=\"font-weight: 400;\">Aniloxes: 1 x 60\/20; 1 x 100\/18; 1 x 100\/17; 1 x 120\/13; 2 x 140\/12; 1 x 180\/9; 1 x 210\/7,5; 2 x 240\/6; 1 x 300\/5; 1 x 300\/4,2; 3 x 320\/5<\/span><\/li>\n<li style=\"font-weight: 400;\" aria-level=\"1\"><span style=\"font-weight: 400;\">La m\u00e1quina puede <\/span><span style=\"font-weight: 400;\">ponerse en marcha en caso de inter\u00e9s serio<\/span><\/li>\n<li style=\"font-weight: 400;\" aria-level=\"1\"><span style=\"font-weight: 400;\">Disponibilidad inmediata<\/span><\/li>\n<\/ul>\n<p>[\/vc_column_text][\/vc_column_inner][\/vc_row_inner][\/vc_column][vc_column offset=&#8221;vc_col-md-4&#8243;]\t\t\t<div class=\"info-box-wrapper\">\n\t\t\t\t<div id=\"wd-68dd38c694aeb\" class=\" wd-rs-68dd38c694aeb wd-info-box wd-wpb text-left box-icon-align-left box-style-shadow color-scheme- wd-bg-none wd-off-anim wpb_animate_when_almost_visible wpb_bounceIn bounceIn wd-anim-name_bounceIn wd-items-top \">\n\t\t\t\t\t\t\t\t\t\t<div class=\"info-box-content\">\n\t\t\t\t\t\t<div class=\"info-box-subtitle subtitle-color-default wd-fontsize-xs subtitle-style-default\">Acerca de la impresora flexogr\u00e1fica Comiflex a\u00f1o 2006<\/div><h4 class=\"info-box-title title box-title-style-default wd-fontsize-m\">Informaci\u00f3n sobre la ubicaci\u00f3n<\/h4>\t\t\t\t\t\t<div class=\"info-box-inner reset-last-child\"><p>Disponible en la regi\u00f3n: <strong style=\"color: blue;\"><a href=\"https:\/\/cbscompany.com\/es\/mi-cuenta\/?redirect_to=%2Fes%2Fwp-json%2Fwp%2Fv2%2Fproduct%2F386293\" class=\"simplemodal-login\">Inicia sesi\u00f3n para ver la ubicaci\u00f3n<\/a><\/strong><\/p>\n<\/div>\n\n\t\t\t\t\t\t\t\t\t\t\t<\/div>\n\n\t\t\t\t\t\n\t\t\t\t\t<style>#wd-68dd38c694aeb .info-box-icon {background-color:  !important;}<\/style>\t\t\t\t<\/div>\n\t\t\t<\/div>\n\t\t[\/vc_column][\/vc_row]<\/p>\n<\/div>","protected":false},"excerpt":{"rendered":"<p>Comiflex es una impresora flexogr\u00e1fica de 8 colores dise\u00f1ada para pel\u00edcula y papel. Est\u00e1 equipada con un tambor central de 1700 mm de doble pared. <\/p>\n","protected":false},"featured_media":386307,"comment_status":"closed","ping_status":"closed","template":"","meta":{"_acf_changed":false,"om_disable_all_campaigns":false},"year-of-production":[],"product_brand":[],"product_cat":[3766,3765,3773],"product_tag":[3767,4123,4067,4102,4122,4106,4093],"class_list":{"0":"post-386293","1":"product","2":"type-product","3":"status-publish","4":"has-post-thumbnail","6":"product_cat-impresoras-flexograficas","7":"product_cat-impresoras-flexograficas-c-i-para-film","8":"product_cat-impresoras-flexograficas-c-i-para-papel","9":"product_tag-8-colores","10":"product_tag-actualizado-2013","11":"product_tag-ano-2006","12":"product_tag-c-i","13":"product_tag-comiflex","14":"product_tag-para-cine","15":"product_tag-para-papel","17":"first","18":"instock","19":"sold-individually","20":"shipping-taxable","21":"purchasable","22":"product-type-simple"},"acf":[],"_links":{"self":[{"href":"https:\/\/cbscompany.com\/es\/wp-json\/wp\/v2\/product\/386293","targetHints":{"allow":["GET"]}}],"collection":[{"href":"https:\/\/cbscompany.com\/es\/wp-json\/wp\/v2\/product"}],"about":[{"href":"https:\/\/cbscompany.com\/es\/wp-json\/wp\/v2\/types\/product"}],"replies":[{"embeddable":true,"href":"https:\/\/cbscompany.com\/es\/wp-json\/wp\/v2\/comments?post=386293"}],"wp:featuredmedia":[{"embeddable":true,"href":"https:\/\/cbscompany.com\/es\/wp-json\/wp\/v2\/media\/386307"}],"wp:attachment":[{"href":"https:\/\/cbscompany.com\/es\/wp-json\/wp\/v2\/media?parent=386293"}],"wp:term":[{"taxonomy":"year-of-production","embeddable":true,"href":"https:\/\/cbscompany.com\/es\/wp-json\/wp\/v2\/year-of-production?post=386293"},{"taxonomy":"product_brand","embeddable":true,"href":"https:\/\/cbscompany.com\/es\/wp-json\/wp\/v2\/product_brand?post=386293"},{"taxonomy":"product_cat","embeddable":true,"href":"https:\/\/cbscompany.com\/es\/wp-json\/wp\/v2\/product_cat?post=386293"},{"taxonomy":"product_tag","embeddable":true,"href":"https:\/\/cbscompany.com\/es\/wp-json\/wp\/v2\/product_tag?post=386293"}],"curies":[{"name":"wp","href":"https:\/\/api.w.org\/{rel}","templated":true}]}}