{"id":386248,"date":"2025-10-17T15:27:59","date_gmt":"2025-10-17T14:27:59","guid":{"rendered":"https:\/\/cbscompany.com\/machines\/sin%20categor\u00eda\/wh-tuber-am-2145-ano-2002-wh-bottomer-ad-2360-22-ano-1992\/"},"modified":"2026-04-06T11:07:08","modified_gmt":"2026-04-06T10:07:08","slug":"wh-tuber-am-2145-ano-2002-wh-bottomer-ad-2360-22-ano-1992","status":"publish","type":"product","link":"https:\/\/cbscompany.com\/es\/machines\/lineas-de-sacos-industriales\/wh-tuber-am-2145-ano-2002-wh-bottomer-ad-2360-22-ano-1992\/","title":{"rendered":"W&amp;H Tuber AM 2145 a\u00f1o 2002, W&amp;H Bottomer AD 2360\/22 a\u00f1o 1992"},"content":{"rendered":"<div class=\"wpb-content-wrapper\"><p>[vc_row content_placement=&#8221;top&#8221;][vc_column css=&#8221;.vc_custom_1532433256788{margin-right: 15px !important;}&#8221; offset=&#8221;vc_col-md-8&#8243;]\n\t\t<div id=\"wd-6925b8e5b302d\" class=\"title-wrapper wd-wpb wd-set-mb reset-last-child  wd-rs-6925b8e5b302d wd-title-color-default wd-title-style-default text-left vc_custom_1764079854454 wd-underline-colored\">\n\t\t\t\n\t\t\t<div class=\"liner-continer\">\n\t\t\t\t<h4 class=\"woodmart-title-container title  wd-font-weight-600 wd-fontsize-m\" >W&amp;H Tuber AM 2145 a\u00f1o 2002, W&amp;H Bottomer AD 2360\/22 a\u00f1o 1992<\/h4>\n\t\t\t\t\t\t\t<\/div>\n\t\t\t\n\t\t\t\n\t\t\t\n\t\t<\/div>\n\t\t\n\t\t[vc_row_inner css=&#8221;.vc_custom_1628672714565{margin-bottom: 35px !important;border-bottom-width: 0px !important;padding-bottom: 25px !important;border-bottom-color: rgba(129,129,129,0.2) !important;border-bottom-style: solid !important;}&#8221; row_reverse_mobile=&#8221;0&#8243; row_reverse_tablet=&#8221;0&#8243;][vc_column_inner width=&#8221;1\/2&#8243; css=&#8221;.vc_custom_1532346102929{padding-top: 0px !important;}&#8221;][vc_column_text css=&#8221;&#8221; woodmart_inline=&#8221;no&#8221; text_larger=&#8221;no&#8221;]<\/p>\n<ul>\n<li aria-level=\"1\"><b>W&amp;H Tuber AM 2145 a\u00f1o 2002<\/b><\/li>\n<li aria-level=\"1\"><b>Marca: W&amp;H<\/b><\/li>\n<li aria-level=\"1\"><b>Modelo: AM 2145<\/b><\/li>\n<li aria-level=\"1\"><b>A\u00f1o: 2002<\/b><\/li>\n<li aria-level=\"1\"><b>Con impresora en l\u00ednea Alina 1209 (marco de 4 colores, pero presente y funcionando s\u00f3lo 3 colores\/estaciones)<\/b><\/li>\n<li aria-level=\"1\"><span style=\"font-weight: 400;\">4 capas<\/span><\/li>\n<li aria-level=\"1\"><span style=\"font-weight: 400;\">Con fotoc\u00e9lula<\/span><\/li>\n<li aria-level=\"1\"><span style=\"font-weight: 400;\">Anchura m\u00edn.-m\u00e1x. del tubo: 280 &#8211; 600 mm<\/span><\/li>\n<li aria-level=\"1\"><span style=\"font-weight: 400;\">Longitud m\u00edn.-m\u00e1x. del tubo: 350 &#8211; 1050 mm<\/span><\/li>\n<li aria-level=\"1\"><span style=\"font-weight: 400;\">Di\u00e1metro de la bobina de papel: 1200 mm<\/span><\/li>\n<li aria-level=\"1\"><span style=\"font-weight: 400;\">Velocidad m\u00e1xima: 300 piezas\/min<\/span><\/li>\n<li aria-level=\"1\"><span style=\"font-weight: 400;\">Sistema de corte: corte al ras y extremo escalonado<\/span><\/li>\n<li aria-level=\"1\"><span style=\"font-weight: 400;\">Tipo de sacos: planos (sin fuelle)<\/span><\/li>\n<li aria-level=\"1\"><span style=\"font-weight: 400;\">Perforaci\u00f3n longitudinal: 1&#215;1 pulgada<\/span><\/li>\n<li aria-level=\"1\"><span style=\"font-weight: 400;\">M\u00f3dulos de tub\u00e9rculos (perforaci\u00f3n, corte, encolado)<\/span><\/li>\n<li aria-level=\"1\"><span style=\"font-weight: 400;\">Cabeza desgarradora<\/span><\/li>\n<li aria-level=\"1\"><span style=\"font-weight: 400;\">Empaquetador (los tubos se recogen en un paquete)<\/span><\/li>\n<li aria-level=\"1\"><b>W&amp;H Bottomer AD 2360\/22 a\u00f1o 1992<\/b><\/li>\n<\/ul>\n<p>[\/vc_column_text][\/vc_column_inner][vc_column_inner width=&#8221;1\/2&#8243; css=&#8221;.vc_custom_1532346106600{padding-top: 0px !important;}&#8221;][vc_column_text css=&#8221;&#8221; woodmart_inline=&#8221;no&#8221; text_larger=&#8221;no&#8221;]<\/p>\n<ul>\n<li aria-level=\"1\"><b>Marca: W&amp;H<\/b><\/li>\n<li aria-level=\"1\"><b>Modelo: AD 2360\/22<\/b><\/li>\n<li aria-level=\"1\"><b>A\u00f1o: 1992<\/b><\/li>\n<li aria-level=\"1\"><span style=\"font-weight: 400;\">1 Unidad de v\u00e1lvulas (la m\u00e1quina tiene una predisposici\u00f3n para la segunda unidad de v\u00e1lvulas)<\/span><\/li>\n<li aria-level=\"1\"><span style=\"font-weight: 400;\">Tipo de v\u00e1lvulas producidas: V\u00e1lvula de inserci\u00f3n, V\u00e1lvula de manguito de bolsillo, V\u00e1lvula tubular<\/span><\/li>\n<li aria-level=\"1\"><span style=\"font-weight: 400;\">Longitud m\u00edn.-m\u00e1x. de la bolsa: 440 &#8211; 1370 mm<\/span><\/li>\n<li aria-level=\"1\"><span style=\"font-weight: 400;\">Anchura m\u00ednima &#8211; m\u00e1xima de la bolsa: 350 &#8211; 700 mm<\/span><\/li>\n<li aria-level=\"1\"><span style=\"font-weight: 400;\">Distancia entre ejes del fondo 340 &#8211; 1300 mm<\/span><\/li>\n<li aria-level=\"1\"><span style=\"font-weight: 400;\">Anchura inferior m\u00edn.-m\u00e1x. escalonada 90 &#8211; 210 mm<\/span><\/li>\n<li aria-level=\"1\"><span style=\"font-weight: 400;\">Anchura inferior m\u00edn.-m\u00e1x. de corte a ras 90 &#8211; 220 mm<\/span><\/li>\n<li aria-level=\"1\"><span style=\"font-weight: 400;\">Longitud m\u00edn.-m\u00e1x. del tubo para el fondo m\u00e1s peque\u00f1o: 560-1500 mm<\/span><\/li>\n<li aria-level=\"1\"><span style=\"font-weight: 400;\">Longitudes m\u00edn.-m\u00e1x. del tubo para el fondo m\u00e1s grande: 870-1640 mm<\/span><\/li>\n<li aria-level=\"1\"><span style=\"font-weight: 400;\">Anchura de impresi\u00f3n: 70 &#8211; 210 mm<\/span><\/li>\n<li aria-level=\"1\"><span style=\"font-weight: 400;\">Longitud de impresi\u00f3n: 180 &#8211; 600 mm<\/span><\/li>\n<li aria-level=\"1\"><span style=\"font-weight: 400;\">2 colores para cada lado del fondo<\/span><\/li>\n<li aria-level=\"1\"><span style=\"font-weight: 400;\">Sin fotoc\u00e9lula para el parche inferior<\/span><\/li>\n<li aria-level=\"1\"><span style=\"font-weight: 400;\">Velocidad: 130 sacos\/minuto<\/span><\/li>\n<li aria-level=\"1\">Con correa S-Press<\/li>\n<li aria-level=\"1\"><span style=\"font-weight: 400;\">No visible en producci\u00f3n, visible en marcha lenta (por confirmar)<\/span><\/li>\n<li aria-level=\"1\"><span style=\"font-weight: 400;\">Disponibilidad inmediata<\/span><\/li>\n<\/ul>\n<p>[\/vc_column_text][\/vc_column_inner][\/vc_row_inner][\/vc_column][vc_column offset=&#8221;vc_col-md-4&#8243;]\t\t\t<div class=\"info-box-wrapper\">\n\t\t\t\t<div id=\"wd-6925b9225e213\" class=\" wd-rs-6925b9225e213 wd-info-box wd-wpb text-left box-icon-align-left box-style-shadow color-scheme- wd-bg-none wd-off-anim wpb_animate_when_almost_visible wpb_bounceIn bounceIn wd-anim-name_bounceIn wd-items-top \">\n\t\t\t\t\t\t\t\t\t\t<div class=\"info-box-content\">\n\t\t\t\t\t\t<div class=\"info-box-subtitle subtitle-color-default wd-fontsize-xs subtitle-style-default\">Sobre W&amp;H Tuber AM 2145 a\u00f1o 2002, W&amp;H Bottomer AD 2360\/22 a\u00f1o 1992<\/div><h4 class=\"info-box-title title box-title-style-default wd-fontsize-m\">Informaci\u00f3n sobre la ubicaci\u00f3n<\/h4>\t\t\t\t\t\t<div class=\"info-box-inner reset-last-child\"><p>Disponible en la regi\u00f3n: <strong style=\"color: blue;\"><a href=\/my-account\/?redirect_to=\/es\/wp-json\/wp\/v2\/product\/386248 class=simplemodal-login>Log in to see location<\/a><\/strong><\/p>\n<\/div>\n\n\t\t\t\t\t\t\t\t\t\t\t<\/div>\n\n\t\t\t\t\t\n\t\t\t\t\t<style>#wd-6925b9225e213 .info-box-icon {background-color:  !important;}<\/style>\t\t\t\t<\/div>\n\t\t\t<\/div>\n\t\t[\/vc_column][\/vc_row]<\/p>\n<\/div>","protected":false},"excerpt":{"rendered":"<p>La l\u00ednea multipared est\u00e1 formada por W&amp;H Tuber AM 2145 del a\u00f1o 2002 y W&amp;H Bottomer AD 2360\/22 del a\u00f1o 1992. La l\u00ednea no tiene transistemas. <\/p>\n","protected":false},"featured_media":386271,"comment_status":"closed","ping_status":"closed","template":"","meta":{"_acf_changed":false,"om_disable_all_campaigns":false},"year-of-production":[],"product_brand":[],"product_cat":[4109],"product_tag":[4115,4121,4118,4119,4120,4099],"class_list":{"0":"post-386248","1":"product","2":"type-product","3":"status-publish","4":"has-post-thumbnail","6":"product_cat-lineas-de-sacos-industriales","7":"product_tag-2360-22","8":"product_tag-am-2145","9":"product_tag-ano-1995","10":"product_tag-ano-2002","11":"product_tag-linea-multipared","12":"product_tag-wh","14":"first","15":"instock","16":"sold-individually","17":"shipping-taxable","18":"purchasable","19":"product-type-simple"},"acf":[],"_links":{"self":[{"href":"https:\/\/cbscompany.com\/es\/wp-json\/wp\/v2\/product\/386248","targetHints":{"allow":["GET"]}}],"collection":[{"href":"https:\/\/cbscompany.com\/es\/wp-json\/wp\/v2\/product"}],"about":[{"href":"https:\/\/cbscompany.com\/es\/wp-json\/wp\/v2\/types\/product"}],"replies":[{"embeddable":true,"href":"https:\/\/cbscompany.com\/es\/wp-json\/wp\/v2\/comments?post=386248"}],"wp:featuredmedia":[{"embeddable":true,"href":"https:\/\/cbscompany.com\/es\/wp-json\/wp\/v2\/media\/386271"}],"wp:attachment":[{"href":"https:\/\/cbscompany.com\/es\/wp-json\/wp\/v2\/media?parent=386248"}],"wp:term":[{"taxonomy":"year-of-production","embeddable":true,"href":"https:\/\/cbscompany.com\/es\/wp-json\/wp\/v2\/year-of-production?post=386248"},{"taxonomy":"product_brand","embeddable":true,"href":"https:\/\/cbscompany.com\/es\/wp-json\/wp\/v2\/product_brand?post=386248"},{"taxonomy":"product_cat","embeddable":true,"href":"https:\/\/cbscompany.com\/es\/wp-json\/wp\/v2\/product_cat?post=386248"},{"taxonomy":"product_tag","embeddable":true,"href":"https:\/\/cbscompany.com\/es\/wp-json\/wp\/v2\/product_tag?post=386248"}],"curies":[{"name":"wp","href":"https:\/\/api.w.org\/{rel}","templated":true}]}}