{"id":386094,"date":"2026-03-02T14:13:47","date_gmt":"2026-03-02T13:13:47","guid":{"rendered":"https:\/\/cbscompany.com\/machines\/sin%20categor\u00eda\/linea-mobert-roller-110-shp-e6m-ano-2020\/"},"modified":"2026-04-06T11:06:38","modified_gmt":"2026-04-06T10:06:38","slug":"linea-mobert-roller-110-shp-e6m-ano-2020","status":"publish","type":"product","link":"https:\/\/cbscompany.com\/es\/machines\/soldadoras-de-plastico\/linea-mobert-roller-110-shp-e6m-ano-2020\/","title":{"rendered":"L\u00ednea Mobert Roller 110 SHP\/E6M a\u00f1o 2020"},"content":{"rendered":"<div class=\"wpb-content-wrapper\"><p>[vc_row content_placement=&#8221;top&#8221;][vc_column css=&#8221;.vc_custom_1532433256788{margin-right: 15px !important;}&#8221; offset=&#8221;vc_col-md-8&#8243;]\n\t\t<div id=\"wd-69a58b545c34f\" class=\"title-wrapper wd-wpb wd-set-mb reset-last-child  wd-rs-69a58b545c34f wd-title-color-default wd-title-style-default text-left vc_custom_1772456794267 wd-underline-colored\">\n\t\t\t\n\t\t\t<div class=\"liner-continer\">\n\t\t\t\t<h4 class=\"woodmart-title-container title  wd-font-weight-600 wd-fontsize-m\" >L\u00ednea Mobert Roller 110 SHP\/E6M, a\u00f1o 2020<\/h4>\n\t\t\t\t\t\t\t<\/div>\n\t\t\t\n\t\t\t\n\t\t\t\n\t\t<\/div>\n\t\t\n\t\t[vc_row_inner css=&#8221;.vc_custom_1628672714565{margin-bottom: 35px !important;border-bottom-width: 0px !important;padding-bottom: 25px !important;border-bottom-color: rgba(129,129,129,0.2) !important;border-bottom-style: solid !important;}&#8221; row_reverse_mobile=&#8221;0&#8243; row_reverse_tablet=&#8221;0&#8243;][vc_column_inner width=&#8221;1\/2&#8243; css=&#8221;.vc_custom_1532346102929{padding-top: 0px !important;}&#8221;][vc_column_text css=&#8221;&#8221; woodmart_inline=&#8221;no&#8221; text_larger=&#8221;no&#8221;]<\/p>\n<ul>\n<li><b>Marca: Mobert<\/b><\/li>\n<li><b>Modelo L\u00ednea Roller 110 SHP \/ E6M<\/b><\/li>\n<li><b>A\u00f1o: 2020<\/b><\/li>\n<li><b>Para shoppers y bolsas de rafia (con y sin n\u00facleo de cart\u00f3n)<\/b><\/li>\n<li><span style=\"font-weight: 400;\">3 carriles (<\/span><span style=\"font-weight: 400;\">\u00faltimo modelo con 2 motores)<\/span><\/li>\n<li><span style=\"font-weight: 400;\">Para panecillos peque\u00f1os<\/span><\/li>\n<li><span style=\"font-weight: 400;\">Anchura m\u00ednima &#8211; m\u00e1xima de la bolsa: 220 &#8211; 270 mm<\/span><\/li>\n<li><span style=\"font-weight: 400;\">Longitud m\u00edn.-m\u00e1x. de la bolsa: 450 &#8211; 650 mm<\/span><\/li>\n<li><span style=\"font-weight: 400;\">Di\u00e1metro m\u00e1ximo del rollo: 110 mm<\/span><\/li>\n<li><span style=\"font-weight: 400;\">Di\u00e1metro interior del n\u00facleo: 30 mm<\/span><\/li>\n<\/ul>\n<p>[\/vc_column_text][\/vc_column_inner][vc_column_inner width=&#8221;1\/2&#8243; css=&#8221;.vc_custom_1532346106600{padding-top: 0px !important;}&#8221;][vc_column_text css=&#8221;&#8221; woodmart_inline=&#8221;no&#8221; text_larger=&#8221;no&#8221;]<\/p>\n<ul>\n<li><span style=\"font-weight: 400;\">Espesor m\u00ednimo &#8211; m\u00e1ximo de la pel\u00edcula: 0,01 &#8211; 0,03 mm<\/span><\/li>\n<li style=\"font-weight: 400;\" aria-level=\"1\"><span style=\"font-weight: 400;\">Velocidad mec\u00e1nica m\u00e1xima: 230 ciclos\/min<\/span><\/li>\n<li style=\"font-weight: 400;\" aria-level=\"1\"><span style=\"font-weight: 400;\">Velocidad m\u00e1xima de la pel\u00edcula: 150 m\/min<\/span><\/li>\n<li style=\"font-weight: 400;\" aria-level=\"1\"><span style=\"font-weight: 400;\">Troqueladoras: 3 peque\u00f1as y 3 grandes<\/span><\/li>\n<li style=\"font-weight: 400;\" aria-level=\"1\"><span style=\"font-weight: 400;\">&#8220;Unidades plegables &#8220;C<\/span><\/li>\n<li style=\"font-weight: 400;\" aria-level=\"1\"><span style=\"font-weight: 400;\">Dispositivo para la inserci\u00f3n de rafia<\/span><\/li>\n<li style=\"font-weight: 400;\" aria-level=\"1\"><span style=\"font-weight: 400;\">Cargador autom\u00e1tico de mandriles de cart\u00f3n<\/span><\/li>\n<li style=\"font-weight: 400;\" aria-level=\"1\"><span style=\"font-weight: 400;\">Potencia total del absorbedor: 20 Kw<\/span><\/li>\n<li style=\"font-weight: 400;\" aria-level=\"1\"><span style=\"font-weight: 400;\">Consumo de aire: 800 l\/min<\/span><\/li>\n<li style=\"font-weight: 400;\" aria-level=\"1\"><span style=\"font-weight: 400;\">Visible en funcionamiento<\/span><\/li>\n<li style=\"font-weight: 400;\" aria-level=\"1\"><span style=\"font-weight: 400;\">Disponibilidad inmediata<\/span><\/li>\n<\/ul>\n<p>[\/vc_column_text][\/vc_column_inner][\/vc_row_inner][\/vc_column][vc_column offset=&#8221;vc_col-md-4&#8243;]\t\t\t<div class=\"info-box-wrapper\">\n\t\t\t\t<div id=\"wd-69a58b5e5454c\" class=\" wd-rs-69a58b5e5454c wd-info-box wd-wpb text-left box-icon-align-left box-style-shadow color-scheme- wd-bg-none wd-off-anim wpb_animate_when_almost_visible wpb_bounceIn bounceIn wd-anim-name_bounceIn wd-items-top \">\n\t\t\t\t\t\t\t\t\t\t<div class=\"info-box-content\">\n\t\t\t\t\t\t<div class=\"info-box-subtitle subtitle-color-default wd-fontsize-xs subtitle-style-default\">Sobre la l\u00ednea Mobert Roller 110 SHP\/E6M, a\u00f1o 2020<\/div><h4 class=\"info-box-title title box-title-style-default wd-fontsize-m\">Informaci\u00f3n sobre la ubicaci\u00f3n<\/h4>\t\t\t\t\t\t<div class=\"info-box-inner reset-last-child\"><p>Disponible en la regi\u00f3n: <strong style=\"color: blue;\"><a href=\"https:\/\/cbscompany.com\/es\/mi-cuenta\/?redirect_to=%2Fes%2Fwp-json%2Fwp%2Fv2%2Fproduct%2F386094\" class=\"simplemodal-login\">Inicia sesi\u00f3n para ver la ubicaci\u00f3n<\/a><\/strong><\/p>\n<\/div>\n\n\t\t\t\t\t\t\t\t\t\t\t<\/div>\n\n\t\t\t\t\t\n\t\t\t\t\t<style>#wd-69a58b5e5454c .info-box-icon {background-color:  !important;}<\/style>\t\t\t\t<\/div>\n\t\t\t<\/div>\n\t\t[\/vc_column][\/vc_row]<\/p>\n<\/div>","protected":false},"excerpt":{"rendered":"<p>La l\u00ednea Mobert Roller 110 SHP\/E6M del a\u00f1o 2020 es una soldadora de pl\u00e1stico equipada con 3 carriles, dise\u00f1ada para rollos peque\u00f1os. Dise\u00f1ada tambi\u00e9n para bolsas de rafia. Disponible inmediatamente.  <\/p>\n","protected":false},"featured_media":386120,"comment_status":"closed","ping_status":"closed","template":"","meta":{"_acf_changed":false,"om_disable_all_campaigns":false},"year-of-production":[],"product_brand":[],"product_cat":[4082],"product_tag":[4088,4059,4084,4090,4087,4089],"class_list":{"0":"post-386094","1":"product","2":"type-product","3":"status-publish","4":"has-post-thumbnail","6":"product_cat-soldadoras-de-plastico","7":"product_tag-3-carriles","8":"product_tag-ano-2020","9":"product_tag-bolsas-camiseta","10":"product_tag-bolsas-de-rafia","11":"product_tag-mobert","12":"product_tag-velocidad-160-170-golpes-min","14":"first","15":"instock","16":"sold-individually","17":"shipping-taxable","18":"purchasable","19":"product-type-simple"},"acf":[],"_links":{"self":[{"href":"https:\/\/cbscompany.com\/es\/wp-json\/wp\/v2\/product\/386094","targetHints":{"allow":["GET"]}}],"collection":[{"href":"https:\/\/cbscompany.com\/es\/wp-json\/wp\/v2\/product"}],"about":[{"href":"https:\/\/cbscompany.com\/es\/wp-json\/wp\/v2\/types\/product"}],"replies":[{"embeddable":true,"href":"https:\/\/cbscompany.com\/es\/wp-json\/wp\/v2\/comments?post=386094"}],"wp:featuredmedia":[{"embeddable":true,"href":"https:\/\/cbscompany.com\/es\/wp-json\/wp\/v2\/media\/386120"}],"wp:attachment":[{"href":"https:\/\/cbscompany.com\/es\/wp-json\/wp\/v2\/media?parent=386094"}],"wp:term":[{"taxonomy":"year-of-production","embeddable":true,"href":"https:\/\/cbscompany.com\/es\/wp-json\/wp\/v2\/year-of-production?post=386094"},{"taxonomy":"product_brand","embeddable":true,"href":"https:\/\/cbscompany.com\/es\/wp-json\/wp\/v2\/product_brand?post=386094"},{"taxonomy":"product_cat","embeddable":true,"href":"https:\/\/cbscompany.com\/es\/wp-json\/wp\/v2\/product_cat?post=386094"},{"taxonomy":"product_tag","embeddable":true,"href":"https:\/\/cbscompany.com\/es\/wp-json\/wp\/v2\/product_tag?post=386094"}],"curies":[{"name":"wp","href":"https:\/\/api.w.org\/{rel}","templated":true}]}}