{"id":386055,"date":"2026-03-18T16:08:12","date_gmt":"2026-03-18T15:08:12","guid":{"rendered":"https:\/\/cbscompany.com\/machines\/sin%20categor\u00eda\/nordmeccanica-modelo-super-simplex-sl-ano-2006\/"},"modified":"2026-04-06T11:06:30","modified_gmt":"2026-04-06T10:06:30","slug":"nordmeccanica-modelo-super-simplex-sl-ano-2006","status":"publish","type":"product","link":"https:\/\/cbscompany.com\/es\/machines\/laminadoras\/plastificadoras-sin-disolvente\/nordmeccanica-modelo-super-simplex-sl-ano-2006\/","title":{"rendered":"Nordmeccanica modelo Super Simplex SL a\u00f1o 2006"},"content":{"rendered":"<div class=\"wpb-content-wrapper\"><p>[vc_row content_placement=&#8221;top&#8221;][vc_column css=&#8221;.vc_custom_1532433256788{margin-right: 15px !important;}&#8221; offset=&#8221;vc_col-md-8&#8243;]\n\t\t<div id=\"wd-69babd69013f6\" class=\"title-wrapper wd-wpb wd-set-mb reset-last-child  wd-rs-69babd69013f6 wd-title-color-default wd-title-style-default text-left vc_custom_1773845870421 wd-underline-colored\">\n\t\t\t\n\t\t\t<div class=\"liner-continer\">\n\t\t\t\t<h4 class=\"woodmart-title-container title  wd-font-weight-600 wd-fontsize-m\" >Nordmeccanica modelo Super Simplex SL a\u00f1o 2006<\/h4>\n\t\t\t\t\t\t\t<\/div>\n\t\t\t\n\t\t\t\n\t\t\t\n\t\t<\/div>\n\t\t\n\t\t[vc_row_inner css=&#8221;.vc_custom_1628672714565{margin-bottom: 35px !important;border-bottom-width: 0px !important;padding-bottom: 25px !important;border-bottom-color: rgba(129,129,129,0.2) !important;border-bottom-style: solid !important;}&#8221; row_reverse_mobile=&#8221;0&#8243; row_reverse_tablet=&#8221;0&#8243;][vc_column_inner width=&#8221;1\/2&#8243; css=&#8221;.vc_custom_1532346102929{padding-top: 0px !important;}&#8221;][vc_column_text css=&#8221;&#8221; woodmart_inline=&#8221;no&#8221; text_larger=&#8221;no&#8221;]<\/p>\n<ul>\n<li><strong>Marca: Nordmeccanica  <\/strong><\/li>\n<li><strong>Modelo Super Simplex SL<\/strong><\/li>\n<li><strong>A\u00f1o: 2006<\/strong><\/li>\n<li><strong>Sin disolventes<\/strong><\/li>\n<li>M\u00e1quina laminadora para la producci\u00f3n de laminados bicapa con adhesivos sin disolventes<\/li>\n<li><span style=\"font-weight: 400;\">Anchura de trabajo<\/span><span style=\"font-weight: 400;\">m\u00edn. <\/span> <span style=\"font-weight: 400;\">-m\u00e1x.: 480 &#8211; 1300 mm<\/span><\/li>\n<li><span style=\"font-weight: 400;\">Di\u00e1metro m\u00e1ximo de bobina del desbobinador 1000 mm<\/span><\/li>\n<li><span style=\"font-weight: 400;\">Di\u00e1metro m\u00e1ximo de la bobina de la rebobinadora 1000 mm<\/span><\/li>\n<li><span style=\"font-weight: 400;\">Velocidad mec\u00e1nica m\u00e1xima: 400 m\/min<\/span><\/li>\n<li><span style=\"font-weight: 400;\">Velocidad m\u00e1xima de producci\u00f3n: 300 m\/min<\/span><\/li>\n<li><span style=\"font-weight: 400;\">Desbobinador\/rebobinador manual<\/span><\/li>\n<li><span style=\"font-weight: 400;\">2 dosificadores<\/span><\/li>\n<li><span style=\"font-weight: 400;\">Transportadores intercambiables<\/span><\/li>\n<li><span style=\"font-weight: 400;\">1 esparcidor<\/span><\/li>\n<\/ul>\n<p>[\/vc_column_text][\/vc_column_inner][vc_column_inner width=&#8221;1\/2&#8243; css=&#8221;.vc_custom_1532346106600{padding-top: 0px !important;}&#8221;][vc_column_text css=&#8221;&#8221; woodmart_inline=&#8221;no&#8221; text_larger=&#8221;no&#8221;]<\/p>\n<ul>\n<li><span style=\"font-weight: 400;\">Sistema de calefacci\u00f3n de rodillos: Control termorregulado por agua<\/span><\/li>\n<li><span style=\"font-weight: 400;\">Sistema autom\u00e1tico presente<\/span><\/li>\n<li style=\"font-weight: 400;\" aria-level=\"1\"><span style=\"font-weight: 400;\">Sistema PLC &#8220;SIMATIC<\/span><\/li>\n<li style=\"font-weight: 400;\" aria-level=\"1\"><span style=\"font-weight: 400;\">Eurotherm Drives Variador 690 plus<\/span><\/li>\n<li style=\"font-weight: 400;\" aria-level=\"1\"><span style=\"font-weight: 400;\">Tratamiento Corona presente<\/span><\/li>\n<li style=\"font-weight: 400;\" aria-level=\"1\"><span style=\"font-weight: 400;\">Mezclador de cola incluido<\/span><\/li>\n<li style=\"font-weight: 400;\" aria-level=\"1\"><span style=\"font-weight: 400;\">Bombas adhesivas incluidas<\/span><\/li>\n<li style=\"font-weight: 400;\" aria-level=\"1\"><span style=\"font-weight: 400;\">Rodillos adicionales incluidos<\/span><\/li>\n<li style=\"font-weight: 400;\" aria-level=\"1\"><span style=\"font-weight: 400;\">Marcado CE y declaraci\u00f3n de conformidad<\/span><\/li>\n<li style=\"font-weight: 400;\" aria-level=\"1\"><span style=\"font-weight: 400;\">Manuales y esquemas el\u00e9ctricos disponibles<\/span><\/li>\n<li style=\"font-weight: 400;\" aria-level=\"1\"><span style=\"font-weight: 400;\">Piezas de recambio incluidas<\/span><\/li>\n<li style=\"font-weight: 400;\" aria-level=\"1\"><span style=\"font-weight: 400;\">M\u00e1quina en buen estado<\/span><\/li>\n<li style=\"font-weight: 400;\" aria-level=\"1\"><span style=\"font-weight: 400;\">Visible en producci\u00f3n<\/span><\/li>\n<li style=\"font-weight: 400;\" aria-level=\"1\"><span style=\"font-weight: 400;\">Disponibilidad inmediata<\/span><\/li>\n<\/ul>\n<p>[\/vc_column_text][\/vc_column_inner][\/vc_row_inner][\/vc_column][vc_column offset=&#8221;vc_col-md-4&#8243;]\t\t\t<div class=\"info-box-wrapper\">\n\t\t\t\t<div id=\"wd-69babd7123653\" class=\" wd-rs-69babd7123653 wd-info-box wd-wpb text-left box-icon-align-left box-style-shadow color-scheme- wd-bg-none wd-off-anim wpb_animate_when_almost_visible wpb_bounceIn bounceIn wd-anim-name_bounceIn wd-items-top \">\n\t\t\t\t\t\t\t\t\t\t<div class=\"info-box-content\">\n\t\t\t\t\t\t<div class=\"info-box-subtitle subtitle-color-default wd-fontsize-xs subtitle-style-default\">Sobre Nordmeccanica modelo Super Simplex SL a\u00f1o 2006<br \/>\n<\/div><h4 class=\"info-box-title title box-title-style-default wd-fontsize-m\">Informaci\u00f3n sobre la ubicaci\u00f3n<\/h4>\t\t\t\t\t\t<div class=\"info-box-inner reset-last-child\"><p>Disponible en la regi\u00f3n: <strong style=\"color: blue;\"><a href=\"https:\/\/cbscompany.com\/es\/mi-cuenta\/?redirect_to=%2Fes%2Fwp-json%2Fwp%2Fv2%2Fproduct%2F386055\" class=\"simplemodal-login\">Inicia sesi\u00f3n para ver la ubicaci\u00f3n<\/a><\/strong><\/p>\n<\/div>\n\n\t\t\t\t\t\t\t\t\t\t\t<\/div>\n\n\t\t\t\t\t\n\t\t\t\t\t<style>#wd-69babd7123653 .info-box-icon {background-color:  !important;}<\/style>\t\t\t\t<\/div>\n\t\t\t<\/div>\n\t\t[\/vc_column][\/vc_row]<\/p>\n<\/div>","protected":false},"excerpt":{"rendered":"<p>Nordmeccanica Super Simplex SL del a\u00f1o 2006 es una plastificadora dise\u00f1ada para trabajar con adhesivos sin disolventes, con una anchura m\u00e1xima de trabajo de 1300 mm. Disponibilidad inmediata<\/p>\n","protected":false},"featured_media":386075,"comment_status":"closed","ping_status":"closed","template":"","meta":{"_acf_changed":false,"om_disable_all_campaigns":false},"year-of-production":[],"product_brand":[],"product_cat":[4064,4063],"product_tag":[4067,4069,4070,4071],"class_list":{"0":"post-386055","1":"product","2":"type-product","3":"status-publish","4":"has-post-thumbnail","6":"product_cat-laminadoras","7":"product_cat-plastificadoras-sin-disolvente","8":"product_tag-ano-2006","9":"product_tag-nordmeccanica","10":"product_tag-sin-disolvente","11":"product_tag-super-simplex-sl","13":"first","14":"instock","15":"sold-individually","16":"shipping-taxable","17":"purchasable","18":"product-type-simple"},"acf":[],"_links":{"self":[{"href":"https:\/\/cbscompany.com\/es\/wp-json\/wp\/v2\/product\/386055","targetHints":{"allow":["GET"]}}],"collection":[{"href":"https:\/\/cbscompany.com\/es\/wp-json\/wp\/v2\/product"}],"about":[{"href":"https:\/\/cbscompany.com\/es\/wp-json\/wp\/v2\/types\/product"}],"replies":[{"embeddable":true,"href":"https:\/\/cbscompany.com\/es\/wp-json\/wp\/v2\/comments?post=386055"}],"wp:featuredmedia":[{"embeddable":true,"href":"https:\/\/cbscompany.com\/es\/wp-json\/wp\/v2\/media\/386075"}],"wp:attachment":[{"href":"https:\/\/cbscompany.com\/es\/wp-json\/wp\/v2\/media?parent=386055"}],"wp:term":[{"taxonomy":"year-of-production","embeddable":true,"href":"https:\/\/cbscompany.com\/es\/wp-json\/wp\/v2\/year-of-production?post=386055"},{"taxonomy":"product_brand","embeddable":true,"href":"https:\/\/cbscompany.com\/es\/wp-json\/wp\/v2\/product_brand?post=386055"},{"taxonomy":"product_cat","embeddable":true,"href":"https:\/\/cbscompany.com\/es\/wp-json\/wp\/v2\/product_cat?post=386055"},{"taxonomy":"product_tag","embeddable":true,"href":"https:\/\/cbscompany.com\/es\/wp-json\/wp\/v2\/product_tag?post=386055"}],"curies":[{"name":"wp","href":"https:\/\/api.w.org\/{rel}","templated":true}]}}