{"id":356264,"date":"2025-08-20T14:12:49","date_gmt":"2025-08-20T13:12:49","guid":{"rendered":"https:\/\/cbscompany.com\/machines\/uncategorized\/fischer-krecke-ci-flexo-printer-model-fp-15s-8-year-2010\/"},"modified":"2025-11-25T10:43:36","modified_gmt":"2025-11-25T09:43:36","slug":"fischer-krecke-ci-flexo-printer-model-fp-15s-8-year-2010","status":"publish","type":"product","link":"https:\/\/cbscompany.com\/es\/machines\/impresoras-flexograficas\/impresoras-flexograficas-c-i-para-film\/fischer-krecke-ci-flexo-printer-model-fp-15s-8-year-2010\/","title":{"rendered":"Fischer &amp; Krecke CI flexo printer model FP 15S-8, year 2010"},"content":{"rendered":"<div class=\"wpb-content-wrapper\"><p>[vc_row content_placement=&#8221;top&#8221;][vc_column css=&#8221;.vc_custom_1532433256788{margin-right: 15px !important;}&#8221; offset=&#8221;vc_col-md-8&#8243;]\n\t\t<div id=\"wd-68a5c7259a554\" class=\"title-wrapper wd-wpb wd-set-mb reset-last-child  wd-rs-68a5c7259a554 wd-title-color-default wd-title-style-default text-left vc_custom_1755694890593 wd-underline-colored\">\n\t\t\t\n\t\t\t<div class=\"liner-continer\">\n\t\t\t\t<h4 class=\"woodmart-title-container title  wd-font-weight-600 wd-fontsize-m\" >Impresora flexogr\u00e1fica Fischer &amp; Krecke CI modelo FP 15S-8, a\u00f1o 2010<\/h4>\n\t\t\t\t\t\t\t<\/div>\n\t\t\t\n\t\t\t\n\t\t\t\n\t\t<\/div>\n\t\t\n\t\t[vc_row_inner css=&#8221;.vc_custom_1628672714565{margin-bottom: 35px !important;border-bottom-width: 0px !important;padding-bottom: 25px !important;border-bottom-color: rgba(129,129,129,0.2) !important;border-bottom-style: solid !important;}&#8221; row_reverse_mobile=&#8221;0&#8243; row_reverse_tablet=&#8221;0&#8243;][vc_column_inner width=&#8221;1\/2&#8243; css=&#8221;.vc_custom_1532346102929{padding-top: 0px !important;}&#8221;][vc_column_text css=&#8221;&#8221; woodmart_inline=&#8221;no&#8221; text_larger=&#8221;no&#8221;]<\/p>\n<ul>\n<li aria-level=\"1\"><b>Marca: Fischer &amp; Krecke<\/b><\/li>\n<li aria-level=\"1\"><b>Modelo: FP 15S-8<\/b><\/li>\n<li aria-level=\"1\"><b>A\u00f1o: 2010<\/b><\/li>\n<li aria-level=\"1\"><b>8 colores<\/b><\/li>\n<li aria-level=\"1\"><b>Tipo:<\/b><span style=\"font-weight: 400;\"> Tambor central, sin engranaje<\/span><\/li>\n<li aria-level=\"1\"><span style=\"font-weight: 400;\">Anchura m\u00e1xima del material: 1300 mm<\/span><\/li>\n<li aria-level=\"1\"><span style=\"font-weight: 400;\">Anchura m\u00e1xima de impresi\u00f3n: 1250 mm<\/span><\/li>\n<li aria-level=\"1\"><span style=\"font-weight: 400;\">Repetici\u00f3n de impresi\u00f3n: 320-880 mm<\/span><\/li>\n<li aria-level=\"1\"><span style=\"font-weight: 400;\">M\u00edn 320 mm con ejes de acero \u00d889.293 mm<\/span><\/li>\n<li aria-level=\"1\"><span style=\"font-weight: 400;\">M\u00e1x. 880 mm con adaptador de manguito<\/span><\/li>\n<li aria-level=\"1\"><b>Velocidad mec\u00e1nica<\/b><span style=\"font-weight: 400;\"> 400 m\/min<\/span><\/li>\n<li aria-level=\"1\"><b>Controles y registro:<\/b><\/li>\n<li aria-level=\"1\"><span style=\"font-weight: 400;\">Reimpresi\u00f3n anverso\/reverso con control de registro<\/span><\/li>\n<li aria-level=\"1\"><span style=\"font-weight: 400;\">Control de registro longitudinal y transversal<\/span><\/li>\n<li aria-level=\"1\"><span style=\"font-weight: 400;\">Posicionamiento de la unidad de impresi\u00f3n: manual (autom\u00e1tico a restaurar)<\/span><\/li>\n<li aria-level=\"1\"><span style=\"font-weight: 400;\">Calibraci\u00f3n del eje de la placa: Sistema hidr\u00e1ulico Fischer<\/span><\/li>\n<li aria-level=\"1\"><span style=\"font-weight: 400;\">Montador de placas GPS 2011 con lectura\/escritura RFID, sensores de presi\u00f3n y software de divisi\u00f3n angular<\/span><\/li>\n<li aria-level=\"1\"><span style=\"font-weight: 400;\">Sistema P2P de presi\u00f3n autom\u00e1tica (a reactivar)<\/span><\/li>\n<li aria-level=\"1\"><b>Materiales imprimibles:<\/b><span style=\"font-weight: 400;\">PE: 25-150 \u00b5m BOPP: 12-50 \u00b5m PET: 10-70 \u00b5m BOPA: 15-50 \u00b5m PA: 15-50 \u00b5m, Pel\u00edculas metalizadas: 12-70 \u00b5m, Papel: 30-120 g\/m<\/span><\/li>\n<li aria-level=\"1\"><b>Tintas:<\/b><span style=\"font-weight: 400;\"> Con base de disolvente<\/span><\/li>\n<li aria-level=\"1\"><b>Sistema de impresi\u00f3n:<\/b><span style=\"font-weight: 400;\">Tambor central motorizado, cilindros de impresi\u00f3n y anilox<\/span><\/li>\n<li aria-level=\"1\"><span style=\"font-weight: 400;\">Enfriador para tambor central (18 kW, unidad independiente)<\/span><\/li>\n<li aria-level=\"1\"><span style=\"font-weight: 400;\">Sistema de entintado: una sola bomba por color, muy fiable, sin efecto fantasma<\/span><\/li>\n<li aria-level=\"1\"><span style=\"font-weight: 400;\">8 bombas neum\u00e1ticas de diafragma Yamada de 1\u00bc&#8221; (1 por color + lavado)<\/span><\/li>\n<li aria-level=\"1\"><span style=\"font-weight: 400;\">1 bomba para viscos\u00edmetros<\/span><\/li>\n<li aria-level=\"1\"><span style=\"font-weight: 400;\">2 bombas para el desag\u00fce del lavado<\/span><\/li>\n<li aria-level=\"1\"><span style=\"font-weight: 400;\">Cuchilla: sistema de doble c\u00e1mara (cerrada)<\/span><\/li>\n<li aria-level=\"1\"><b>Secado y calentamiento:<\/b><\/li>\n<li aria-level=\"1\"><span style=\"font-weight: 400;\">Cajones Intercolor + t\u00fanel<\/span><\/li>\n<li aria-level=\"1\"><span style=\"font-weight: 400;\">Calefacci\u00f3n: Gas GLP<\/span><\/li>\n<li aria-level=\"1\"><span style=\"font-weight: 400;\">Recirculaci\u00f3n de aire caliente (ajuste manual ~50%)<\/span><\/li>\n<\/ul>\n<p>[\/vc_column_text][\/vc_column_inner][vc_column_inner width=&#8221;1\/2&#8243; css=&#8221;.vc_custom_1532346106600{padding-top: 0px !important;}&#8221;][vc_column_text css=&#8221;&#8221; woodmart_inline=&#8221;no&#8221; text_larger=&#8221;no&#8221;]<\/p>\n<ul>\n<li style=\"font-weight: 400;\" aria-level=\"1\"><b>Desbobinador y rebobinador:<\/b><\/li>\n<li style=\"font-weight: 400;\" aria-level=\"1\"><span style=\"font-weight: 400;\">Configuraci\u00f3n cara a cara<\/span><\/li>\n<li style=\"font-weight: 400;\" aria-level=\"1\"><span style=\"font-weight: 400;\">Tipo: Rev\u00f3lver<\/span><\/li>\n<li style=\"font-weight: 400;\" aria-level=\"1\"><span style=\"font-weight: 400;\">Di\u00e1metro m\u00e1ximo de la bobina \u00d81020 mm<\/span><\/li>\n<li style=\"font-weight: 400;\" aria-level=\"1\"><span style=\"font-weight: 400;\">Ejes extensibles:<\/span><\/li>\n<li style=\"font-weight: 400;\" aria-level=\"1\"><span style=\"font-weight: 400;\">Desbobinador: 4 \u00d7 6&#8243;, 2 \u00d7 3&#8243;<\/span><\/li>\n<li style=\"font-weight: 400;\" aria-level=\"1\"><span style=\"font-weight: 400;\">Rebobinador: 2 \u00d7 3&#8243;, 4 \u00d7 6&#8243;.<\/span><\/li>\n<li style=\"font-weight: 400;\" aria-level=\"1\"><span style=\"font-weight: 400;\">Tensi\u00f3n en la red:<\/span><\/li>\n<li style=\"font-weight: 400;\" aria-level=\"1\"><span style=\"font-weight: 400;\">Desenrollador: 25-250 N<\/span><\/li>\n<li style=\"font-weight: 400;\" aria-level=\"1\"><span style=\"font-weight: 400;\">Rebobinador: 35-350 N<\/span><\/li>\n<li style=\"font-weight: 400;\" aria-level=\"1\"><b>Mangas y placas:<\/b><\/li>\n<li style=\"font-weight: 400;\" aria-level=\"1\"><span style=\"font-weight: 400;\">8 mangas anilox \u00d8162 mm \u00d7 510 mm<\/span><\/li>\n<li style=\"font-weight: 400;\" aria-level=\"1\"><span style=\"font-weight: 400;\">80 mangas de clich\u00e9<\/span><\/li>\n<li style=\"font-weight: 400;\" aria-level=\"1\"><span style=\"font-weight: 400;\">10 fundas Rossini (1285 mm de ancho de impresi\u00f3n), incl. 8 casi nuevas de formato 880 mm <\/span><\/li>\n<li style=\"font-weight: 400;\" aria-level=\"1\"><span style=\"font-weight: 400;\">Adaptadores para portaplacas \u00d8117 mm y \u00d8159 mm<\/span><\/li>\n<li style=\"font-weight: 400;\" aria-level=\"1\"><span style=\"font-weight: 400;\">Capacidad para manguitos de goma continuos sin deslizamiento<\/span><\/li>\n<li style=\"font-weight: 400;\" aria-level=\"1\"><b>Caracter\u00edsticas adicionales:<\/b><\/li>\n<li style=\"font-weight: 400;\" aria-level=\"1\"><span style=\"font-weight: 400;\">2 gu\u00edas web BST para una inspecci\u00f3n del 100<\/span><\/li>\n<li style=\"font-weight: 400;\" aria-level=\"1\"><span style=\"font-weight: 400;\">Sistema de v\u00eddeo matricial BST<\/span><\/li>\n<li style=\"font-weight: 400;\" aria-level=\"1\"><span style=\"font-weight: 400;\">Tratamiento Corona motorizado  <\/span><\/li>\n<li style=\"font-weight: 400;\" aria-level=\"1\"><span style=\"font-weight: 400;\">Sistema de gu\u00eda de cantos<\/span><\/li>\n<li style=\"font-weight: 400;\" aria-level=\"1\"><span style=\"font-weight: 400;\">Barra de LED para iluminar unidades de impresi\u00f3n<\/span><\/li>\n<li style=\"font-weight: 400;\" aria-level=\"1\"><span style=\"font-weight: 400;\">Viscos\u00edmetros Fasnacht (revisado 2025)<\/span><\/li>\n<li style=\"font-weight: 400;\" aria-level=\"1\"><span style=\"font-weight: 400;\">A prueba de explosiones (sensor LEL)<\/span><\/li>\n<li style=\"font-weight: 400;\" aria-level=\"1\"><span style=\"font-weight: 400;\">Ajuste del desplazamiento del paso de impresi\u00f3n en acortamiento\/alargamiento (&gt;1% de la repetici\u00f3n de la manga)<\/span><\/li>\n<li style=\"font-weight: 400;\" aria-level=\"1\"><span style=\"font-weight: 400;\">Registro longitudinal motorizado: longitudinal y transversal<\/span><\/li>\n<li style=\"font-weight: 400;\" aria-level=\"1\"><span style=\"font-weight: 400;\">Capacidad para trabajar con mangas de diferentes repeticiones simult\u00e1neamente<\/span><\/li>\n<li style=\"font-weight: 400;\" aria-level=\"1\"><b>Energ\u00eda y servicios p\u00fablicos:<\/b><span style=\"font-weight: 400;\">Suministro el\u00e9ctrico: 400 V, 50 Hz, trif\u00e1sica, 250 KVA, 360 A, Suministro de aire comprimido: 6 bar<\/span><\/li>\n<li style=\"font-weight: 400;\" aria-level=\"1\"><b>Certificaci\u00f3n:<\/b><span style=\"font-weight: 400;\"> CE<\/span><\/li>\n<li style=\"font-weight: 400;\" aria-level=\"1\"><span style=\"font-weight: 400;\">Limpiado y parcialmente repintado en octubre de 2025<\/span><\/li>\n<li style=\"font-weight: 400;\" aria-level=\"1\"><span style=\"font-weight: 400;\">Visible en producci\u00f3n<\/span><\/li>\n<li style=\"font-weight: 400;\" aria-level=\"1\"><span style=\"font-weight: 400;\">Disponibilidad: Noviembre de 2025<\/span><\/li>\n<\/ul>\n<p>[\/vc_column_text][\/vc_column_inner][\/vc_row_inner][\/vc_column][vc_column offset=&#8221;vc_col-md-4&#8243;]\t\t\t<div class=\"info-box-wrapper\">\n\t\t\t\t<div id=\"wd-68a5c72e732fc\" class=\" wd-rs-68a5c72e732fc wd-info-box wd-wpb text-left box-icon-align-left box-style-shadow color-scheme- wd-bg-none wd-off-anim wpb_animate_when_almost_visible wpb_bounceIn bounceIn wd-anim-name_bounceIn wd-items-top \">\n\t\t\t\t\t\t\t\t\t\t<div class=\"info-box-content\">\n\t\t\t\t\t\t<div class=\"info-box-subtitle subtitle-color-default wd-fontsize-xs subtitle-style-default\">Acerca de la impresora flexogr\u00e1fica CI de Fischer &amp; Krecke modelo FP 15S-8, a\u00f1o 2010<\/div><h4 class=\"info-box-title title box-title-style-default wd-fontsize-m\">Informaci\u00f3n sobre la ubicaci\u00f3n<\/h4>\t\t\t\t\t\t<div class=\"info-box-inner reset-last-child\"><p>Disponible en la regi\u00f3n: <strong style=\"color: blue;\"><a href=\/my-account\/?redirect_to=\/es\/wp-json\/wp\/v2\/product\/356264 class=simplemodal-login>Log in to see location<\/a><\/strong><\/p>\n<\/div>\n\n\t\t\t\t\t\t\t\t\t\t\t<\/div>\n\n\t\t\t\t\t\n\t\t\t\t\t<style>#wd-68a5c72e732fc .info-box-icon {background-color:  !important;}<\/style>\t\t\t\t<\/div>\n\t\t\t<\/div>\n\t\t[\/vc_column][\/vc_row]<\/p>\n<\/div>","protected":false},"excerpt":{"rendered":"<p>El modelo FP 15S-8 de Fischer &amp; Krecke es una impresora flexogr\u00e1fica CI, dise\u00f1ada para trabajar tanto en pel\u00edcula como en papel con 8 colores. Est\u00e1 equipada con   <span style=\"font-weight: 400;\">GPS montador de placas a\u00f1o 2011 y 2 gu\u00edas web BST para inspecci\u00f3n al 100%. En muy buen estado <\/span><\/p>\n","protected":false},"featured_media":356295,"comment_status":"closed","ping_status":"closed","template":"","meta":{"_acf_changed":false,"om_disable_all_campaigns":false},"year-of-production":[],"product_brand":[],"product_cat":[3766,3765,3773],"product_tag":[3767,3768,3772,3771,3774,3769,3770],"class_list":{"0":"post-356264","1":"product","2":"type-product","3":"status-publish","4":"has-post-thumbnail","6":"product_cat-impresoras-flexograficas","7":"product_cat-impresoras-flexograficas-c-i-para-film","8":"product_cat-impresoras-flexograficas-c-i-para-papel","9":"product_tag-8-colores","10":"product_tag-ano-2010","11":"product_tag-fk","12":"product_tag-fischerkrecke","13":"product_tag-fp-15s-8","14":"product_tag-sin-engranajes","15":"product_tag-tambor-central","17":"first","18":"instock","19":"sold-individually","20":"shipping-taxable","21":"purchasable","22":"product-type-simple"},"acf":[],"_links":{"self":[{"href":"https:\/\/cbscompany.com\/es\/wp-json\/wp\/v2\/product\/356264","targetHints":{"allow":["GET"]}}],"collection":[{"href":"https:\/\/cbscompany.com\/es\/wp-json\/wp\/v2\/product"}],"about":[{"href":"https:\/\/cbscompany.com\/es\/wp-json\/wp\/v2\/types\/product"}],"replies":[{"embeddable":true,"href":"https:\/\/cbscompany.com\/es\/wp-json\/wp\/v2\/comments?post=356264"}],"wp:featuredmedia":[{"embeddable":true,"href":"https:\/\/cbscompany.com\/es\/wp-json\/wp\/v2\/media\/356295"}],"wp:attachment":[{"href":"https:\/\/cbscompany.com\/es\/wp-json\/wp\/v2\/media?parent=356264"}],"wp:term":[{"taxonomy":"year-of-production","embeddable":true,"href":"https:\/\/cbscompany.com\/es\/wp-json\/wp\/v2\/year-of-production?post=356264"},{"taxonomy":"product_brand","embeddable":true,"href":"https:\/\/cbscompany.com\/es\/wp-json\/wp\/v2\/product_brand?post=356264"},{"taxonomy":"product_cat","embeddable":true,"href":"https:\/\/cbscompany.com\/es\/wp-json\/wp\/v2\/product_cat?post=356264"},{"taxonomy":"product_tag","embeddable":true,"href":"https:\/\/cbscompany.com\/es\/wp-json\/wp\/v2\/product_tag?post=356264"}],"curies":[{"name":"wp","href":"https:\/\/api.w.org\/{rel}","templated":true}]}}